{"id":689198,"date":"2025-08-27T13:10:01","date_gmt":"2025-08-27T10:10:01","guid":{"rendered":"https:\/\/roveyayinevi.com.tr\/index.php\/urun\/mahserin-dorduncu-atlisi\/"},"modified":"2026-04-16T01:58:46","modified_gmt":"2026-04-15T22:58:46","slug":"mahserin-dorduncu-atlisi","status":"publish","type":"product","link":"https:\/\/roveyayinevi.com.tr\/index.php\/urun\/mahserin-dorduncu-atlisi\/","title":{"rendered":"Mah\u015ferin D\u00f6rd\u00fcnc\u00fc Atl\u0131s\u0131"},"content":{"rendered":"<p>Veba, k\u0131z\u0131l, k\u0131zam\u0131k, \u00e7i\u00e7ek gibi salg\u0131n hastal\u0131klar ve k\u0131tl\u0131k, kurakl\u0131k gibi felaketler tarih boyunca milyonlarca ki\u015finin \u00f6l\u00fcm\u00fcne neden olmu\u015f, yenilmez san\u0131lan ordular\u0131 durdurmu\u015f, toplumsal ili\u015fkilerimizi, yak\u0131nlar\u0131m\u0131za, sevgilimize kar\u015f\u0131 davran\u0131\u015flar\u0131m\u0131z\u0131 bi\u00e7imlendirmi\u015ftir. Ne var ki bu kitlesel \u00f6l\u00fcmler durduk yerde, kendili\u011finden ba\u015flamam\u0131\u015f, salg\u0131n hastal\u0131klar davetsiz misafir gibi aram\u0131za girmemi\u015ftir; mikroplar\u0131n \u201ckitlesel \u00f6l\u00fcmlere yol a\u00e7an canavar\u201d rol\u00fcn\u00fc \u00fcstlenmeleri i\u00e7in insanlar ellerinden geleni yapm\u0131\u015flar, \u00f6l\u00fcmler ba\u015flad\u0131ktan sonra ise hi\u00e7bir \u015fey yapamam\u0131\u015flard\u0131r. Bakteriler ve mikroplar a\u00e7\u0131s\u0131ndan bir d\u00fcnya tarihi niteli\u011findeki Mah\u015ferin D\u00f6rd\u00fcnc\u00fc Atl\u0131s\u0131\u2019nda Andrew Nikiforuk, toplumsal hayat\u0131n hastal\u0131klarla yak\u0131n ili\u015fkisini \u00e7evreci bir bak\u0131\u015fla inceliyor, d\u00fcnyam\u0131z\u0131n en eski sakinleri olan mikro-organizmalarla bar\u0131\u015f yapmam\u0131z\u0131 \u00f6neriyor. \u201cModern insan ne kadar u\u011fra\u015f\u0131rsa u\u011fra\u015fs\u0131n, ne \u00fcstorganizmay\u0131 yenebilir, ne D\u00f6rd\u00fcnc\u00fc Atl\u0131\u2019y\u0131 kand\u0131rabilir, ne de salg\u0131nlar\u0131n tarihteki diren\u00e7li varl\u0131\u011f\u0131n\u0131 ink\u00e2r edebilir. Birinci Atl\u0131\u2019n\u0131n, Umut\u2019un ebedi nal seslerine de kulaklar\u0131n\u0131 t\u0131kayamaz.\u201d ANDREW NIKIFORUK \u201cSars\u0131c\u0131, renkli bir eser.\u201d THE OBSERVER \u201cSalg\u0131n hastal\u0131klar\u0131n tarihi hakk\u0131nda ola\u011fan\u00fcst\u00fc bir kitap&#8230; S\u0131rad\u0131\u015f\u0131 ve ayd\u0131nlat\u0131c\u0131.\u201d NEW SCIENTIST <\/p>\n","protected":false},"excerpt":{"rendered":"<p>Veba, k\u0131z\u0131l, k\u0131zam\u0131k, \u00e7i\u00e7ek gibi salg\u0131n hastal\u0131klar ve k\u0131tl\u0131k, kurakl\u0131k gibi felaketler tarih boyunca milyonlarca ki\u015finin \u00f6l\u00fcm\u00fcne neden olmu\u015f, yenilmez san\u0131lan ordular\u0131 durdurmu\u015f, toplumsal ili\u015fkilerimizi, yak\u0131nlar\u0131m\u0131za,<span class=\"excerpt-hellip\"> [\u2026]<\/span><\/p>\n","protected":false},"featured_media":0,"template":"","meta":{"_monsterinsights_skip_tracking":false,"_monsterinsights_sitenote_active":false,"_monsterinsights_sitenote_note":"","_monsterinsights_sitenote_category":0},"product_brand":[],"product_cat":[12312,12304],"product_tag":[],"class_list":{"0":"post-689198","1":"product","2":"type-product","3":"status-publish","5":"product_cat-diger","6":"product_cat-tarih","7":"pa_cilt-ciltsiz","8":"pa_tur-kitap","9":"pa_yayinevi-iletisim-yayinlari","10":"pa_yazar-andrew-nikiforuk","12":"first","13":"instock","14":"sale","15":"shipping-taxable","16":"purchasable","17":"product-type-simple"},"_links":{"self":[{"href":"https:\/\/roveyayinevi.com.tr\/index.php\/wp-json\/wp\/v2\/product\/689198","targetHints":{"allow":["GET"]}}],"collection":[{"href":"https:\/\/roveyayinevi.com.tr\/index.php\/wp-json\/wp\/v2\/product"}],"about":[{"href":"https:\/\/roveyayinevi.com.tr\/index.php\/wp-json\/wp\/v2\/types\/product"}],"wp:attachment":[{"href":"https:\/\/roveyayinevi.com.tr\/index.php\/wp-json\/wp\/v2\/media?parent=689198"}],"wp:term":[{"taxonomy":"product_brand","embeddable":true,"href":"https:\/\/roveyayinevi.com.tr\/index.php\/wp-json\/wp\/v2\/product_brand?post=689198"},{"taxonomy":"product_cat","embeddable":true,"href":"https:\/\/roveyayinevi.com.tr\/index.php\/wp-json\/wp\/v2\/product_cat?post=689198"},{"taxonomy":"product_tag","embeddable":true,"href":"https:\/\/roveyayinevi.com.tr\/index.php\/wp-json\/wp\/v2\/product_tag?post=689198"}],"curies":[{"name":"wp","href":"https:\/\/api.w.org\/{rel}","templated":true}]}}