{"id":689196,"date":"2025-08-27T13:10:00","date_gmt":"2025-08-27T10:10:00","guid":{"rendered":"https:\/\/roveyayinevi.com.tr\/index.php\/urun\/din-hayattan-cikar-antropolojik-denemeler\/"},"modified":"2026-04-16T01:58:46","modified_gmt":"2026-04-15T22:58:46","slug":"din-hayattan-cikar-antropolojik-denemeler","status":"publish","type":"product","link":"https:\/\/roveyayinevi.com.tr\/index.php\/urun\/din-hayattan-cikar-antropolojik-denemeler\/","title":{"rendered":"Din Hayattan \u00c7\u0131kar: Antropolojik Denemeler"},"content":{"rendered":"<p>Ramazan ay\u0131 geldi\u011finde memleketin en \u00e7arp\u0131c\u0131 motiflerinden birini, iftardan sonra cami minareleri aras\u0131nda yanan mahyalar olu\u015fturur. Yaz\u0131yla \u0131\u015f\u0131\u011f\u0131 birle\u015ftiren mahyalardan yay\u0131lan deyi\u015flerden biri, \u00e7ocuklu\u011fumdan beri hi\u00e7 de\u011fi\u015fmeden her y\u0131l yeniden belirir.  Din hayatt\u0131r  diye bir ay boyunca minarelerin aras\u0131ndan sokaklara ak\u0131p duran bu deyi\u015f, garip bir \u015fekilde hem huzur hem de tatl\u0131 bir \u00fcrperti verir insana&#8230; \u0130nanan bir kalbin ve zihnin sesidir bu. Hayat\u0131n dinden, onun \u2018\u00f6znesi\u2019nden kaynakland\u0131\u011f\u0131n\u0131 anlat\u0131r. Hayat, \u201899 g\u00fczel ismi\u2019nden biri de \u2018Hayy\u2019 olan Allah\u2019tan \u00e7\u0131kar. B\u00f6yle inan\u0131l\u0131r ve d\u00fc\u015f\u00fcn\u00fcl\u00fcr. Ama \u2018akt\u00fcel\u2019 olana ili\u015fkin g\u00f6zlemler, hayat\u0131 dine ba\u011flayan bu bak\u0131\u015f\u0131n tersine d\u00fc\u015f\u00fcnmeye k\u0131\u015fk\u0131rt\u0131r insan\u0131. Ne ayn\u0131 toprak \u00fczerinde eskiden ya\u015fanan din \u015fimdikine benzer, ne de iki ayr\u0131 yerde ya\u015fanan \u2018ayn\u0131\u2019 din birbirine benzer. Zaman ve mek\u00e2ndaki farkl\u0131 hayat bi\u00e7imleri dinsel ya\u015fant\u0131y\u0131 belirler, ona yeni bi\u00e7imlenmeler kazand\u0131r\u0131r. Hayat dinden de\u011fil, din hayattan \u00e7\u0131kar. Bu kitap, dinin hayattan \u00e7\u0131kt\u0131\u011f\u0131na, \u2018insan\u0131n dini yapt\u0131\u011f\u0131\u2019na \u2018inanan\u2019 antropolojik bir bak\u0131\u015f a\u00e7\u0131s\u0131n\u0131n \u00fcr\u00fcn\u00fc. <\/p>\n","protected":false},"excerpt":{"rendered":"<p>Ramazan ay\u0131 geldi\u011finde memleketin en \u00e7arp\u0131c\u0131 motiflerinden birini, iftardan sonra cami minareleri aras\u0131nda yanan mahyalar olu\u015fturur. Yaz\u0131yla \u0131\u015f\u0131\u011f\u0131 birle\u015ftiren mahyalardan yay\u0131lan deyi\u015flerden biri, \u00e7ocuklu\u011fumdan beri hi\u00e7<span class=\"excerpt-hellip\"> [\u2026]<\/span><\/p>\n","protected":false},"featured_media":0,"template":"","meta":{"_monsterinsights_skip_tracking":false,"_monsterinsights_sitenote_active":false,"_monsterinsights_sitenote_note":"","_monsterinsights_sitenote_category":0},"product_brand":[],"product_cat":[12835,12324],"product_tag":[],"class_list":{"0":"post-689196","1":"product","2":"type-product","3":"status-publish","5":"product_cat-genel-sosyoloji","6":"product_cat-sosyoloji","7":"pa_cilt-ciltsiz","8":"pa_tur-kitap","9":"pa_yayinevi-iletisim-yayinlari","10":"pa_yazar-tayfun-atay","12":"first","13":"instock","14":"sale","15":"shipping-taxable","16":"purchasable","17":"product-type-simple"},"_links":{"self":[{"href":"https:\/\/roveyayinevi.com.tr\/index.php\/wp-json\/wp\/v2\/product\/689196","targetHints":{"allow":["GET"]}}],"collection":[{"href":"https:\/\/roveyayinevi.com.tr\/index.php\/wp-json\/wp\/v2\/product"}],"about":[{"href":"https:\/\/roveyayinevi.com.tr\/index.php\/wp-json\/wp\/v2\/types\/product"}],"wp:attachment":[{"href":"https:\/\/roveyayinevi.com.tr\/index.php\/wp-json\/wp\/v2\/media?parent=689196"}],"wp:term":[{"taxonomy":"product_brand","embeddable":true,"href":"https:\/\/roveyayinevi.com.tr\/index.php\/wp-json\/wp\/v2\/product_brand?post=689196"},{"taxonomy":"product_cat","embeddable":true,"href":"https:\/\/roveyayinevi.com.tr\/index.php\/wp-json\/wp\/v2\/product_cat?post=689196"},{"taxonomy":"product_tag","embeddable":true,"href":"https:\/\/roveyayinevi.com.tr\/index.php\/wp-json\/wp\/v2\/product_tag?post=689196"}],"curies":[{"name":"wp","href":"https:\/\/api.w.org\/{rel}","templated":true}]}}