{"id":689194,"date":"2025-08-27T13:10:00","date_gmt":"2025-08-27T10:10:00","guid":{"rendered":"https:\/\/roveyayinevi.com.tr\/index.php\/urun\/yagmur-beklerken\/"},"modified":"2026-04-16T01:58:46","modified_gmt":"2026-04-15T22:58:46","slug":"yagmur-beklerken","status":"publish","type":"product","link":"https:\/\/roveyayinevi.com.tr\/index.php\/urun\/yagmur-beklerken\/","title":{"rendered":"Ya\u011fmur Beklerken"},"content":{"rendered":"<p>T\u00fcrkiye Cumhuriyeti\u2019nin kurulu\u015f d\u00f6neminin ilk safhas\u0131n\u0131 noktalayan Serbest F\u0131rka denemesi&#8230; 1929 b\u00fcy\u00fck ekonomik buhran\u0131 ve buna e\u015flik eden a\u011f\u0131r kurakl\u0131k tehlikesi. \u015eeyh Sait ve ilk Dersim isyanlar\u0131 bast\u0131r\u0131lm\u0131\u015f, Takrir-i S\u00fck\u00fbn yasalar\u0131 ile her t\u00fcr muhalefet ezilmi\u015f, da\u011f\u0131t\u0131lm\u0131\u015f, Atat\u00fcrk devrimleri y\u00fcr\u00fcrl\u00fc\u011fe girmi\u015ftir. Ya\u011fmur Beklerken\u2019de Tar\u0131k Bu\u011fra Serbest F\u0131rka denemesi\/giri\u015fimi ekseninde b\u00fct\u00fcn bu geli\u015fmelerin Anadolu ta\u015fras\u0131ndaki sonu\u00e7 ve yans\u0131malar\u0131n\u0131 konu edinirken asl\u0131nda on y\u0131ll\u0131k Cumhuriyet\u2019in bir bilan\u00e7osunu da yapmaktad\u0131r. 1946-50\u2019de DP\u2019yi zafere ta\u015f\u0131yacak hareketin ipu\u00e7lar\u0131, bu hareketin oda\u011f\u0131nda yer alan sa\u011f\/muhafazak\u00e2r zihniyetin devlet, demokrasi, parti&#8230; kavramlar\u0131n\u0131n sosyo-politi\u011fi, psikolojisi, Ya\u011fmur Beklerken\u2019in o alabildi\u011fine ger\u00e7ek\u00e7i, canl\u0131 ta\u015fra tipleri ve diyaloglar\u0131 i\u00e7erisine gayet ustaca serpi\u015ftirilmi\u015ftir. Bu haliyle bu kitap, sadece Serbest F\u0131rka\u2019n\u0131n kapat\u0131lmas\u0131 \u00f6ncesi T\u00fcrkiye ta\u015fras\u0131n\u0131n de\u011fil, darbeler \u00f6ncesi T\u00fcrkiye\u2019nin sa\u011f\/muhafazak\u00e2r g\u00f6zden g\u00f6r\u00fcn\u00fcm\u00fc olarak da okunabilir. \ufffcTan\u0131t\u0131m Metni<\/p>\n","protected":false},"excerpt":{"rendered":"<p>T\u00fcrkiye Cumhuriyeti\u2019nin kurulu\u015f d\u00f6neminin ilk safhas\u0131n\u0131 noktalayan Serbest F\u0131rka denemesi&#8230; 1929 b\u00fcy\u00fck ekonomik buhran\u0131 ve buna e\u015flik eden a\u011f\u0131r kurakl\u0131k tehlikesi. \u015eeyh Sait ve ilk Dersim<span class=\"excerpt-hellip\"> [\u2026]<\/span><\/p>\n","protected":false},"featured_media":0,"template":"","meta":{"_monsterinsights_skip_tracking":false,"_monsterinsights_sitenote_active":false,"_monsterinsights_sitenote_note":"","_monsterinsights_sitenote_category":0},"product_brand":[],"product_cat":[12304,13493],"product_tag":[],"class_list":{"0":"post-689194","1":"product","2":"type-product","3":"status-publish","5":"product_cat-tarih","6":"product_cat-turkiye-ve-cumhuriyet-tarihi","7":"pa_cilt-ciltsiz","8":"pa_tur-kitap","9":"pa_yayinevi-iletisim-yayinlari","10":"pa_yazar-tarik-bugra","12":"first","13":"instock","14":"sale","15":"shipping-taxable","16":"purchasable","17":"product-type-simple"},"_links":{"self":[{"href":"https:\/\/roveyayinevi.com.tr\/index.php\/wp-json\/wp\/v2\/product\/689194","targetHints":{"allow":["GET"]}}],"collection":[{"href":"https:\/\/roveyayinevi.com.tr\/index.php\/wp-json\/wp\/v2\/product"}],"about":[{"href":"https:\/\/roveyayinevi.com.tr\/index.php\/wp-json\/wp\/v2\/types\/product"}],"wp:attachment":[{"href":"https:\/\/roveyayinevi.com.tr\/index.php\/wp-json\/wp\/v2\/media?parent=689194"}],"wp:term":[{"taxonomy":"product_brand","embeddable":true,"href":"https:\/\/roveyayinevi.com.tr\/index.php\/wp-json\/wp\/v2\/product_brand?post=689194"},{"taxonomy":"product_cat","embeddable":true,"href":"https:\/\/roveyayinevi.com.tr\/index.php\/wp-json\/wp\/v2\/product_cat?post=689194"},{"taxonomy":"product_tag","embeddable":true,"href":"https:\/\/roveyayinevi.com.tr\/index.php\/wp-json\/wp\/v2\/product_tag?post=689194"}],"curies":[{"name":"wp","href":"https:\/\/api.w.org\/{rel}","templated":true}]}}