{"id":689193,"date":"2025-08-27T13:10:00","date_gmt":"2025-08-27T10:10:00","guid":{"rendered":"https:\/\/roveyayinevi.com.tr\/index.php\/urun\/dostoyevski-biyografi\/"},"modified":"2026-04-16T01:58:46","modified_gmt":"2026-04-15T22:58:46","slug":"dostoyevski-biyografi","status":"publish","type":"product","link":"https:\/\/roveyayinevi.com.tr\/index.php\/urun\/dostoyevski-biyografi\/","title":{"rendered":"Dostoyevski-Biyografi"},"content":{"rendered":"<p>Fyodor Mihailovi\u00e7 Dostoyevski, edebiyat otoritelerinin d\u00fcnyan\u0131n en b\u00fcy\u00fck romanc\u0131lar\u0131 aras\u0131nda ba\u015f s\u0131raya yerle\u015ftirdi\u011fi bir isim. Eserleriyle modern psikolojinin geli\u015fimine kap\u0131 aralad\u0131\u011f\u0131 gibi, 20. y\u00fczy\u0131l edebiyat\u0131na da damgas\u0131n\u0131 vurmu\u015f; ancak birka\u00e7 ku\u015fa\u011f\u0131n katedece\u011fi fikr\u00ee mesafeyi ve de\u011fi\u015fimi bir insan ya\u015fam\u0131na s\u0131\u011fd\u0131rabilmi\u015f m\u00fcstesna bir ki\u015filik. Kimilerine g\u00f6re deli, kimilerine g\u00f6re bir d\u00e2hi&#8230; \u00c7a\u011fda\u015f\u0131 Turgenyev\u2019e g\u00f6re \u2018\u2018al\u00e7ak\u2019\u2019 bir insan, Freud\u2019a g\u00f6reyse bir \u2018\u2018baba katili\u2019\u2019&#8230; Hi\u00e7 \u015f\u00fcphe yok ki, eseriyle oldu\u011fu kadar karakteriyle de tart\u0131\u015fmalara konu olmu\u015f ve ufuk a\u00e7m\u0131\u015f bir yazar. Henri Troyat\u2019n\u0131n kaleme ald\u0131\u011f\u0131 bu biyografide, Dostoyevski\u2019nin eserlerine konu olan felsefi, ahlaki ve psikolojik tart\u0131\u015fmalar\u0131n, yazar\u0131n hayat\u0131ndaki izd\u00fc\u015f\u00fcmlerini\/\u00e7\u0131k\u0131\u015f noktalar\u0131n\u0131 buluyoruz. \u00d6zellikle \u00e7ocukluk ve gen\u00e7lik y\u0131llar\u0131n\u0131 karabasana d\u00f6n\u00fc\u015ft\u00fcren \u2018\u2018zalim baba\u2019\u2019 fig\u00fcr\u00fcn\u00fcn, yazar\u0131n hayat\u0131 boyunca mustarip oldu\u011fu epilepsi hastal\u0131\u011f\u0131n\u0131n, Sibirya s\u00fcrg\u00fcn\u00fcnde tamamlad\u0131\u011f\u0131 d\u00f6rt y\u0131ll\u0131k k\u00fcrek mahk\u00fbmiyetinin, sonradan kar\u0131s\u0131 olacak Mari Dimitriyevna \u0130ssayev\u2019e kar\u015f\u0131 besledi\u011fi imk\u00e2ns\u0131z a\u015fk\u0131n, tekrar tekrar tuza\u011f\u0131na d\u00fc\u015ft\u00fc\u011f\u00fc kumar iptilas\u0131n\u0131n ve nihayet 19. y\u00fczy\u0131l Rus edebiyat \u00e7evreleriyle aras\u0131ndaki gelgitli ili\u015fkinin, Dostoyevski\u2019nin eserini nas\u0131l \u015fekillendirdi\u011fini \u00f6\u011freniyoruz. D\u00fcnyan\u0131n en usta edebiyat\u00e7\u0131s\u0131n\u0131, bir insan olarak tan\u0131mak isteyenlere&#8230; <\/p>\n","protected":false},"excerpt":{"rendered":"<p>Fyodor Mihailovi\u00e7 Dostoyevski, edebiyat otoritelerinin d\u00fcnyan\u0131n en b\u00fcy\u00fck romanc\u0131lar\u0131 aras\u0131nda ba\u015f s\u0131raya yerle\u015ftirdi\u011fi bir isim. Eserleriyle modern psikolojinin geli\u015fimine kap\u0131 aralad\u0131\u011f\u0131 gibi, 20. y\u00fczy\u0131l edebiyat\u0131na da<span class=\"excerpt-hellip\"> [\u2026]<\/span><\/p>\n","protected":false},"featured_media":0,"template":"","meta":{"_monsterinsights_skip_tracking":false,"_monsterinsights_sitenote_active":false,"_monsterinsights_sitenote_note":"","_monsterinsights_sitenote_category":0},"product_brand":[],"product_cat":[13946,12304],"product_tag":[],"class_list":{"0":"post-689193","1":"product","2":"type-product","3":"status-publish","5":"product_cat-biyografi-otobiyografi","6":"product_cat-tarih","7":"pa_cilt-ciltsiz","8":"pa_tur-kitap","9":"pa_yayinevi-iletisim-yayinlari","10":"pa_yazar-henri-troyat","12":"first","13":"instock","14":"sale","15":"shipping-taxable","16":"purchasable","17":"product-type-simple"},"_links":{"self":[{"href":"https:\/\/roveyayinevi.com.tr\/index.php\/wp-json\/wp\/v2\/product\/689193","targetHints":{"allow":["GET"]}}],"collection":[{"href":"https:\/\/roveyayinevi.com.tr\/index.php\/wp-json\/wp\/v2\/product"}],"about":[{"href":"https:\/\/roveyayinevi.com.tr\/index.php\/wp-json\/wp\/v2\/types\/product"}],"wp:attachment":[{"href":"https:\/\/roveyayinevi.com.tr\/index.php\/wp-json\/wp\/v2\/media?parent=689193"}],"wp:term":[{"taxonomy":"product_brand","embeddable":true,"href":"https:\/\/roveyayinevi.com.tr\/index.php\/wp-json\/wp\/v2\/product_brand?post=689193"},{"taxonomy":"product_cat","embeddable":true,"href":"https:\/\/roveyayinevi.com.tr\/index.php\/wp-json\/wp\/v2\/product_cat?post=689193"},{"taxonomy":"product_tag","embeddable":true,"href":"https:\/\/roveyayinevi.com.tr\/index.php\/wp-json\/wp\/v2\/product_tag?post=689193"}],"curies":[{"name":"wp","href":"https:\/\/api.w.org\/{rel}","templated":true}]}}