{"id":689192,"date":"2025-08-27T13:10:00","date_gmt":"2025-08-27T10:10:00","guid":{"rendered":"https:\/\/roveyayinevi.com.tr\/index.php\/urun\/dostoyevski\/"},"modified":"2026-04-16T01:58:46","modified_gmt":"2026-04-15T22:58:46","slug":"dostoyevski","status":"publish","type":"product","link":"https:\/\/roveyayinevi.com.tr\/index.php\/urun\/dostoyevski\/","title":{"rendered":"Dostoyevski"},"content":{"rendered":"<p>Edward Hallett Carr\u2019\u0131n Dostoyevski \u00fczerine yazd\u0131\u011f\u0131 bu kitap hem ilgin\u00e7 bir biyografi hem de \u00e7ok ba\u015far\u0131l\u0131 bir edebiyat incelemesi, roman \u00e7\u00f6z\u00fcmlemesi. \u00c7ocuklu\u011fundan ba\u015flayarak, ailesinin, \u00e7evresinin, ya\u015fant\u0131s\u0131n\u0131n eserlerine etkisini; kar\u015f\u0131la\u015ft\u0131\u011f\u0131 insanlar\u0131n hangi karakterleri esinledi\u011fini; \u00e7a\u011f\u0131n olaylar\u0131n\u0131n, d\u00fc\u015f\u00fcnce ak\u0131mlar\u0131n\u0131n etkilerini titizlikle incelemi\u015f E.H. Carr. Geni\u015f tarih bilgisi (\u00f6zellikle Rusya \u00fczerine) ve ara\u015ft\u0131rmac\u0131 ki\u015fili\u011fi bu ba\u015far\u0131n\u0131n anahtar\u0131. E.H. Carr zor olan\u0131, edebi ele\u015ftiri ile hayat hik\u00e2yesini hem dengelemeyi hem de kar\u015f\u0131l\u0131kl\u0131 etkilerini g\u00f6stermeyi ba\u015farm\u0131\u015f. Andr\u00e9 Gide \u015f\u00f6yle demi\u015fti: \u201cBir tanr\u0131yla kar\u015f\u0131la\u015faca\u011f\u0131m\u0131z\u0131 san\u0131r\u0131z; oysa bir insan; hasta, yoksul, hi\u00e7 durmadan ac\u0131 \u00e7eken bir insand\u0131r dokundu\u011fumuz.\u201d \u0130\u015fte E.H. Carr bize bunu anlatm\u0131\u015f; Dostoyevski\u2019nin hem hasta, yoksul ya\u015fant\u0131s\u0131n\u0131 hem de inan\u0131lmaz dehas\u0131n\u0131. Dostoyevski\u2019nin ki\u015filerinin hi\u00e7birinin fiziki bir \u00f6zelli\u011fi okuyucunun kafas\u0131nda yer etmez. Edebiyatta, onunkiler kadar g\u00f6z \u00f6n\u00fcne getirilmesi, canl\u0131 yarat\u0131klar olarak d\u00fc\u015f\u00fcn\u00fclmesi g\u00fc\u00e7 olan karakterler yoktur. Bu karakterlerin yarat\u0131c\u0131s\u0131n\u0131n ilgilendi\u011fi \u015fey, v\u00fccutlar\u0131 de\u011fildir, ruhlar\u0131 ve insanla arkadaki bilinmeyen karanl\u0131k ger\u00e7ek aras\u0131ndaki ili\u015fkidir. EDWARD HALLETT CARR<\/p>\n","protected":false},"excerpt":{"rendered":"<p>Edward Hallett Carr\u2019\u0131n Dostoyevski \u00fczerine yazd\u0131\u011f\u0131 bu kitap hem ilgin\u00e7 bir biyografi hem de \u00e7ok ba\u015far\u0131l\u0131 bir edebiyat incelemesi, roman \u00e7\u00f6z\u00fcmlemesi. \u00c7ocuklu\u011fundan ba\u015flayarak, ailesinin, \u00e7evresinin, ya\u015fant\u0131s\u0131n\u0131n<span class=\"excerpt-hellip\"> [\u2026]<\/span><\/p>\n","protected":false},"featured_media":0,"template":"","meta":{"_monsterinsights_skip_tracking":false,"_monsterinsights_sitenote_active":false,"_monsterinsights_sitenote_note":"","_monsterinsights_sitenote_category":0},"product_brand":[],"product_cat":[14009,12291],"product_tag":[],"class_list":{"0":"post-689192","1":"product","2":"type-product","3":"status-publish","5":"product_cat-biyografi-otobiyografi-edebiyat","6":"product_cat-edebiyat","7":"pa_cilt-ciltsiz","8":"pa_tur-kitap","9":"pa_yayinevi-iletisim-yayinlari","10":"pa_yazar-edward-hallett-carr","12":"first","13":"instock","14":"sale","15":"shipping-taxable","16":"purchasable","17":"product-type-simple"},"_links":{"self":[{"href":"https:\/\/roveyayinevi.com.tr\/index.php\/wp-json\/wp\/v2\/product\/689192","targetHints":{"allow":["GET"]}}],"collection":[{"href":"https:\/\/roveyayinevi.com.tr\/index.php\/wp-json\/wp\/v2\/product"}],"about":[{"href":"https:\/\/roveyayinevi.com.tr\/index.php\/wp-json\/wp\/v2\/types\/product"}],"wp:attachment":[{"href":"https:\/\/roveyayinevi.com.tr\/index.php\/wp-json\/wp\/v2\/media?parent=689192"}],"wp:term":[{"taxonomy":"product_brand","embeddable":true,"href":"https:\/\/roveyayinevi.com.tr\/index.php\/wp-json\/wp\/v2\/product_brand?post=689192"},{"taxonomy":"product_cat","embeddable":true,"href":"https:\/\/roveyayinevi.com.tr\/index.php\/wp-json\/wp\/v2\/product_cat?post=689192"},{"taxonomy":"product_tag","embeddable":true,"href":"https:\/\/roveyayinevi.com.tr\/index.php\/wp-json\/wp\/v2\/product_tag?post=689192"}],"curies":[{"name":"wp","href":"https:\/\/api.w.org\/{rel}","templated":true}]}}