{"id":689191,"date":"2025-08-27T13:10:00","date_gmt":"2025-08-27T10:10:00","guid":{"rendered":"https:\/\/roveyayinevi.com.tr\/index.php\/urun\/ekonomide-hizli-buyume-ve-balon-dunya-ekonomisinde-abdnin-yeri\/"},"modified":"2026-04-16T01:58:46","modified_gmt":"2026-04-15T22:58:46","slug":"ekonomide-hizli-buyume-ve-balon-dunya-ekonomisinde-abdnin-yeri","status":"publish","type":"product","link":"https:\/\/roveyayinevi.com.tr\/index.php\/urun\/ekonomide-hizli-buyume-ve-balon-dunya-ekonomisinde-abdnin-yeri\/","title":{"rendered":"Ekonomide H\u0131zl\u0131 B\u00fcy\u00fcme ve Balon: D\u00fcnya Ekonomisinde ABD&#8217;nin Yeri"},"content":{"rendered":"<p>Kapitalist d\u00f6ng\u00fcn\u00fcn ini\u015f \u00e7\u0131k\u0131\u015flar\u0131ndan ba\u011f\u0131ms\u0131z oldu\u011fu varsay\u0131lan Yeni Ekonomi 1990\u2019larda ba\u015f d\u00f6nd\u00fcr\u00fcc\u00fc bir b\u00fcy\u00fcme vaadi yarat\u0131rken, ABD\u2019nin imza att\u0131\u011f\u0131 ba\u015far\u0131lar\u0131n ileride ya\u015fanacak b\u00fcy\u00fck krizleri tetikleyece\u011fini tahmin edenler yan\u0131lmad\u0131. Yine de, bug\u00fcn bile o d\u00f6nemi bir ba\u015far\u0131 \u00f6yk\u00fcs\u00fcn\u00fcn zorlu ba\u015flang\u0131\u00e7 devresi olarak yorumlayanlar\u0131n say\u0131s\u0131 az de\u011fil. Bu yorum fark\u0131 ge\u00e7mi\u015fle birlikte, bug\u00fcne bak\u0131\u015f\u0131m\u0131z\u0131 ve yar\u0131na ili\u015fkin \u00f6ng\u00f6r\u00fclerimizi de etkiliyor. ABD iktisadi tarihinin \u00e7alkant\u0131l\u0131 son \u00e7eyrek y\u00fczy\u0131l\u0131n\u0131 titizlikle inceleyen \u00fcnl\u00fc Marksist iktisat\u00e7\u0131 Robert Brenner, i\u015fte bu kolay k\u00e2r, muazzam iktisadi geni\u015fleme hik\u00e2yesini piyasa vitrininin aldat\u0131c\u0131l\u0131\u011f\u0131ndan kurtararak, ak\u0131l almaz bir ba\u015far\u0131s\u0131zl\u0131k ve \u0130kinci D\u00fcnya Sava\u015f\u0131 sonras\u0131nda ekonominin geldi\u011fi en sorunlu nokta olarak yorumluyor. Brenner, ABD\u2019nin destans\u0131 ekonomik hamlesi olarak g\u00f6sterilen b\u00fcy\u00fcme s\u00fcrecinde, oyunun s\u00f6zde rekabet kurallar\u0131n\u0131 yerine getirecek Japon ve Alman piyasalar\u0131n\u0131n ayakta tutulmas\u0131n\u0131, 1997-98 Asya krizini, Merkez Bankas\u0131\u2019n\u0131n yapt\u0131\u011f\u0131 faiz indirimlerini ve borsa balonunu \u015fi\u015firmek i\u00e7in harcanan \u00e7abay\u0131, ortaya \u00e7\u0131kan domino etkisi i\u00e7inde g\u00f6steriyor. Brenner\u2019\u0131n 2004 tarihli Yeni Bir \u0130ktisadi Geni\u015fleme mi, Yeni Bir Balon mu? ba\u015fl\u0131kl\u0131 makalesini dahil ederek g\u00fcncelledi\u011fimiz Ekonomide H\u0131zl\u0131 B\u00fcy\u00fcme ve Balon, bitmez t\u00fckenmez bir \u00e7alkant\u0131lar zincirine yol a\u00e7an geli\u015fmeleri apa\u00e7\u0131k ortaya koyarken, gelece\u011fe dair \u00f6nemli saptamalarda da bulunan, g\u00f6sterilenden \u00f6tesini \u00f6\u011frenmek isteyenler i\u00e7in gerekli bir \u00e7al\u0131\u015fma. \ufffcTan\u0131t\u0131m Metni<\/p>\n","protected":false},"excerpt":{"rendered":"<p>Kapitalist d\u00f6ng\u00fcn\u00fcn ini\u015f \u00e7\u0131k\u0131\u015flar\u0131ndan ba\u011f\u0131ms\u0131z oldu\u011fu varsay\u0131lan Yeni Ekonomi 1990\u2019larda ba\u015f d\u00f6nd\u00fcr\u00fcc\u00fc bir b\u00fcy\u00fcme vaadi yarat\u0131rken, ABD\u2019nin imza att\u0131\u011f\u0131 ba\u015far\u0131lar\u0131n ileride ya\u015fanacak b\u00fcy\u00fck krizleri tetikleyece\u011fini tahmin<span class=\"excerpt-hellip\"> [\u2026]<\/span><\/p>\n","protected":false},"featured_media":0,"template":"","meta":{"_monsterinsights_skip_tracking":false,"_monsterinsights_sitenote_active":false,"_monsterinsights_sitenote_note":"","_monsterinsights_sitenote_category":0},"product_brand":[],"product_cat":[13044,13043],"product_tag":[],"class_list":{"0":"post-689191","1":"product","2":"type-product","3":"status-publish","5":"product_cat-dunya-ekonomisi","6":"product_cat-ekonomi","7":"pa_cilt-ciltsiz","8":"pa_tur-kitap","9":"pa_yayinevi-iletisim-yayinlari","10":"pa_yazar-robert-brenner","12":"first","13":"instock","14":"sale","15":"shipping-taxable","16":"purchasable","17":"product-type-simple"},"_links":{"self":[{"href":"https:\/\/roveyayinevi.com.tr\/index.php\/wp-json\/wp\/v2\/product\/689191","targetHints":{"allow":["GET"]}}],"collection":[{"href":"https:\/\/roveyayinevi.com.tr\/index.php\/wp-json\/wp\/v2\/product"}],"about":[{"href":"https:\/\/roveyayinevi.com.tr\/index.php\/wp-json\/wp\/v2\/types\/product"}],"wp:attachment":[{"href":"https:\/\/roveyayinevi.com.tr\/index.php\/wp-json\/wp\/v2\/media?parent=689191"}],"wp:term":[{"taxonomy":"product_brand","embeddable":true,"href":"https:\/\/roveyayinevi.com.tr\/index.php\/wp-json\/wp\/v2\/product_brand?post=689191"},{"taxonomy":"product_cat","embeddable":true,"href":"https:\/\/roveyayinevi.com.tr\/index.php\/wp-json\/wp\/v2\/product_cat?post=689191"},{"taxonomy":"product_tag","embeddable":true,"href":"https:\/\/roveyayinevi.com.tr\/index.php\/wp-json\/wp\/v2\/product_tag?post=689191"}],"curies":[{"name":"wp","href":"https:\/\/api.w.org\/{rel}","templated":true}]}}