{"id":689187,"date":"2025-08-27T13:09:59","date_gmt":"2025-08-27T10:09:59","guid":{"rendered":"https:\/\/roveyayinevi.com.tr\/index.php\/urun\/kalkinma-recetelerinin-gercek-yuzu\/"},"modified":"2025-11-22T02:02:19","modified_gmt":"2025-11-21T23:02:19","slug":"kalkinma-recetelerinin-gercek-yuzu","status":"publish","type":"product","link":"https:\/\/roveyayinevi.com.tr\/index.php\/urun\/kalkinma-recetelerinin-gercek-yuzu\/","title":{"rendered":"Kalk\u0131nma Re\u00e7etelerinin Ger\u00e7ek Y\u00fcz\u00fc"},"content":{"rendered":"<p>Bug\u00fcn\u00fcn kalk\u0131nm\u0131\u015f \u00fclkeleri hi\u00e7 de \u00f6yle zannedildi\u011fi gibi serbest pazar &#8211; serbest ticaret politikalar\u0131yla ve temel demokratik kurumlarla kalk\u0131nmad\u0131lar. Bu \u00fclkelerin IMF, D\u00fcnya Bankas\u0131 ve DT\u00d6 ile birlik olup, kalk\u0131nmakta olan \u00fclkelere \u00f6nerdikleri, hatta uygulanmas\u0131n\u0131 \u015fart ko\u015ftuklar\u0131 politikalar, onlar\u0131 kalk\u0131nd\u0131ran politikalar de\u011fil. Bilakis hepsi, sanayilerini geli\u015ftirmek i\u00e7in tarife korumas\u0131 ve te\u015fvik kulland\u0131lar. Kalk\u0131nmalar\u0131n\u0131n erken a\u015famalar\u0131nda, demokrasi, merkez bankas\u0131 ve profesyonel bir kamu idaresi gibi temel kurumlardan yoksundular. Patent, iflas, s\u0131n\u0131rl\u0131 sorumluluk, kad\u0131n ve \u00e7ocuk i\u015fg\u00fcc\u00fc, bunlar\u0131n hepsi ony\u0131llar i\u00e7erisinde d\u00fczenlendi. Peki \u015fimdi neden kendi kalk\u0131nmalar\u0131n\u0131 sa\u011flayan politikalar\u0131 de\u011fil de neo-liberal politikalar\u0131 \u00f6neriyorlar? Koreli bir iktisat\u00e7\u0131 olan Ha-Joon Chang, kalk\u0131nm\u0131\u015f \u00fclkelerin onlar\u0131 yukar\u0131 \u00e7\u0131karan  merdiveni ittiklerini  ve b\u00f6ylelikle daha yoksul \u00fclkelerin kalk\u0131nma \u015fanslar\u0131n\u0131 ellerinden ald\u0131klar\u0131n\u0131 iddia ediyor. Chang, zengin bir tarihsel malzeme kullanarak, ortodoks kalk\u0131nma re\u00e7etesinin dayanaklar\u0131n\u0131 \u00e7\u00fcr\u00fct\u00fcyor. Avrupa Evrimci Ekonomi Politik Vakf\u0131\u2019n\u0131n 2003 Myrdal \u00d6d\u00fcl\u00fc\u2019n\u00fc alan bu kitap, bug\u00fcn T\u00fcrkiye dahil pek \u00e7ok \u00fclkeye dayat\u0131lan ve protestolarla kar\u015f\u0131la\u015fan re\u00e7etenin ger\u00e7ek y\u00fcz\u00fcn\u00fc g\u00f6steriyor.  Dedi\u011fimi yap, yapt\u0131\u011f\u0131m\u0131 yapma  diye \u00f6zetlenebilecek bir re\u00e7ete bu. Chang\u2019\u0131n kitab\u0131, bu yanl\u0131\u015f re\u00e7etenin ve tabii bu  \u00e7oban doktor  misali re\u00e7eteyi yazan iktisat ideolojisinin g\u00fc\u00e7l\u00fc bir ele\u015ftirisini yap\u0131yor. <\/p>\n","protected":false},"excerpt":{"rendered":"<p>Bug\u00fcn\u00fcn kalk\u0131nm\u0131\u015f \u00fclkeleri hi\u00e7 de \u00f6yle zannedildi\u011fi gibi serbest pazar &#8211; serbest ticaret politikalar\u0131yla ve temel demokratik kurumlarla kalk\u0131nmad\u0131lar. Bu \u00fclkelerin IMF, D\u00fcnya Bankas\u0131 ve DT\u00d6<span class=\"excerpt-hellip\"> [\u2026]<\/span><\/p>\n","protected":false},"featured_media":0,"template":"","meta":{"_monsterinsights_skip_tracking":false,"_monsterinsights_sitenote_active":false,"_monsterinsights_sitenote_note":"","_monsterinsights_sitenote_category":0},"product_brand":[],"product_cat":[12573,12566],"product_tag":[],"class_list":{"0":"post-689187","1":"product","2":"type-product","3":"status-publish","5":"product_cat-akademik-kitaplar","6":"product_cat-egitim","7":"pa_cilt-ciltsiz","8":"pa_tur-kitap","9":"pa_yayinevi-iletisim-yayinlari","10":"pa_yazar-ha-joon-chang","12":"first","13":"instock","14":"sale","15":"shipping-taxable","16":"purchasable","17":"product-type-simple"},"_links":{"self":[{"href":"https:\/\/roveyayinevi.com.tr\/index.php\/wp-json\/wp\/v2\/product\/689187","targetHints":{"allow":["GET"]}}],"collection":[{"href":"https:\/\/roveyayinevi.com.tr\/index.php\/wp-json\/wp\/v2\/product"}],"about":[{"href":"https:\/\/roveyayinevi.com.tr\/index.php\/wp-json\/wp\/v2\/types\/product"}],"wp:attachment":[{"href":"https:\/\/roveyayinevi.com.tr\/index.php\/wp-json\/wp\/v2\/media?parent=689187"}],"wp:term":[{"taxonomy":"product_brand","embeddable":true,"href":"https:\/\/roveyayinevi.com.tr\/index.php\/wp-json\/wp\/v2\/product_brand?post=689187"},{"taxonomy":"product_cat","embeddable":true,"href":"https:\/\/roveyayinevi.com.tr\/index.php\/wp-json\/wp\/v2\/product_cat?post=689187"},{"taxonomy":"product_tag","embeddable":true,"href":"https:\/\/roveyayinevi.com.tr\/index.php\/wp-json\/wp\/v2\/product_tag?post=689187"}],"curies":[{"name":"wp","href":"https:\/\/api.w.org\/{rel}","templated":true}]}}