{"id":689184,"date":"2025-08-27T13:09:58","date_gmt":"2025-08-27T10:09:58","guid":{"rendered":"https:\/\/roveyayinevi.com.tr\/index.php\/urun\/cennetin-dibi\/"},"modified":"2026-04-16T01:58:46","modified_gmt":"2026-04-15T22:58:46","slug":"cennetin-dibi","status":"publish","type":"product","link":"https:\/\/roveyayinevi.com.tr\/index.php\/urun\/cennetin-dibi\/","title":{"rendered":"Cennetin Dibi"},"content":{"rendered":"<p>Cehenneme \u00d6vg\u00fc\u2019de \u201cbu d\u00fcnya\u201dy\u0131 sorgulayan G\u00fcnd\u00fcz Vassaf ikinci kitab\u0131nda \u201ccennet\u201de, hem de cennetin ta dibine el at\u0131yor. Mizahla bilimkurgunun, d\u00fczyaz\u0131yla bilimsel makale \u00fcsl\u00fbbunun harmanland\u0131\u011f\u0131 kitapta, \u2018yanl\u0131\u015fla do\u011fru\u2019, \u2018yalanla dolan\u2019 s\u0131rt s\u0131rta duruyor. Bu kitapta Freud\u2019un kuramlar\u0131n\u0131n hayata ge\u00e7irildi\u011fi Amsterdam genelevlerinde dola\u015fabilir, h\u00fck\u00fcmet kiralayabilirsiniz; hatta 100 dolara bir Amerikan \u015firketi bile sat\u0131n alabilir, isterseniz yeni ya\u015fam bi\u00e7imlerinin hayata ge\u00e7irildi\u011fi \u00f6zg\u00fcr kolonilerde ya\u015fayabilirsiniz. G\u00fcnd\u00fcz Vassaf, d\u00fc\u015fg\u00fcc\u00fcn\u00fcn s\u0131n\u0131rlar\u0131n\u0131 zorlad\u0131\u011f\u0131 Cennetin Dibi\u2019nde, \u201cgelecekte yolculu\u011fa\u201d davet ediyor bizi. \u201cG\u00fcnd\u00fcz Vassaf d\u00fc\u015fg\u00fcc\u00fcn\u00fcn avukat\u0131, d\u00fczyaz\u0131m\u0131z\u0131n en \u00f6zg\u00fcr ruhlu kalemi..\u201d<\/p>\n","protected":false},"excerpt":{"rendered":"<p>Cehenneme \u00d6vg\u00fc\u2019de \u201cbu d\u00fcnya\u201dy\u0131 sorgulayan G\u00fcnd\u00fcz Vassaf ikinci kitab\u0131nda \u201ccennet\u201de, hem de cennetin ta dibine el at\u0131yor. Mizahla bilimkurgunun, d\u00fczyaz\u0131yla bilimsel makale \u00fcsl\u00fbbunun harmanland\u0131\u011f\u0131 kitapta, \u2018yanl\u0131\u015fla<span class=\"excerpt-hellip\"> [\u2026]<\/span><\/p>\n","protected":false},"featured_media":0,"template":"","meta":{"_monsterinsights_skip_tracking":false,"_monsterinsights_sitenote_active":false,"_monsterinsights_sitenote_note":"","_monsterinsights_sitenote_category":0},"product_brand":[],"product_cat":[13633,12324],"product_tag":[],"class_list":{"0":"post-689184","1":"product","2":"type-product","3":"status-publish","5":"product_cat-kultur-ve-bilim","6":"product_cat-sosyoloji","7":"pa_cilt-ciltsiz","8":"pa_tur-kitap","9":"pa_yayinevi-iletisim-yayinlari","10":"pa_yazar-gunduz-vassaf","12":"first","13":"instock","14":"sale","15":"shipping-taxable","16":"purchasable","17":"product-type-simple"},"_links":{"self":[{"href":"https:\/\/roveyayinevi.com.tr\/index.php\/wp-json\/wp\/v2\/product\/689184","targetHints":{"allow":["GET"]}}],"collection":[{"href":"https:\/\/roveyayinevi.com.tr\/index.php\/wp-json\/wp\/v2\/product"}],"about":[{"href":"https:\/\/roveyayinevi.com.tr\/index.php\/wp-json\/wp\/v2\/types\/product"}],"wp:attachment":[{"href":"https:\/\/roveyayinevi.com.tr\/index.php\/wp-json\/wp\/v2\/media?parent=689184"}],"wp:term":[{"taxonomy":"product_brand","embeddable":true,"href":"https:\/\/roveyayinevi.com.tr\/index.php\/wp-json\/wp\/v2\/product_brand?post=689184"},{"taxonomy":"product_cat","embeddable":true,"href":"https:\/\/roveyayinevi.com.tr\/index.php\/wp-json\/wp\/v2\/product_cat?post=689184"},{"taxonomy":"product_tag","embeddable":true,"href":"https:\/\/roveyayinevi.com.tr\/index.php\/wp-json\/wp\/v2\/product_tag?post=689184"}],"curies":[{"name":"wp","href":"https:\/\/api.w.org\/{rel}","templated":true}]}}