{"id":689180,"date":"2025-08-27T13:09:58","date_gmt":"2025-08-27T10:09:58","guid":{"rendered":"https:\/\/roveyayinevi.com.tr\/index.php\/urun\/deniz-feneri\/"},"modified":"2026-04-16T01:58:46","modified_gmt":"2026-04-15T22:58:46","slug":"deniz-feneri","status":"publish","type":"product","link":"https:\/\/roveyayinevi.com.tr\/index.php\/urun\/deniz-feneri\/","title":{"rendered":"Deniz Feneri"},"content":{"rendered":"<p>Deniz Feneri, Virginia Woolf\u2019un gec\u0327mis\u0327in bellekte b\u0131rakt\u0131g\u0306\u0131 kal\u0131c\u0131 izleri es\u0327ine az rastlan\u0131r bir yog\u0306unlukla sergileyen en bas\u0327ar\u0131l\u0131 romanlar\u0131ndan biri. Virginia Woolf\u2019un c\u0327ocuklug\u0306unda ailesiyle beraber St. IvesCornwall\u2019da yapt\u0131g\u0306\u0131 tatillere dair an\u0131lar\u0131ndan izler ve aile fertlerine dair benzerlikler tas\u0327\u0131d\u0131g\u0306\u0131 ic\u0327in otobiyografik bir boyutu da olan Deniz Feneri, ismini sekiz c\u0327ocuklu ailenin en ku\u0308c\u0327u\u0308k ferdi James\u2019in bir deniz fenerini ziyaret etme isteg\u0306inden al\u0131r. Ramsay ailesinin huzurlu gu\u0308nleri savas\u0327ta o\u0308len c\u0327ocuklarla ve ans\u0131z\u0131n hayat\u0131n\u0131 kaybeden anneyle geride kalsa da ressam Lily Briscoe ve s\u0327air Carmichael\u2019\u0131n gelis\u0327iyle ailenin deniz fenerini ziyaret etme isteg\u0306i yeniden canlan\u0131r. Mr. ve Mrs. Ramsay, Lily Briscoe, Augustus Carmichael gibi unutulmaz karakterleri edebiyat tarihine naks\u0327eden Deniz Feneri, modernist roman\u0131n en zengin o\u0308rneklerinden biri. \u201cDeniz Feneri\u2019nde bugu\u0308nu\u0308 gec\u0327mis\u0327ten ay\u0131ran mesafe genc\u0327 Virgina Woolf\u2019un kay\u0131plar\u0131n\u0131 kateder.\u201d JULIA BRIGGS<\/p>\n","protected":false},"excerpt":{"rendered":"<p>Deniz Feneri, Virginia Woolf\u2019un gec\u0327mis\u0327in bellekte b\u0131rakt\u0131g\u0306\u0131 kal\u0131c\u0131 izleri es\u0327ine az rastlan\u0131r bir yog\u0306unlukla sergileyen en bas\u0327ar\u0131l\u0131 romanlar\u0131ndan biri. Virginia Woolf\u2019un c\u0327ocuklug\u0306unda ailesiyle beraber St. IvesCornwall\u2019da<span class=\"excerpt-hellip\"> [\u2026]<\/span><\/p>\n","protected":false},"featured_media":0,"template":"","meta":{"_monsterinsights_skip_tracking":false,"_monsterinsights_sitenote_active":false,"_monsterinsights_sitenote_note":"","_monsterinsights_sitenote_category":0},"product_brand":[],"product_cat":[12291,12866],"product_tag":[],"class_list":{"0":"post-689180","1":"product","2":"type-product","3":"status-publish","5":"product_cat-edebiyat","6":"product_cat-ingiliz-edebiyati","7":"pa_cilt-ciltsiz","8":"pa_tur-kitap","9":"pa_yayinevi-iletisim-yayinlari","10":"pa_yazar-virginia-woolf","12":"first","13":"instock","14":"sale","15":"shipping-taxable","16":"purchasable","17":"product-type-simple"},"_links":{"self":[{"href":"https:\/\/roveyayinevi.com.tr\/index.php\/wp-json\/wp\/v2\/product\/689180","targetHints":{"allow":["GET"]}}],"collection":[{"href":"https:\/\/roveyayinevi.com.tr\/index.php\/wp-json\/wp\/v2\/product"}],"about":[{"href":"https:\/\/roveyayinevi.com.tr\/index.php\/wp-json\/wp\/v2\/types\/product"}],"wp:attachment":[{"href":"https:\/\/roveyayinevi.com.tr\/index.php\/wp-json\/wp\/v2\/media?parent=689180"}],"wp:term":[{"taxonomy":"product_brand","embeddable":true,"href":"https:\/\/roveyayinevi.com.tr\/index.php\/wp-json\/wp\/v2\/product_brand?post=689180"},{"taxonomy":"product_cat","embeddable":true,"href":"https:\/\/roveyayinevi.com.tr\/index.php\/wp-json\/wp\/v2\/product_cat?post=689180"},{"taxonomy":"product_tag","embeddable":true,"href":"https:\/\/roveyayinevi.com.tr\/index.php\/wp-json\/wp\/v2\/product_tag?post=689180"}],"curies":[{"name":"wp","href":"https:\/\/api.w.org\/{rel}","templated":true}]}}