{"id":689179,"date":"2025-08-27T13:09:58","date_gmt":"2025-08-27T10:09:58","guid":{"rendered":"https:\/\/roveyayinevi.com.tr\/index.php\/urun\/dalgalar\/"},"modified":"2026-04-16T01:58:46","modified_gmt":"2026-04-15T22:58:46","slug":"dalgalar","status":"publish","type":"product","link":"https:\/\/roveyayinevi.com.tr\/index.php\/urun\/dalgalar\/","title":{"rendered":"Dalgalar"},"content":{"rendered":"<p>Virginia Woolf, 1931\u2019de yay\u0131mlad\u0131\u011f\u0131 Dalglar\u2019\u0131 yazarken, bu kitapla o g\u00fcne de\u011fin hi\u00e7bir ba\u015fka romanc\u0131n\u0131n g\u00f6ze alamayaca\u011f\u0131 de\u011fi\u015fik \u015feyleri yapmak istedi\u011fini, bu roman\u0131n o g\u00fcne de\u011fin yaz\u0131lan hi\u00e7bir ba\u015fka romana benzemeyece\u011fini biliyordu. (&#8230;) \u00c7\u00fcnk\u00fc Dalgalar, \u2018hem d\u00fczyaz\u0131yla kaleme al\u0131nacak, hem de \u015fiir olacakt\u0131; hem roman olacakt\u0131, hem de tiyatro oyunu.  -Mina Urgan, Virginia Woolf- Virginia Woolf, Dalgalar\u2019da d\u0131\u015f d\u00fcnyay\u0131 yok eder. \u00dc\u00e7 erkek ve \u00fc\u00e7 kad\u0131n\u0131n \u00e7ocukluklar\u0131ndan ya\u015fl\u0131l\u0131k d\u00f6nemlerine kadar t\u00fcm hayatlar\u0131n\u0131n anlat\u0131ld\u0131\u011f\u0131 kitapta d\u0131\u015f d\u00fcnya nesnel olarak de\u011fil, ancak ki\u015filerin i\u00e7 d\u00fcnyalar\u0131na yans\u0131d\u0131\u011f\u0131 kadar\u0131yla verilir.  Bir olay \u00f6rg\u00fcs\u00fcne uyarak de\u011fil, bir ritme uyarak  yaz\u0131lan kitap,  \u015fiir olmayan herhangi bir \u015fey edebiyata neden girsin ki  diyen Woolf taraf\u0131ndan iki y\u0131l i\u00e7inde \u00fc\u00e7 kez yaz\u0131l\u0131r ve dalgalar\u0131n sesine uydurularak, \u015fiir gibi y\u00fcksek sesle okunarak d\u00fczeltilir&#8230; Ger\u00e7ek\u00e7i roman gelene\u011finden tam bir kopu\u015fu temsil eden Dalgalar, bilin\u00e7 ak\u0131\u015f\u0131 tekni\u011fiyle yaz\u0131lan romanlar\u0131n en \u00f6nemlilerinden biridir. <\/p>\n","protected":false},"excerpt":{"rendered":"<p>Virginia Woolf, 1931\u2019de yay\u0131mlad\u0131\u011f\u0131 Dalglar\u2019\u0131 yazarken, bu kitapla o g\u00fcne de\u011fin hi\u00e7bir ba\u015fka romanc\u0131n\u0131n g\u00f6ze alamayaca\u011f\u0131 de\u011fi\u015fik \u015feyleri yapmak istedi\u011fini, bu roman\u0131n o g\u00fcne de\u011fin yaz\u0131lan<span class=\"excerpt-hellip\"> [\u2026]<\/span><\/p>\n","protected":false},"featured_media":0,"template":"","meta":{"_monsterinsights_skip_tracking":false,"_monsterinsights_sitenote_active":false,"_monsterinsights_sitenote_note":"","_monsterinsights_sitenote_category":0},"product_brand":[],"product_cat":[12291,12866],"product_tag":[],"class_list":{"0":"post-689179","1":"product","2":"type-product","3":"status-publish","5":"product_cat-edebiyat","6":"product_cat-ingiliz-edebiyati","7":"pa_cilt-ciltsiz","8":"pa_tur-kitap","9":"pa_yayinevi-iletisim-yayinlari","10":"pa_yazar-virginia-woolf","12":"first","13":"instock","14":"sale","15":"shipping-taxable","16":"purchasable","17":"product-type-simple"},"_links":{"self":[{"href":"https:\/\/roveyayinevi.com.tr\/index.php\/wp-json\/wp\/v2\/product\/689179","targetHints":{"allow":["GET"]}}],"collection":[{"href":"https:\/\/roveyayinevi.com.tr\/index.php\/wp-json\/wp\/v2\/product"}],"about":[{"href":"https:\/\/roveyayinevi.com.tr\/index.php\/wp-json\/wp\/v2\/types\/product"}],"wp:attachment":[{"href":"https:\/\/roveyayinevi.com.tr\/index.php\/wp-json\/wp\/v2\/media?parent=689179"}],"wp:term":[{"taxonomy":"product_brand","embeddable":true,"href":"https:\/\/roveyayinevi.com.tr\/index.php\/wp-json\/wp\/v2\/product_brand?post=689179"},{"taxonomy":"product_cat","embeddable":true,"href":"https:\/\/roveyayinevi.com.tr\/index.php\/wp-json\/wp\/v2\/product_cat?post=689179"},{"taxonomy":"product_tag","embeddable":true,"href":"https:\/\/roveyayinevi.com.tr\/index.php\/wp-json\/wp\/v2\/product_tag?post=689179"}],"curies":[{"name":"wp","href":"https:\/\/api.w.org\/{rel}","templated":true}]}}