{"id":689177,"date":"2025-08-27T13:09:57","date_gmt":"2025-08-27T10:09:57","guid":{"rendered":"https:\/\/roveyayinevi.com.tr\/index.php\/urun\/cagdas-sanatin-orgutlenmesi-estetik-modernizmin-tasfiyesi\/"},"modified":"2026-04-16T01:58:46","modified_gmt":"2026-04-15T22:58:46","slug":"cagdas-sanatin-orgutlenmesi-estetik-modernizmin-tasfiyesi","status":"publish","type":"product","link":"https:\/\/roveyayinevi.com.tr\/index.php\/urun\/cagdas-sanatin-orgutlenmesi-estetik-modernizmin-tasfiyesi\/","title":{"rendered":"\u00c7a\u011fda\u015f Sanat\u0131n \u00d6rg\u00fctlenmesi: Estetik Modernizmin Tasfiyesi"},"content":{"rendered":"<p>1990\u2019lardan ba\u015flayarak sanat d\u00fcnyas\u0131n\u0131 bir   \u00e7a\u011fda\u015f sanat   hummas\u0131 sard\u0131. Birbiri ard\u0131na faaliyete ge\u00e7en \u00e7a\u011fda\u015f sanat m\u00fczeleri, \u00e7a\u011fda\u015f sanat galerileri, \u00e7a\u011fda\u015f sanat m\u00fczayedeleri vb. arac\u0131l\u0131\u011f\u0131yla dev bir k\u00fcresel sanat piyasas\u0131 in\u015fa edildi. K\u00fcresel metropoller aras\u0131 yar\u0131\u015fta hamle yapmaya \u00e7abalayan \u0130stanbul da bu piyasan\u0131n merkezlerinden biri haline geldi. <\/p>\n","protected":false},"excerpt":{"rendered":"<p>1990\u2019lardan ba\u015flayarak sanat d\u00fcnyas\u0131n\u0131 bir \u00e7a\u011fda\u015f sanat hummas\u0131 sard\u0131. Birbiri ard\u0131na faaliyete ge\u00e7en \u00e7a\u011fda\u015f sanat m\u00fczeleri, \u00e7a\u011fda\u015f sanat galerileri, \u00e7a\u011fda\u015f sanat m\u00fczayedeleri vb. arac\u0131l\u0131\u011f\u0131yla dev bir<span class=\"excerpt-hellip\"> [\u2026]<\/span><\/p>\n","protected":false},"featured_media":0,"template":"","meta":{"_monsterinsights_skip_tracking":false,"_monsterinsights_sitenote_active":false,"_monsterinsights_sitenote_note":"","_monsterinsights_sitenote_category":0},"product_brand":[],"product_cat":[12312,12304],"product_tag":[],"class_list":{"0":"post-689177","1":"product","2":"type-product","3":"status-publish","5":"product_cat-diger","6":"product_cat-tarih","7":"pa_cilt-ciltsiz","8":"pa_tur-kitap","9":"pa_yayinevi-iletisim-yayinlari","10":"pa_yazar-ali-artun","12":"first","13":"instock","14":"sale","15":"shipping-taxable","16":"purchasable","17":"product-type-simple"},"_links":{"self":[{"href":"https:\/\/roveyayinevi.com.tr\/index.php\/wp-json\/wp\/v2\/product\/689177","targetHints":{"allow":["GET"]}}],"collection":[{"href":"https:\/\/roveyayinevi.com.tr\/index.php\/wp-json\/wp\/v2\/product"}],"about":[{"href":"https:\/\/roveyayinevi.com.tr\/index.php\/wp-json\/wp\/v2\/types\/product"}],"wp:attachment":[{"href":"https:\/\/roveyayinevi.com.tr\/index.php\/wp-json\/wp\/v2\/media?parent=689177"}],"wp:term":[{"taxonomy":"product_brand","embeddable":true,"href":"https:\/\/roveyayinevi.com.tr\/index.php\/wp-json\/wp\/v2\/product_brand?post=689177"},{"taxonomy":"product_cat","embeddable":true,"href":"https:\/\/roveyayinevi.com.tr\/index.php\/wp-json\/wp\/v2\/product_cat?post=689177"},{"taxonomy":"product_tag","embeddable":true,"href":"https:\/\/roveyayinevi.com.tr\/index.php\/wp-json\/wp\/v2\/product_tag?post=689177"}],"curies":[{"name":"wp","href":"https:\/\/api.w.org\/{rel}","templated":true}]}}