{"id":689176,"date":"2025-08-27T13:09:57","date_gmt":"2025-08-27T10:09:57","guid":{"rendered":"https:\/\/roveyayinevi.com.tr\/index.php\/urun\/efrasiyabin-hikayeleri\/"},"modified":"2026-04-16T01:58:46","modified_gmt":"2026-04-15T22:58:46","slug":"efrasiyabin-hikayeleri","status":"publish","type":"product","link":"https:\/\/roveyayinevi.com.tr\/index.php\/urun\/efrasiyabin-hikayeleri\/","title":{"rendered":"Efrasiyab&#8217;\u0131n Hikayeleri"},"content":{"rendered":"<p>\u00c7ok uzak zamanlarda de\u011fil, g\u00fcn\u00fcm\u00fcz\u00fcn otuz, bilemediniz elli y\u0131l \u00f6ncesinde, \u00fcstelik hep \u00fclkemizde ge\u00e7iyor Efr\u00e2siy\u00e2b\u2019\u0131n Hik\u00e2yeleri. Ancak&#8230; Sanki o zamanlardan ve o mek\u00e2nlardan de\u011fil de, ba\u015fka zaman ve mek\u00e2nlardan, hatta ba\u015fka dillerden a\u015fina oldu\u011fumuz hik\u00e2yeler&#8230; Yani, Puslu K\u0131talar Atlas\u0131\u2019n\u0131 ve Kitab-\u00fcl Hiyel\u2019i okumu\u015f olanlar\u0131n tahmin edebilecekleri gibi, \u00fczerine s\u00f6z s\u00f6ylemesi zor, i\u00e7ine dalmas\u0131 keyif verici kitaplardan: Estetik\u2019le oyun\u2019un, mizah\u2019la felsefe\u2019nin bir edeb\u00ee bulu\u015fmas\u0131&#8230; <\/p>\n","protected":false},"excerpt":{"rendered":"<p>\u00c7ok uzak zamanlarda de\u011fil, g\u00fcn\u00fcm\u00fcz\u00fcn otuz, bilemediniz elli y\u0131l \u00f6ncesinde, \u00fcstelik hep \u00fclkemizde ge\u00e7iyor Efr\u00e2siy\u00e2b\u2019\u0131n Hik\u00e2yeleri. Ancak&#8230; Sanki o zamanlardan ve o mek\u00e2nlardan de\u011fil de, ba\u015fka<span class=\"excerpt-hellip\"> [\u2026]<\/span><\/p>\n","protected":false},"featured_media":0,"template":"","meta":{"_monsterinsights_skip_tracking":false,"_monsterinsights_sitenote_active":false,"_monsterinsights_sitenote_note":"","_monsterinsights_sitenote_category":0},"product_brand":[],"product_cat":[12291,12292],"product_tag":[],"class_list":{"0":"post-689176","1":"product","2":"type-product","3":"status-publish","5":"product_cat-edebiyat","6":"product_cat-turk-edebiyati","7":"pa_cilt-ciltsiz","8":"pa_tur-kitap","9":"pa_yayinevi-iletisim-yayinlari","10":"pa_yazar-ihsan-oktay-anar","12":"first","13":"instock","14":"sale","15":"shipping-taxable","16":"purchasable","17":"product-type-simple"},"_links":{"self":[{"href":"https:\/\/roveyayinevi.com.tr\/index.php\/wp-json\/wp\/v2\/product\/689176","targetHints":{"allow":["GET"]}}],"collection":[{"href":"https:\/\/roveyayinevi.com.tr\/index.php\/wp-json\/wp\/v2\/product"}],"about":[{"href":"https:\/\/roveyayinevi.com.tr\/index.php\/wp-json\/wp\/v2\/types\/product"}],"wp:attachment":[{"href":"https:\/\/roveyayinevi.com.tr\/index.php\/wp-json\/wp\/v2\/media?parent=689176"}],"wp:term":[{"taxonomy":"product_brand","embeddable":true,"href":"https:\/\/roveyayinevi.com.tr\/index.php\/wp-json\/wp\/v2\/product_brand?post=689176"},{"taxonomy":"product_cat","embeddable":true,"href":"https:\/\/roveyayinevi.com.tr\/index.php\/wp-json\/wp\/v2\/product_cat?post=689176"},{"taxonomy":"product_tag","embeddable":true,"href":"https:\/\/roveyayinevi.com.tr\/index.php\/wp-json\/wp\/v2\/product_tag?post=689176"}],"curies":[{"name":"wp","href":"https:\/\/api.w.org\/{rel}","templated":true}]}}