{"id":689174,"date":"2025-08-27T13:09:57","date_gmt":"2025-08-27T10:09:57","guid":{"rendered":"https:\/\/roveyayinevi.com.tr\/index.php\/urun\/ebedi-kutsal-ezeli-kurban\/"},"modified":"2025-11-22T02:02:15","modified_gmt":"2025-11-21T23:02:15","slug":"ebedi-kutsal-ezeli-kurban","status":"publish","type":"product","link":"https:\/\/roveyayinevi.com.tr\/index.php\/urun\/ebedi-kutsal-ezeli-kurban\/","title":{"rendered":"Ebedi Kutsal Ezeli Kurban"},"content":{"rendered":"<p>Hepimizin dilinde, medyan\u0131n s\u00fcrekli farkl\u0131 bi\u00e7imlerde, reality show\u2019larda ya da haberler ad\u0131 alt\u0131nda bize sundu\u011fu kurbanlar silsilesi, neden bu kadar el eriminde, hayatlar\u0131m\u0131z\u0131n i\u00e7indedirler? Televizyonlarda g\u00f6rd\u00fc\u011f\u00fcm\u00fcz, d\u00fcnyan\u0131n \u00f6teki ucundaki felaketzedeler, do\u011fal afet ve sava\u015f kurbanlar\u0131yla \u00f6zde\u015fle\u015ferek, \u00f6l\u00fcm\u00fcn \u015fiddetine maruz kalm\u0131\u015f bu insanlar i\u00e7in neden bu denli kolayl\u0131kla hep birlikte a\u011flan\u0131r, hatta toplumsal dayan\u0131\u015fmaya d\u00f6n\u00fc\u015ferek, yard\u0131mlar toplan\u0131r? \u00d6te yandan, ayn\u0131 insanlar, vatan\u0131n b\u00fct\u00fcnl\u00fc\u011f\u00fcn\u00fc korumak, i\u00e7 ve d\u0131\u015f d\u00fc\u015fmanlar\u0131n -olas\u0131- sald\u0131r\u0131lar\u0131na kar\u015f\u0131 sava\u015fmaya, hayatlar\u0131n\u0131 vermeye haz\u0131rd\u0131rlar. Babalar ve hatta anneler, T\u00fcrkiye\u2019de oldu\u011fu gibi, kutsal vatan g\u00f6revi i\u00e7in, devletin yasalar\u0131n\u0131n \u00fcst\u00fcnl\u00fc\u011f\u00fcne inanarak, erkek \u00e7ocuklar\u0131n\u0131 askerli\u011fe davul-zurna ve bayraklar e\u015fli\u011finde g\u00f6nderirlerken, ayn\u0131 ebeveynler, devlet yasalar\u0131n\u0131 hi\u00e7e sayarak, k\u0131z \u00e7ocuklar\u0131n\u0131, t\u00f6reler ad\u0131na nas\u0131l kurban edebilirler? Kutsall\u0131\u011f\u0131n i\u015flevselli\u011finin yok oldu\u011fu modern toplumlarda, nas\u0131l olur da Kurban yeni bir sosyal kategori gibi ortaya \u00e7\u0131kabilir? Elinizdeki kitap, bu sorular\u0131n pe\u015fine d\u00fc\u015f\u00fcp antropolojiden din tarihine, sosyal teoriye ve siyaset felsefesine uzan\u0131yor&#8230; D\u00fc\u015f\u00fcnceyi derinle\u015ftiren, k\u0131\u015fk\u0131rtan, yeni pencereler a\u00e7an bir \u00e7al\u0131\u015fma&#8230; \ufffcTan\u0131t\u0131m Metni<\/p>\n","protected":false},"excerpt":{"rendered":"<p>Hepimizin dilinde, medyan\u0131n s\u00fcrekli farkl\u0131 bi\u00e7imlerde, reality show\u2019larda ya da haberler ad\u0131 alt\u0131nda bize sundu\u011fu kurbanlar silsilesi, neden bu kadar el eriminde, hayatlar\u0131m\u0131z\u0131n i\u00e7indedirler? Televizyonlarda g\u00f6rd\u00fc\u011f\u00fcm\u00fcz,<span class=\"excerpt-hellip\"> [\u2026]<\/span><\/p>\n","protected":false},"featured_media":0,"template":"","meta":{"_monsterinsights_skip_tracking":false,"_monsterinsights_sitenote_active":false,"_monsterinsights_sitenote_note":"","_monsterinsights_sitenote_category":0},"product_brand":[],"product_cat":[13633,12324],"product_tag":[],"class_list":{"0":"post-689174","1":"product","2":"type-product","3":"status-publish","5":"product_cat-kultur-ve-bilim","6":"product_cat-sosyoloji","7":"pa_cilt-ciltsiz","8":"pa_tur-kitap","9":"pa_yayinevi-iletisim-yayinlari","10":"pa_yazar-saime-tugrul","12":"first","13":"instock","14":"sale","15":"shipping-taxable","16":"purchasable","17":"product-type-simple"},"_links":{"self":[{"href":"https:\/\/roveyayinevi.com.tr\/index.php\/wp-json\/wp\/v2\/product\/689174","targetHints":{"allow":["GET"]}}],"collection":[{"href":"https:\/\/roveyayinevi.com.tr\/index.php\/wp-json\/wp\/v2\/product"}],"about":[{"href":"https:\/\/roveyayinevi.com.tr\/index.php\/wp-json\/wp\/v2\/types\/product"}],"wp:attachment":[{"href":"https:\/\/roveyayinevi.com.tr\/index.php\/wp-json\/wp\/v2\/media?parent=689174"}],"wp:term":[{"taxonomy":"product_brand","embeddable":true,"href":"https:\/\/roveyayinevi.com.tr\/index.php\/wp-json\/wp\/v2\/product_brand?post=689174"},{"taxonomy":"product_cat","embeddable":true,"href":"https:\/\/roveyayinevi.com.tr\/index.php\/wp-json\/wp\/v2\/product_cat?post=689174"},{"taxonomy":"product_tag","embeddable":true,"href":"https:\/\/roveyayinevi.com.tr\/index.php\/wp-json\/wp\/v2\/product_tag?post=689174"}],"curies":[{"name":"wp","href":"https:\/\/api.w.org\/{rel}","templated":true}]}}