{"id":689170,"date":"2025-08-27T13:09:56","date_gmt":"2025-08-27T10:09:56","guid":{"rendered":"https:\/\/roveyayinevi.com.tr\/index.php\/urun\/daglarin-kayip-anahtari-dersim-1938-anlatilari\/"},"modified":"2026-04-16T01:58:46","modified_gmt":"2026-04-15T22:58:46","slug":"daglarin-kayip-anahtari-dersim-1938-anlatilari","status":"publish","type":"product","link":"https:\/\/roveyayinevi.com.tr\/index.php\/urun\/daglarin-kayip-anahtari-dersim-1938-anlatilari\/","title":{"rendered":"Da\u011flar\u0131n Kay\u0131p Anahtar\u0131: Dersim 1938 Anlat\u0131lar\u0131"},"content":{"rendered":"<p>\u201cBu d\u00fcnyada nice dert, bela varsa biz onu g\u00f6rd\u00fck, karde\u015fim. A\u00e7l\u0131k m\u0131 dersin, susuzluk mu? K\u0131\u015f k\u0131yamet g\u00fcnleri da\u011flarda a\u00e7 \u00fcryan dola\u015ft\u0131k. Askerlerin i\u00e7inde esir kald\u0131k. \u00c7ocuklar\u0131m\u0131z\u0131n ac\u0131s\u0131n\u0131 da g\u00f6rd\u00fck, karde\u015f ac\u0131s\u0131, koca ac\u0131s\u0131, her bir derdi kederi ya\u015fad\u0131k, kurban olay\u0131m karde\u015f, daha nesini sorars\u0131n?\u201d Dersim\u2019de 1938 y\u0131l\u0131nda ya\u015fananlar uzun y\u0131llar boyunca Cumhuriyet tarihinin a\u00e7\u0131lmam\u0131\u015f \u201ckara kutu\u201dlar\u0131ndan biri olarak kald\u0131, \u00fczerine neredeyse sessizlik perdesi \u00e7ekildi. T\u00fcrkiye tarihinin bu karanl\u0131k noktas\u0131 son y\u0131llarda ortaya \u00e7\u0131kan bilgi ve belgelerle gittik\u00e7e ayd\u0131nlan\u0131yor. Da\u011flar\u0131n Kay\u0131p Anahtar\u0131\u2019yla Cemal Ta\u015f da 1938\u2019de Dersim\u2019de ya\u015fananlar \u00fczerindeki toz bulutunun iyice aralanmas\u0131na yard\u0131mc\u0131 oluyor. Ta\u015f, Dersim\u2019de olan bitenin y\u00fcrek burkucu, g\u00f6z ya\u015fart\u0131c\u0131, insan\u0131n bo\u011faz\u0131n\u0131 d\u00fc\u011f\u00fcmleyen yanlar\u0131n\u0131 bizzat olaylar\u0131 ya\u015fayanlarla, d\u00f6nemin \u00f6nde gelen isimlerinin yan\u0131nda bulunmu\u015f ki\u015filerle g\u00f6r\u00fc\u015ferek ortaya koyuyor. \u201cS\u00f6zl\u00fc tarih \u00e7al\u0131\u015fmas\u0131\u201d niteli\u011fi ta\u015f\u0131yan Da\u011flar\u0131n Kay\u0131p Anahtar\u0131 zengin malzemesiyle Dersim olaylar\u0131 ve Cumhuriyet tarihi ile ilgili yeni de\u011ferlendirmelere kap\u0131 a\u00e7acak, sahici insan \u00f6yk\u00fclerinden\/dramlar\u0131ndan olu\u015fan, sars\u0131c\u0131 bir kitap.<\/p>\n","protected":false},"excerpt":{"rendered":"<p>\u201cBu d\u00fcnyada nice dert, bela varsa biz onu g\u00f6rd\u00fck, karde\u015fim. A\u00e7l\u0131k m\u0131 dersin, susuzluk mu? K\u0131\u015f k\u0131yamet g\u00fcnleri da\u011flarda a\u00e7 \u00fcryan dola\u015ft\u0131k. Askerlerin i\u00e7inde esir kald\u0131k.<span class=\"excerpt-hellip\"> [\u2026]<\/span><\/p>\n","protected":false},"featured_media":0,"template":"","meta":{"_monsterinsights_skip_tracking":false,"_monsterinsights_sitenote_active":false,"_monsterinsights_sitenote_note":"","_monsterinsights_sitenote_category":0},"product_brand":[],"product_cat":[12312,12304],"product_tag":[],"class_list":{"0":"post-689170","1":"product","2":"type-product","3":"status-publish","5":"product_cat-diger","6":"product_cat-tarih","7":"pa_cilt-ciltsiz","8":"pa_tur-kitap","9":"pa_yayinevi-iletisim-yayinlari","10":"pa_yazar-cemal-tas","12":"first","13":"instock","14":"sale","15":"shipping-taxable","16":"purchasable","17":"product-type-simple"},"_links":{"self":[{"href":"https:\/\/roveyayinevi.com.tr\/index.php\/wp-json\/wp\/v2\/product\/689170","targetHints":{"allow":["GET"]}}],"collection":[{"href":"https:\/\/roveyayinevi.com.tr\/index.php\/wp-json\/wp\/v2\/product"}],"about":[{"href":"https:\/\/roveyayinevi.com.tr\/index.php\/wp-json\/wp\/v2\/types\/product"}],"wp:attachment":[{"href":"https:\/\/roveyayinevi.com.tr\/index.php\/wp-json\/wp\/v2\/media?parent=689170"}],"wp:term":[{"taxonomy":"product_brand","embeddable":true,"href":"https:\/\/roveyayinevi.com.tr\/index.php\/wp-json\/wp\/v2\/product_brand?post=689170"},{"taxonomy":"product_cat","embeddable":true,"href":"https:\/\/roveyayinevi.com.tr\/index.php\/wp-json\/wp\/v2\/product_cat?post=689170"},{"taxonomy":"product_tag","embeddable":true,"href":"https:\/\/roveyayinevi.com.tr\/index.php\/wp-json\/wp\/v2\/product_tag?post=689170"}],"curies":[{"name":"wp","href":"https:\/\/api.w.org\/{rel}","templated":true}]}}