{"id":689165,"date":"2025-08-27T13:09:55","date_gmt":"2025-08-27T10:09:55","guid":{"rendered":"https:\/\/roveyayinevi.com.tr\/index.php\/urun\/devlet-ve-otesi-uluslararasi-iliskilerde-temel-kavramlar\/"},"modified":"2026-03-11T01:59:22","modified_gmt":"2026-03-10T22:59:22","slug":"devlet-ve-otesi-uluslararasi-iliskilerde-temel-kavramlar","status":"publish","type":"product","link":"https:\/\/roveyayinevi.com.tr\/index.php\/urun\/devlet-ve-otesi-uluslararasi-iliskilerde-temel-kavramlar\/","title":{"rendered":"Devlet ve \u00d6tesi: Uluslararas\u0131 \u0130li\u015fkilerde Temel Kavramlar"},"content":{"rendered":"<p>Bu derleme, T\u00fcrkiye\u2019de ulsulararas\u0131 ili\u015fkiler alan\u0131ndaki kuramsal bo\u015flu\u011fu doldurmaya d\u00f6n\u00fck \u00f6nemli bir ad\u0131md\u0131r. Atila Eralp, E Fuat Keyman, Oktay F. Tanr\u0131sever, M. Fatih Tayfur, Faruk Yalva\u00e7\u2019\u0131n olu\u015fturdu\u011fu \u00e7al\u0131\u015fma grubu, uluslararas\u0131 ili\u015fkiler  m\u00fcfredat\u0131n\u0131n , \u00e7o\u011funlukla  g\u00fcncel sorunlara  ve jeostratejik  et\u00fcdlere  s\u0131k\u0131\u015fan yerle\u015fik \u00e7er\u00e7evesini geni\u015fletmeyi ama\u00e7l\u0131yor. Bu ama\u00e7 do\u011frultusunda, alandaki kuramsal \u00fcretimin kapsaml\u0131 ve analitik bir d\u00f6k\u00fcm\u00fcn\u00fc \u00e7\u0131kart\u0131yolar. Bununla beraber, uluslararas\u0131 ili\u015fkilerin temel kavramlar\u0131n\u0131, sosyal teorideki yeni aray\u0131\u015flarla ve ba\u015fka sosyal bilim disiplinlerindeki y\u00f6nelimlerle ili\u015fkilendirerek, ele\u015ftirel bir bak\u0131\u015fla ele al\u0131yorlar. Alan\u0131n genellikle veri kabul edilen, i\u00e7eri\u011fi ve imalar\u0131 sorgulanmadan, satran\u00e7 ta\u015flar\u0131 gibi kullan\u0131lan anahtar kavramlar\u0131n\u0131 yeniden d\u00fc\u015f\u00fcn\u00fcyorlar. Devlet, G\u00fc\u00e7, D\u015f Politika, G\u00fcvenlik, Sistem, Hegomanya, Devletler ve Piyasalar, Kimlik ve Demokras, Sava\u015f ve Bar\u0131\u015f&#8230; Prof Atila Eralp\u2019in kitab\u0131n Giri\u015f\u2019inde belirtti\u011fi gibi, bu kuramsal \u00e7aba, uluslararas\u0131 ili\u015fkilere yakla\u015f\u0131mda toplum &#8211; merkezli ve \u00e7o\u011fulcu bir y\u00f6neli\u015fe tekab\u00fcl ediyor. <\/p>\n","protected":false},"excerpt":{"rendered":"<p>Bu derleme, T\u00fcrkiye\u2019de ulsulararas\u0131 ili\u015fkiler alan\u0131ndaki kuramsal bo\u015flu\u011fu doldurmaya d\u00f6n\u00fck \u00f6nemli bir ad\u0131md\u0131r. Atila Eralp, E Fuat Keyman, Oktay F. Tanr\u0131sever, M. Fatih Tayfur, Faruk Yalva\u00e7\u2019\u0131n<span class=\"excerpt-hellip\"> [\u2026]<\/span><\/p>\n","protected":false},"featured_media":0,"template":"","meta":{"_monsterinsights_skip_tracking":false,"_monsterinsights_sitenote_active":false,"_monsterinsights_sitenote_note":"","_monsterinsights_sitenote_category":0},"product_brand":[],"product_cat":[12965,12337],"product_tag":[],"class_list":{"0":"post-689165","1":"product","2":"type-product","3":"status-publish","5":"product_cat-genel-politika","6":"product_cat-politika-siyaset","7":"pa_cilt-ciltsiz","8":"pa_tur-kitap","9":"pa_yayinevi-iletisim-yayinlari","10":"pa_yazar-atila-eralp-der","12":"first","13":"instock","14":"sale","15":"shipping-taxable","16":"purchasable","17":"product-type-simple"},"_links":{"self":[{"href":"https:\/\/roveyayinevi.com.tr\/index.php\/wp-json\/wp\/v2\/product\/689165","targetHints":{"allow":["GET"]}}],"collection":[{"href":"https:\/\/roveyayinevi.com.tr\/index.php\/wp-json\/wp\/v2\/product"}],"about":[{"href":"https:\/\/roveyayinevi.com.tr\/index.php\/wp-json\/wp\/v2\/types\/product"}],"wp:attachment":[{"href":"https:\/\/roveyayinevi.com.tr\/index.php\/wp-json\/wp\/v2\/media?parent=689165"}],"wp:term":[{"taxonomy":"product_brand","embeddable":true,"href":"https:\/\/roveyayinevi.com.tr\/index.php\/wp-json\/wp\/v2\/product_brand?post=689165"},{"taxonomy":"product_cat","embeddable":true,"href":"https:\/\/roveyayinevi.com.tr\/index.php\/wp-json\/wp\/v2\/product_cat?post=689165"},{"taxonomy":"product_tag","embeddable":true,"href":"https:\/\/roveyayinevi.com.tr\/index.php\/wp-json\/wp\/v2\/product_tag?post=689165"}],"curies":[{"name":"wp","href":"https:\/\/api.w.org\/{rel}","templated":true}]}}