{"id":689164,"date":"2025-08-27T13:09:55","date_gmt":"2025-08-27T10:09:55","guid":{"rendered":"https:\/\/roveyayinevi.com.tr\/index.php\/urun\/cinnet\/"},"modified":"2026-02-03T02:00:16","modified_gmt":"2026-02-02T23:00:16","slug":"cinnet","status":"publish","type":"product","link":"https:\/\/roveyayinevi.com.tr\/index.php\/urun\/cinnet\/","title":{"rendered":"Cinnet"},"content":{"rendered":"<p>Yazma g\u00fcc\u00fcmden ve fikirleri en y\u00fcksek zerafet ve canl\u0131l\u0131kla ifade etmekteki harikulade yetene\u011fimden kesinkes emin olmasam hik\u00e2yeme, a\u015fa\u011f\u0131 yukar\u0131, b\u00f6yle ba\u015flamay\u0131 kararla\u015ft\u0131rm\u0131\u015ft\u0131m. Dahas\u0131, okuyucunun dikkatini \u015fu ger\u00e7e\u011fe \u00e7ekmeliydim; e\u011fer bu g\u00fc\u00e7ten, bu yetenekten, vesaire, yoksun olsa idim, sadece k\u0131sa s\u00fcre \u00f6nce olup biten kimi olaylar anlatmam\u0131\u015f olmazd\u0131m, anlatacak bir \u015fey de olmam\u0131\u015f olurdu, \u00e7\u00fcnk\u00fc, m\u00fclayim okuyucu, zaten hi\u00e7bir \u015fey olmam\u0131\u015f olurdu&#8230; (Cinnet, Sayfa 7)  Cinnet, cinayet ve delilik hakk\u0131ndad\u0131r; sarsan, kahkahalar att\u0131ran inan\u0131lmaz c\u00fcretk\u00e2r bir roman.  -Martin Amis-  Nabokov\u2019un k\u00f6ks\u00fczl\u00fc\u011f\u00fc, Hermann Karlovi\u00e7\u2019inki gibi, mutlakt\u0131r. O, kar\u015f\u0131 \u00e7\u0131kmak i\u00e7in bile olsa, herhangi bir toplumla ilgilenmez, \u00e7\u00fcnk\u00fc herhangi bir topluma ait de\u011fildir.  -Jean-Paul Sartre- <\/p>\n","protected":false},"excerpt":{"rendered":"<p>Yazma g\u00fcc\u00fcmden ve fikirleri en y\u00fcksek zerafet ve canl\u0131l\u0131kla ifade etmekteki harikulade yetene\u011fimden kesinkes emin olmasam hik\u00e2yeme, a\u015fa\u011f\u0131 yukar\u0131, b\u00f6yle ba\u015flamay\u0131 kararla\u015ft\u0131rm\u0131\u015ft\u0131m. Dahas\u0131, okuyucunun dikkatini \u015fu<span class=\"excerpt-hellip\"> [\u2026]<\/span><\/p>\n","protected":false},"featured_media":0,"template":"","meta":{"_monsterinsights_skip_tracking":false,"_monsterinsights_sitenote_active":false,"_monsterinsights_sitenote_note":"","_monsterinsights_sitenote_category":0},"product_brand":[],"product_cat":[12291,13570],"product_tag":[],"class_list":{"0":"post-689164","1":"product","2":"type-product","3":"status-publish","5":"product_cat-edebiyat","6":"product_cat-rus-edebiyati","7":"pa_cilt-ciltsiz","8":"pa_tur-kitap","9":"pa_yayinevi-iletisim-yayinlari","10":"pa_yazar-vladimir-nabokov","12":"first","13":"instock","14":"sale","15":"shipping-taxable","16":"purchasable","17":"product-type-simple"},"_links":{"self":[{"href":"https:\/\/roveyayinevi.com.tr\/index.php\/wp-json\/wp\/v2\/product\/689164","targetHints":{"allow":["GET"]}}],"collection":[{"href":"https:\/\/roveyayinevi.com.tr\/index.php\/wp-json\/wp\/v2\/product"}],"about":[{"href":"https:\/\/roveyayinevi.com.tr\/index.php\/wp-json\/wp\/v2\/types\/product"}],"wp:attachment":[{"href":"https:\/\/roveyayinevi.com.tr\/index.php\/wp-json\/wp\/v2\/media?parent=689164"}],"wp:term":[{"taxonomy":"product_brand","embeddable":true,"href":"https:\/\/roveyayinevi.com.tr\/index.php\/wp-json\/wp\/v2\/product_brand?post=689164"},{"taxonomy":"product_cat","embeddable":true,"href":"https:\/\/roveyayinevi.com.tr\/index.php\/wp-json\/wp\/v2\/product_cat?post=689164"},{"taxonomy":"product_tag","embeddable":true,"href":"https:\/\/roveyayinevi.com.tr\/index.php\/wp-json\/wp\/v2\/product_tag?post=689164"}],"curies":[{"name":"wp","href":"https:\/\/api.w.org\/{rel}","templated":true}]}}