{"id":689163,"date":"2025-08-27T13:09:55","date_gmt":"2025-08-27T10:09:55","guid":{"rendered":"https:\/\/roveyayinevi.com.tr\/index.php\/urun\/kuresel-guvenlik-kompleksi-uluslararasi-siyaset-ve-guvenlik\/"},"modified":"2026-04-16T01:58:46","modified_gmt":"2026-04-15T22:58:46","slug":"kuresel-guvenlik-kompleksi-uluslararasi-siyaset-ve-guvenlik","status":"publish","type":"product","link":"https:\/\/roveyayinevi.com.tr\/index.php\/urun\/kuresel-guvenlik-kompleksi-uluslararasi-siyaset-ve-guvenlik\/","title":{"rendered":"K\u00fcresel G\u00fcvenlik Kompleksi: Uluslararas\u0131 Siyaset ve G\u00fcvenlik"},"content":{"rendered":"<p>End\u00fcstriyelle\u015fmi\u015f topyek\u00fbn sava\u015f, bilgi sava\u015f\u0131, kahramanl\u0131k sonras\u0131 sava\u015f, fazilet sava\u015f\u0131, g\u00f6steri sava\u015f\u0131, postmodern sava\u015f, medeniyetler sava\u015f\u0131, ter\u00f6re kar\u015f\u0131 sava\u015f, a\u011f sava\u015f\u0131\u2026 Yeni zamanlarda sava\u015f\u0131n ald\u0131\u011f\u0131 bi\u00e7imler i\u00e7in \u00f6nerilen kavramlar bunlar. Sava\u015flar\u0131n ve g\u00fcvenlik politikalar\u0131n\u0131n radikal d\u00f6n\u00fc\u015f\u00fcmlerden ge\u00e7ti\u011fi bir d\u00f6nemdeyiz. Sava\u015f, hi\u00e7bir zaman sadece asker\u00ee bir mesele olmad\u0131, toplumsal yap\u0131lar\u0131n bi\u00e7imlenmesinde, devlet ve ulus-devlet in\u015fa s\u00fcre\u00e7lerinde rol oynad\u0131. Evren Balta Paker, g\u00fcn\u00fcm\u00fcz d\u00fcnyas\u0131nda sava\u015f\u0131n ald\u0131\u011f\u0131 yeni bi\u00e7imlerin \u00e7ok y\u00f6nl\u00fc bir politik analizini yap\u0131yor. Uluslararas\u0131 d\u00fczenin tesisinde sava\u015flar nas\u0131l bir rol oynuyor? \u201cK\u00fcresel G\u00fcvenlik Doktrini\u201d, \u201cTer\u00f6re Kar\u015f\u0131 Sava\u015f\u201d gibi sihirli terimler, politikan\u0131n ve uluslararas\u0131 m\u00fcdahalenin \u00e7er\u00e7evesini nas\u0131l \u00e7iziyor? \u0130nsan haklar\u0131n\u0131n bu \u00e7er\u00e7evedeki ger\u00e7ek anlam\u0131 ne? Kitab\u0131n \u00f6nemli ba\u015fl\u0131klar\u0131ndan biri de ordular\u0131n d\u00f6n\u00fc\u015f\u00fcm\u00fc ve yeni g\u00fcvenlik end\u00fcstrisi. Bu end\u00fcstrinin \u00fcretti\u011fi g\u00fcvenlik \u2018hizmeti\u2019 ve bununla beraber s\u00fcrekli yeniden \u00fcretti\u011fi g\u00fcvensizlik alg\u0131s\u0131, belki de bu meselenin kalbini olu\u015fturuyor.<\/p>\n","protected":false},"excerpt":{"rendered":"<p>End\u00fcstriyelle\u015fmi\u015f topyek\u00fbn sava\u015f, bilgi sava\u015f\u0131, kahramanl\u0131k sonras\u0131 sava\u015f, fazilet sava\u015f\u0131, g\u00f6steri sava\u015f\u0131, postmodern sava\u015f, medeniyetler sava\u015f\u0131, ter\u00f6re kar\u015f\u0131 sava\u015f, a\u011f sava\u015f\u0131\u2026 Yeni zamanlarda sava\u015f\u0131n ald\u0131\u011f\u0131 bi\u00e7imler<span class=\"excerpt-hellip\"> [\u2026]<\/span><\/p>\n","protected":false},"featured_media":0,"template":"","meta":{"_monsterinsights_skip_tracking":false,"_monsterinsights_sitenote_active":false,"_monsterinsights_sitenote_note":"","_monsterinsights_sitenote_category":0},"product_brand":[],"product_cat":[13059,12337],"product_tag":[],"class_list":{"0":"post-689163","1":"product","2":"type-product","3":"status-publish","5":"product_cat-diger-politika-siyaset","6":"product_cat-politika-siyaset","7":"pa_tur-kitap","8":"pa_yayinevi-iletisim-yayinlari","9":"pa_yazar-evren-balta-paker","11":"first","12":"instock","13":"sale","14":"shipping-taxable","15":"purchasable","16":"product-type-simple"},"_links":{"self":[{"href":"https:\/\/roveyayinevi.com.tr\/index.php\/wp-json\/wp\/v2\/product\/689163","targetHints":{"allow":["GET"]}}],"collection":[{"href":"https:\/\/roveyayinevi.com.tr\/index.php\/wp-json\/wp\/v2\/product"}],"about":[{"href":"https:\/\/roveyayinevi.com.tr\/index.php\/wp-json\/wp\/v2\/types\/product"}],"wp:attachment":[{"href":"https:\/\/roveyayinevi.com.tr\/index.php\/wp-json\/wp\/v2\/media?parent=689163"}],"wp:term":[{"taxonomy":"product_brand","embeddable":true,"href":"https:\/\/roveyayinevi.com.tr\/index.php\/wp-json\/wp\/v2\/product_brand?post=689163"},{"taxonomy":"product_cat","embeddable":true,"href":"https:\/\/roveyayinevi.com.tr\/index.php\/wp-json\/wp\/v2\/product_cat?post=689163"},{"taxonomy":"product_tag","embeddable":true,"href":"https:\/\/roveyayinevi.com.tr\/index.php\/wp-json\/wp\/v2\/product_tag?post=689163"}],"curies":[{"name":"wp","href":"https:\/\/api.w.org\/{rel}","templated":true}]}}