{"id":689162,"date":"2025-08-27T13:09:55","date_gmt":"2025-08-27T10:09:55","guid":{"rendered":"https:\/\/roveyayinevi.com.tr\/index.php\/urun\/cehenneme-ovgu\/"},"modified":"2026-04-16T01:58:46","modified_gmt":"2026-04-15T22:58:46","slug":"cehenneme-ovgu","status":"publish","type":"product","link":"https:\/\/roveyayinevi.com.tr\/index.php\/urun\/cehenneme-ovgu\/","title":{"rendered":"Cehenneme \u00d6vg\u00fc"},"content":{"rendered":"<p>Baz\u0131 ele\u015ftirmenlerin \u201c\u015feytan\u0131n avukat\u0131\u201d s\u0131fat\u0131n\u0131 yak\u0131\u015ft\u0131rd\u0131klar\u0131 G\u00fcnd\u00fcz Vassaf\u2019\u0131n \u201cg\u00f6zden ge\u00e7irilmi\u015f ve geni\u015fletilmi\u015f yeni bask\u0131s\u0131\u201dyla sundu\u011fumuz Cehenneme \u00d6vg\u00fc\u2019s\u00fc, i\u00e7imizde b\u00fcy\u00fct\u00fcp ya\u015fatt\u0131\u011f\u0131m\u0131z k\u00fc\u00e7\u00fck \u2018totaliter d\u00fcnyalar\u2019\u0131m\u0131z\u0131 afi\u015fe ediyor, daha do\u011frusu \u2018y\u00fcz\u00fcm\u00fcze vuruyor\u2019. Totalitarizmin -anne karn\u0131ndaki bebe\u011fin beslenmesi gibi- bireyle toplumu ba\u011flayan g\u00f6bek ba\u011f\u0131yla semirdi\u011fini, hayata ili\u015fkin alg\u0131lar\u0131m\u0131z\u0131 ve kimi dayat\u0131lan kimisini de g\u00f6n\u00fcll\u00fc olarak kabul etti\u011fimiz kavramlar\u0131 irdeleyerek g\u00f6steriyor. Cehenneme \u00d6vg\u00fc, yazar\u0131n kendiyle hesapla\u015ft\u0131\u011f\u0131, herkesi de hesapla\u015fmaya \u00e7a\u011f\u0131ran, hatta k\u0131\u015fk\u0131rtan bir kitap.\ufffc<\/p>\n","protected":false},"excerpt":{"rendered":"<p>Baz\u0131 ele\u015ftirmenlerin \u201c\u015feytan\u0131n avukat\u0131\u201d s\u0131fat\u0131n\u0131 yak\u0131\u015ft\u0131rd\u0131klar\u0131 G\u00fcnd\u00fcz Vassaf\u2019\u0131n \u201cg\u00f6zden ge\u00e7irilmi\u015f ve geni\u015fletilmi\u015f yeni bask\u0131s\u0131\u201dyla sundu\u011fumuz Cehenneme \u00d6vg\u00fc\u2019s\u00fc, i\u00e7imizde b\u00fcy\u00fct\u00fcp ya\u015fatt\u0131\u011f\u0131m\u0131z k\u00fc\u00e7\u00fck \u2018totaliter d\u00fcnyalar\u2019\u0131m\u0131z\u0131 afi\u015fe ediyor, daha<span class=\"excerpt-hellip\"> [\u2026]<\/span><\/p>\n","protected":false},"featured_media":0,"template":"","meta":{"_monsterinsights_skip_tracking":false,"_monsterinsights_sitenote_active":false,"_monsterinsights_sitenote_note":"","_monsterinsights_sitenote_category":0},"product_brand":[],"product_cat":[13633,12324],"product_tag":[],"class_list":{"0":"post-689162","1":"product","2":"type-product","3":"status-publish","5":"product_cat-kultur-ve-bilim","6":"product_cat-sosyoloji","7":"pa_cilt-ciltsiz","8":"pa_tur-kitap","9":"pa_yayinevi-iletisim-yayinlari","10":"pa_yazar-gunduz-vassaf","12":"first","13":"instock","14":"sale","15":"shipping-taxable","16":"purchasable","17":"product-type-simple"},"_links":{"self":[{"href":"https:\/\/roveyayinevi.com.tr\/index.php\/wp-json\/wp\/v2\/product\/689162","targetHints":{"allow":["GET"]}}],"collection":[{"href":"https:\/\/roveyayinevi.com.tr\/index.php\/wp-json\/wp\/v2\/product"}],"about":[{"href":"https:\/\/roveyayinevi.com.tr\/index.php\/wp-json\/wp\/v2\/types\/product"}],"wp:attachment":[{"href":"https:\/\/roveyayinevi.com.tr\/index.php\/wp-json\/wp\/v2\/media?parent=689162"}],"wp:term":[{"taxonomy":"product_brand","embeddable":true,"href":"https:\/\/roveyayinevi.com.tr\/index.php\/wp-json\/wp\/v2\/product_brand?post=689162"},{"taxonomy":"product_cat","embeddable":true,"href":"https:\/\/roveyayinevi.com.tr\/index.php\/wp-json\/wp\/v2\/product_cat?post=689162"},{"taxonomy":"product_tag","embeddable":true,"href":"https:\/\/roveyayinevi.com.tr\/index.php\/wp-json\/wp\/v2\/product_tag?post=689162"}],"curies":[{"name":"wp","href":"https:\/\/api.w.org\/{rel}","templated":true}]}}