{"id":689161,"date":"2025-08-27T13:09:55","date_gmt":"2025-08-27T10:09:55","guid":{"rendered":"https:\/\/roveyayinevi.com.tr\/index.php\/urun\/kurum-kulturu\/"},"modified":"2026-04-16T01:58:46","modified_gmt":"2026-04-15T22:58:46","slug":"kurum-kulturu","status":"publish","type":"product","link":"https:\/\/roveyayinevi.com.tr\/index.php\/urun\/kurum-kulturu\/","title":{"rendered":"Kurum K\u00fclt\u00fcr\u00fc"},"content":{"rendered":"<p>\u00d6rg\u00fctleri, bireyler aras\u0131nda payla\u015f\u0131lan de\u011fer sistemi olan k\u00fclt\u00fcr a\u00e7\u0131s\u0131ndan inceleme d\u00fc\u015f\u00fcncesi, olduk\u00e7a yeni bir kavramd\u0131r. \u00d6rg\u00fctlerin de t\u0131pk\u0131 bireyler gibi, bir k\u00fclt\u00fcrleri ve ki\u015filikleri vard\u0131r. Kurum taraf\u0131ndan benimsenen temel de\u011ferler veya \u00f6rg\u00fct \u00fcyelerince payla\u015f\u0131lan ve herkesin i\u00e7inde hareket etti\u011fi ortak anlay\u0131\u015f ve temel inan\u00e7 sistemi olarak tan\u0131mlanabilen kurum k\u00fclt\u00fcr\u00fc, \u00f6rg\u00fct\u00fc bir makina ya da canl\u0131 bir organizma olarak g\u00f6rmenin \u00f6tesinde, bu yap\u0131ya yeni bir boyut kazand\u0131r\u0131r. G\u00fcn\u00fcm\u00fczde bir\u00e7ok firma, \u00f6rg\u00fctsel verimlili\u011fin ilk planda \u00d6nce \u0130nsan felsefesi ve bilin\u00e7li, g\u00fc\u00e7l\u00fc bir kurum k\u00fclt\u00fcr\u00fcyle ger\u00e7ekle\u015fece\u011fini anlam\u0131\u015ft\u0131r. Ege \u00dcniversitesi \u0130leti\u015fim Fak\u00fcltesi Halkla \u0130li\u015fkiler ve Tan\u0131t\u0131m B\u00f6l\u00fcm\u00fc\u2019nde yard\u0131mc\u0131 do\u00e7ent olan yazar bu \u00e7al\u0131\u015fmas\u0131nda, y\u00f6netim teorilerinin evrimini, kurum k\u00fclt\u00fcrlerinin s\u0131n\u0131fland\u0131r\u0131lmalar\u0131n\u0131 ve bu ba\u011flamda liderin rol\u00fcn\u00fc, \u00e7al\u0131\u015fanlar\u0131n sosyalizasyon s\u00fcre\u00e7lerini ve \u00f6rg\u00fctsel bazda olu\u015fan formel ve informel ileti\u015fimleri inceleyerek halkla ili\u015fkiler y\u00f6netimini mercek alt\u0131na alm\u0131\u015ft\u0131r. \ufffcTan\u0131t\u0131m Metni<\/p>\n","protected":false},"excerpt":{"rendered":"<p>\u00d6rg\u00fctleri, bireyler aras\u0131nda payla\u015f\u0131lan de\u011fer sistemi olan k\u00fclt\u00fcr a\u00e7\u0131s\u0131ndan inceleme d\u00fc\u015f\u00fcncesi, olduk\u00e7a yeni bir kavramd\u0131r. \u00d6rg\u00fctlerin de t\u0131pk\u0131 bireyler gibi, bir k\u00fclt\u00fcrleri ve ki\u015filikleri vard\u0131r. Kurum<span class=\"excerpt-hellip\"> [\u2026]<\/span><\/p>\n","protected":false},"featured_media":0,"template":"","meta":{"_monsterinsights_skip_tracking":false,"_monsterinsights_sitenote_active":false,"_monsterinsights_sitenote_note":"","_monsterinsights_sitenote_category":0},"product_brand":[],"product_cat":[12835,12324],"product_tag":[],"class_list":{"0":"post-689161","1":"product","2":"type-product","3":"status-publish","5":"product_cat-genel-sosyoloji","6":"product_cat-sosyoloji","7":"pa_cilt-ciltsiz","8":"pa_tur-kitap","9":"pa_yayinevi-iletisim-yayinlari","10":"pa_yazar-z-beril-akinci-vural","12":"first","13":"instock","14":"sale","15":"shipping-taxable","16":"purchasable","17":"product-type-simple"},"_links":{"self":[{"href":"https:\/\/roveyayinevi.com.tr\/index.php\/wp-json\/wp\/v2\/product\/689161","targetHints":{"allow":["GET"]}}],"collection":[{"href":"https:\/\/roveyayinevi.com.tr\/index.php\/wp-json\/wp\/v2\/product"}],"about":[{"href":"https:\/\/roveyayinevi.com.tr\/index.php\/wp-json\/wp\/v2\/types\/product"}],"wp:attachment":[{"href":"https:\/\/roveyayinevi.com.tr\/index.php\/wp-json\/wp\/v2\/media?parent=689161"}],"wp:term":[{"taxonomy":"product_brand","embeddable":true,"href":"https:\/\/roveyayinevi.com.tr\/index.php\/wp-json\/wp\/v2\/product_brand?post=689161"},{"taxonomy":"product_cat","embeddable":true,"href":"https:\/\/roveyayinevi.com.tr\/index.php\/wp-json\/wp\/v2\/product_cat?post=689161"},{"taxonomy":"product_tag","embeddable":true,"href":"https:\/\/roveyayinevi.com.tr\/index.php\/wp-json\/wp\/v2\/product_tag?post=689161"}],"curies":[{"name":"wp","href":"https:\/\/api.w.org\/{rel}","templated":true}]}}