{"id":689159,"date":"2025-08-27T13:09:54","date_gmt":"2025-08-27T10:09:54","guid":{"rendered":"https:\/\/roveyayinevi.com.tr\/index.php\/urun\/hangi-kansere-hangi-bitki\/"},"modified":"2026-04-16T01:58:46","modified_gmt":"2026-04-15T22:58:46","slug":"hangi-kansere-hangi-bitki","status":"publish","type":"product","link":"https:\/\/roveyayinevi.com.tr\/index.php\/urun\/hangi-kansere-hangi-bitki\/","title":{"rendered":"Hangi Kansere Hangi Bitki?"},"content":{"rendered":"<p>Modern t\u0131bb\u0131n son y\u0131llarda &#8220;dikkate almak&#8221; zorunda kald\u0131\u011f\u0131 ger\u00e7eklerden biri de &#8220;bitkilerin kanser tedavisindeki g\u00fcc\u00fc&#8221;&#8230; Bitkisel tedaviyle birlikte akupunktur gibi yakla\u015f\u0131mlarda art\u0131k &#8220;etkili alternatifler&#8221; olarak alg\u0131lan\u0131yor. \u00d6zetle g\u00fcn\u00fcm\u00fczde kanser hastalar\u0131, &#8220;ameliyat-kemoterapi-radyoterapi&#8221; \u00fc\u00e7l\u00fcs\u00fcn\u00fcn d\u0131\u015f\u0131nda da g\u00fcvene- bilecekleri ve fayda sa\u011flayabilecekleri tamamlay\u0131c\u0131 tedavi y\u00f6ntemlerine sahip. Kitap en g\u00fcncel bilimsel literat\u00fcrden elde edilmi\u015f en yeni bilgileri i\u00e7eren, \u00fclkemizdeki en kapsaml\u0131 \u00e7al\u0131\u015fma. \ufffcTan\u0131t\u0131m Metni<\/p>\n","protected":false},"excerpt":{"rendered":"<p>Modern t\u0131bb\u0131n son y\u0131llarda &#8220;dikkate almak&#8221; zorunda kald\u0131\u011f\u0131 ger\u00e7eklerden biri de &#8220;bitkilerin kanser tedavisindeki g\u00fcc\u00fc&#8221;&#8230; Bitkisel tedaviyle birlikte akupunktur gibi yakla\u015f\u0131mlarda art\u0131k &#8220;etkili alternatifler&#8221; olarak alg\u0131lan\u0131yor.<span class=\"excerpt-hellip\"> [\u2026]<\/span><\/p>\n","protected":false},"featured_media":0,"template":"","meta":{"_monsterinsights_skip_tracking":false,"_monsterinsights_sitenote_active":false,"_monsterinsights_sitenote_note":"","_monsterinsights_sitenote_category":0},"product_brand":[],"product_cat":[13397,13365],"product_tag":[],"class_list":{"0":"post-689159","1":"product","2":"type-product","3":"status-publish","5":"product_cat-alternatif-tip-sifali-bitkiler","6":"product_cat-saglik","7":"pa_cilt-ciltsiz","8":"pa_tur-kitap","9":"pa_yayinevi-hayykitap","10":"pa_yazar-canfeza-sezgin","12":"first","13":"instock","14":"sale","15":"shipping-taxable","16":"purchasable","17":"product-type-simple"},"_links":{"self":[{"href":"https:\/\/roveyayinevi.com.tr\/index.php\/wp-json\/wp\/v2\/product\/689159","targetHints":{"allow":["GET"]}}],"collection":[{"href":"https:\/\/roveyayinevi.com.tr\/index.php\/wp-json\/wp\/v2\/product"}],"about":[{"href":"https:\/\/roveyayinevi.com.tr\/index.php\/wp-json\/wp\/v2\/types\/product"}],"wp:attachment":[{"href":"https:\/\/roveyayinevi.com.tr\/index.php\/wp-json\/wp\/v2\/media?parent=689159"}],"wp:term":[{"taxonomy":"product_brand","embeddable":true,"href":"https:\/\/roveyayinevi.com.tr\/index.php\/wp-json\/wp\/v2\/product_brand?post=689159"},{"taxonomy":"product_cat","embeddable":true,"href":"https:\/\/roveyayinevi.com.tr\/index.php\/wp-json\/wp\/v2\/product_cat?post=689159"},{"taxonomy":"product_tag","embeddable":true,"href":"https:\/\/roveyayinevi.com.tr\/index.php\/wp-json\/wp\/v2\/product_tag?post=689159"}],"curies":[{"name":"wp","href":"https:\/\/api.w.org\/{rel}","templated":true}]}}