{"id":689158,"date":"2025-08-27T13:09:54","date_gmt":"2025-08-27T10:09:54","guid":{"rendered":"https:\/\/roveyayinevi.com.tr\/index.php\/urun\/dogru-beslenmeyle-ilgili-yanlis-bildiklerimiz\/"},"modified":"2026-04-16T01:58:46","modified_gmt":"2026-04-15T22:58:46","slug":"dogru-beslenmeyle-ilgili-yanlis-bildiklerimiz","status":"publish","type":"product","link":"https:\/\/roveyayinevi.com.tr\/index.php\/urun\/dogru-beslenmeyle-ilgili-yanlis-bildiklerimiz\/","title":{"rendered":"Do\u011fru Beslenmeyle \u0130lgili Yanl\u0131\u015f Bildiklerimiz"},"content":{"rendered":"<p>Egzersiz terapisti Serkan Yimsel, bilimsel ara\u015ft\u0131rmalar e\u015fli\u011finde modern zamanlar\u0131n 8 beslenme mitini tek tek \u00e7\u00fcr\u00fct\u00fcyor. Annelerimizin, dedelerimizin geleneksel olarak t\u00fcketti\u011fi ancak \u015f\u0131k ofislerde &#8220;hizmet&#8221; veren diyetisyenlerin \u00f6c\u00fc gibi korktu\u011fu g\u0131dalar\u0131 tekrar sofram\u0131za kazand\u0131r\u0131yor.Yimsel, tek tip beslenme piramitlerinin, light, d\u00fc\u015f\u00fck ya\u011fl\u0131, ya\u011fs\u0131z \u00fcr\u00fcnlerin, aspartam\u0131n, &#8220;kalp dostu&#8221; margarinlerin, tuz ve kolestrol d\u00fc\u015fmanlar\u0131n\u0131n foyas\u0131n\u0131 meydana \u00e7\u0131kar\u0131yor. Tarafs\u0131z bak\u0131\u015f a\u00e7\u0131s\u0131yla sa\u011fl\u0131kl\u0131 beslenme hakk\u0131nda bize s\u00f6ylenmeyenleri s\u00f6yl\u00fcyor.<\/p>\n","protected":false},"excerpt":{"rendered":"<p>Egzersiz terapisti Serkan Yimsel, bilimsel ara\u015ft\u0131rmalar e\u015fli\u011finde modern zamanlar\u0131n 8 beslenme mitini tek tek \u00e7\u00fcr\u00fct\u00fcyor. Annelerimizin, dedelerimizin geleneksel olarak t\u00fcketti\u011fi ancak \u015f\u0131k ofislerde &#8220;hizmet&#8221; veren diyetisyenlerin<span class=\"excerpt-hellip\"> [\u2026]<\/span><\/p>\n","protected":false},"featured_media":0,"template":"","meta":{"_monsterinsights_skip_tracking":false,"_monsterinsights_sitenote_active":false,"_monsterinsights_sitenote_note":"","_monsterinsights_sitenote_category":0},"product_brand":[],"product_cat":[13397,13365],"product_tag":[],"class_list":{"0":"post-689158","1":"product","2":"type-product","3":"status-publish","5":"product_cat-alternatif-tip-sifali-bitkiler","6":"product_cat-saglik","7":"pa_cilt-ciltsiz","8":"pa_tur-kitap","9":"pa_yayinevi-hayykitap","10":"pa_yazar-serkan-o-yimsel","12":"first","13":"instock","14":"sale","15":"shipping-taxable","16":"purchasable","17":"product-type-simple"},"_links":{"self":[{"href":"https:\/\/roveyayinevi.com.tr\/index.php\/wp-json\/wp\/v2\/product\/689158","targetHints":{"allow":["GET"]}}],"collection":[{"href":"https:\/\/roveyayinevi.com.tr\/index.php\/wp-json\/wp\/v2\/product"}],"about":[{"href":"https:\/\/roveyayinevi.com.tr\/index.php\/wp-json\/wp\/v2\/types\/product"}],"wp:attachment":[{"href":"https:\/\/roveyayinevi.com.tr\/index.php\/wp-json\/wp\/v2\/media?parent=689158"}],"wp:term":[{"taxonomy":"product_brand","embeddable":true,"href":"https:\/\/roveyayinevi.com.tr\/index.php\/wp-json\/wp\/v2\/product_brand?post=689158"},{"taxonomy":"product_cat","embeddable":true,"href":"https:\/\/roveyayinevi.com.tr\/index.php\/wp-json\/wp\/v2\/product_cat?post=689158"},{"taxonomy":"product_tag","embeddable":true,"href":"https:\/\/roveyayinevi.com.tr\/index.php\/wp-json\/wp\/v2\/product_tag?post=689158"}],"curies":[{"name":"wp","href":"https:\/\/api.w.org\/{rel}","templated":true}]}}