{"id":689157,"date":"2025-08-27T13:09:54","date_gmt":"2025-08-27T10:09:54","guid":{"rendered":"https:\/\/roveyayinevi.com.tr\/index.php\/urun\/ebeveynin-olumu-yeni-bir-yetiskin-kimligine-gecis\/"},"modified":"2026-04-16T01:58:46","modified_gmt":"2026-04-15T22:58:46","slug":"ebeveynin-olumu-yeni-bir-yetiskin-kimligine-gecis","status":"publish","type":"product","link":"https:\/\/roveyayinevi.com.tr\/index.php\/urun\/ebeveynin-olumu-yeni-bir-yetiskin-kimligine-gecis\/","title":{"rendered":"Ebeveynin \u00d6l\u00fcm\u00fc: Yeni Bir Yeti\u015fkin Kimli\u011fine Ge\u00e7i\u015f"},"content":{"rendered":"<p>Bir\u00e7ok yeti\u015fkin, ortaya\u015f y\u0131llar\u0131n\u0131n en yo\u011fun d\u00f6neminde, tam da kendi ya\u015flanmalar\u0131yla y\u00fczle\u015ftikleri bir s\u0131rada ebeveynlerini kaybeder. Bu kay\u0131p her ne kadar beklenen bir olay olsa da, ki\u015fi \u00fczerindeki etkileri beklenmedik \u00f6l\u00e7\u00fcde sars\u0131c\u0131 olabilir. Bu kitap ebeveyn kayb\u0131 olgusunun, yeti\u015fkinin hayat\u0131nda ne anlama geldi\u011fini ve nas\u0131l sonu\u00e7lara yol a\u00e7t\u0131\u011f\u0131n\u0131 ele al\u0131yor. Teksas \u00dcniversitesi Sosyoloji B\u00f6l\u00fcm\u00fc ba\u015fkan\u0131 Debra Umberson, Ebeveynin \u00d6l\u00fcm\u00fc\u2019nde bu \u00f6nemli kayb\u0131n yeti\u015fkinin hayat\u0131n\u0131 duygusal, toplumsal ve mesleki a\u00e7\u0131lardan nas\u0131l de\u011fi\u015ftirdi\u011fini ve ki\u015finin hayat\u0131nda nas\u0131l bir d\u00f6n\u00fcm noktas\u0131 te\u015fkil etti\u011fini ortaya koyuyor. Yazar, istatiksel veriler ile geni\u015f \u00f6l\u00e7ekli derinlemesine g\u00f6r\u00fc\u015fmelere dayanan ara\u015ft\u0131rmas\u0131 \u0131\u015f\u0131\u011f\u0131nda, kay\u0131p s\u00fcrecini ve sonras\u0131n\u0131 belirleyen psikolojik ve sosyal etkenleri tart\u0131\u015f\u0131yor. Kitap, yeti\u015fkinleri \u201cgeli\u015fimini tamamlam\u0131\u015f, dura\u011fan\u201d ki\u015filer olarak g\u00f6ren genel kabul\u00fcn aksine, ebeveynlerini kaybeden ki\u015filerin inan\u00e7lar\u0131nda, davran\u0131\u015flar\u0131nda, hedeflerinde ve kendilik duygular\u0131nda nas\u0131l derin bir d\u00f6n\u00fc\u015f\u00fcm ge\u00e7irdiklerini a\u00e7\u0131k ve net bir dille g\u00f6zler \u00f6n\u00fcne seriyor. ABD Ulusal Ya\u015fl\u0131l\u0131k Enstit\u00fcs\u00fc\u2019nden \u00f6d\u00fcll\u00fc Ebeveynin \u00d6l\u00fcm\u00fc, anne-babas\u0131n\u0131 kaybetmi\u015f olup bu konuda kafa yoranlara; ayr\u0131ca \u00f6l\u00fcm, ya\u015fl\u0131l\u0131k, aile ve ebeveyn-\u00e7ocuk ili\u015fkileri konular\u0131nda \u00e7al\u0131\u015fan uzmanlara y\u00f6nelik, hem samimi hem de yetkin bir ba\u015fvuru kayna\u011f\u0131.<\/p>\n","protected":false},"excerpt":{"rendered":"<p>Bir\u00e7ok yeti\u015fkin, ortaya\u015f y\u0131llar\u0131n\u0131n en yo\u011fun d\u00f6neminde, tam da kendi ya\u015flanmalar\u0131yla y\u00fczle\u015ftikleri bir s\u0131rada ebeveynlerini kaybeder. Bu kay\u0131p her ne kadar beklenen bir olay olsa da,<span class=\"excerpt-hellip\"> [\u2026]<\/span><\/p>\n","protected":false},"featured_media":0,"template":"","meta":{"_monsterinsights_skip_tracking":false,"_monsterinsights_sitenote_active":false,"_monsterinsights_sitenote_note":"","_monsterinsights_sitenote_category":0},"product_brand":[],"product_cat":[12358,12357],"product_tag":[],"class_list":{"0":"post-689157","1":"product","2":"type-product","3":"status-publish","5":"product_cat-genel-psikoloji","6":"product_cat-psikoloji","7":"pa_cilt-ciltsiz","8":"pa_tur-kitap","9":"pa_yayinevi-iletisim-yayinlari","10":"pa_yazar-debra-umberson","12":"first","13":"instock","14":"sale","15":"shipping-taxable","16":"purchasable","17":"product-type-simple"},"_links":{"self":[{"href":"https:\/\/roveyayinevi.com.tr\/index.php\/wp-json\/wp\/v2\/product\/689157","targetHints":{"allow":["GET"]}}],"collection":[{"href":"https:\/\/roveyayinevi.com.tr\/index.php\/wp-json\/wp\/v2\/product"}],"about":[{"href":"https:\/\/roveyayinevi.com.tr\/index.php\/wp-json\/wp\/v2\/types\/product"}],"wp:attachment":[{"href":"https:\/\/roveyayinevi.com.tr\/index.php\/wp-json\/wp\/v2\/media?parent=689157"}],"wp:term":[{"taxonomy":"product_brand","embeddable":true,"href":"https:\/\/roveyayinevi.com.tr\/index.php\/wp-json\/wp\/v2\/product_brand?post=689157"},{"taxonomy":"product_cat","embeddable":true,"href":"https:\/\/roveyayinevi.com.tr\/index.php\/wp-json\/wp\/v2\/product_cat?post=689157"},{"taxonomy":"product_tag","embeddable":true,"href":"https:\/\/roveyayinevi.com.tr\/index.php\/wp-json\/wp\/v2\/product_tag?post=689157"}],"curies":[{"name":"wp","href":"https:\/\/api.w.org\/{rel}","templated":true}]}}