{"id":689156,"date":"2025-08-27T13:09:54","date_gmt":"2025-08-27T10:09:54","guid":{"rendered":"https:\/\/roveyayinevi.com.tr\/index.php\/urun\/dunden-kalanlar-turkiyede-hemsirelik-ve-gata-tsk-meslek-lisesi-ornegi\/"},"modified":"2026-04-16T01:58:46","modified_gmt":"2026-04-15T22:58:46","slug":"dunden-kalanlar-turkiyede-hemsirelik-ve-gata-tsk-meslek-lisesi-ornegi","status":"publish","type":"product","link":"https:\/\/roveyayinevi.com.tr\/index.php\/urun\/dunden-kalanlar-turkiyede-hemsirelik-ve-gata-tsk-meslek-lisesi-ornegi\/","title":{"rendered":"D\u00fcnden Kalanlar: T\u00fcrkiye&#8217;de Hem\u015firelik ve GATA TSK Meslek Lisesi \u00d6rne\u011fi"},"content":{"rendered":"<p>Biz insan hayat\u0131yla birebir i\u00e7 i\u00e7eyiz. Ama i\u015fte kar\u015f\u0131m\u0131zdaki insanlar nedense hi\u00e7bir zaman hem\u015fireleri pek iyi g\u00f6zle g\u00f6rm\u00fcyorlar. Hep, her zaman b\u00f6yle olmu\u015ftur. \u00c7al\u0131\u015ft\u0131\u011f\u0131m\u0131z yerlerde de \u00f6yle. Nedendir bilmiyorum bir laboranta bak\u0131\u015f a\u00e7\u0131s\u0131yla bir hem\u015fireye bak\u0131\u015f a\u00e7\u0131s\u0131 o kadar farkl\u0131 ki. Asl\u0131nda biz onlardan daha yo\u011fun \u00e7al\u0131\u015f\u0131yoruz, daha fazla \u00e7al\u0131\u015f\u0131yoruz. Buna ra\u011fmen ama, bak\u0131\u015f a\u00e7\u0131s\u0131 ve verilen de\u011fer \u00e7ok farkl\u0131. Bunlara \u00e7ok \u00fcz\u00fcl\u00fcyorum.  Hem\u015firelik, kad\u0131n eme\u011finin g\u00f6r\u00fcnmezli\u011finin evle s\u0131n\u0131rl\u0131 olmad\u0131\u011f\u0131n\u0131 bize en berrak g\u00f6steren \u00f6rnektir herhalde. \u00dccretli bir emek t\u00fcr\u00fc olmas\u0131na kar\u015f\u0131n, g\u00f6r\u00fcnmez. \u00c7\u00fcnk\u00fc onlar\u0131nki,  bak\u0131m eme\u011fi dir! Yani kad\u0131nlar\u0131n  zaten ,  oldum olas\u0131  yapageldikleri i\u015fler. Hem\u015fire s\u00f6z konusu oldu\u011funda t\u0131bbi bak\u0131m, evde annenin, k\u0131z karde\u015fin yap\u0131p durdu\u011fu i\u015ften pek de farkl\u0131 bir \u015fey de\u011filmi\u015f gibi d\u00fc\u015f\u00fcn\u00fcl\u00fcr. Hem\u015fire istedi\u011fi kadar e\u011fitim alm\u0131\u015f, y\u0131llarca tecr\u00fcbe biriktirmi\u015f ve kimi zaman doktorun hatas\u0131n\u0131 fark edecek kadar konuya h\u00e2kim olsun, o,  k\u0131z karde\u015f tir. Elinizdeki kitap, hem\u015firelere kulak veriyor, onlar\u0131n sesini duymam\u0131z\u0131 sa\u011fl\u0131yor. Bu sesin anlatt\u0131\u011f\u0131, sadece bir mesle\u011fin \u00e7ilesi de\u011fil. Bu sese kulak vererek cinsiyete ve s\u0131n\u0131fa dair i\u00e7 i\u00e7e ge\u00e7mi\u015f d\u00fczenlemeleri  teknik  gerekliliklerden ve bilimsellikten ay\u0131rt edebiliyoruz&#8230; <\/p>\n","protected":false},"excerpt":{"rendered":"<p>Biz insan hayat\u0131yla birebir i\u00e7 i\u00e7eyiz. Ama i\u015fte kar\u015f\u0131m\u0131zdaki insanlar nedense hi\u00e7bir zaman hem\u015fireleri pek iyi g\u00f6zle g\u00f6rm\u00fcyorlar. Hep, her zaman b\u00f6yle olmu\u015ftur. \u00c7al\u0131\u015ft\u0131\u011f\u0131m\u0131z yerlerde de<span class=\"excerpt-hellip\"> [\u2026]<\/span><\/p>\n","protected":false},"featured_media":0,"template":"","meta":{"_monsterinsights_skip_tracking":false,"_monsterinsights_sitenote_active":false,"_monsterinsights_sitenote_note":"","_monsterinsights_sitenote_category":0},"product_brand":[],"product_cat":[12365,12364],"product_tag":[],"class_list":{"0":"post-689156","1":"product","2":"type-product","3":"status-publish","5":"product_cat-diger-genel-konular","6":"product_cat-genel-konular","7":"pa_tur-kitap","8":"pa_yayinevi-iletisim-yayinlari","9":"pa_yazar-leyla-simsek-rathke","11":"first","12":"instock","13":"sale","14":"shipping-taxable","15":"purchasable","16":"product-type-simple"},"_links":{"self":[{"href":"https:\/\/roveyayinevi.com.tr\/index.php\/wp-json\/wp\/v2\/product\/689156","targetHints":{"allow":["GET"]}}],"collection":[{"href":"https:\/\/roveyayinevi.com.tr\/index.php\/wp-json\/wp\/v2\/product"}],"about":[{"href":"https:\/\/roveyayinevi.com.tr\/index.php\/wp-json\/wp\/v2\/types\/product"}],"wp:attachment":[{"href":"https:\/\/roveyayinevi.com.tr\/index.php\/wp-json\/wp\/v2\/media?parent=689156"}],"wp:term":[{"taxonomy":"product_brand","embeddable":true,"href":"https:\/\/roveyayinevi.com.tr\/index.php\/wp-json\/wp\/v2\/product_brand?post=689156"},{"taxonomy":"product_cat","embeddable":true,"href":"https:\/\/roveyayinevi.com.tr\/index.php\/wp-json\/wp\/v2\/product_cat?post=689156"},{"taxonomy":"product_tag","embeddable":true,"href":"https:\/\/roveyayinevi.com.tr\/index.php\/wp-json\/wp\/v2\/product_tag?post=689156"}],"curies":[{"name":"wp","href":"https:\/\/api.w.org\/{rel}","templated":true}]}}