{"id":689155,"date":"2025-08-27T13:09:54","date_gmt":"2025-08-27T10:09:54","guid":{"rendered":"https:\/\/roveyayinevi.com.tr\/index.php\/urun\/zehirlenen-cocukluk-modern-dunyanin-cocuklar-uzerindeki-zararli-etkileri\/"},"modified":"2026-04-16T01:58:45","modified_gmt":"2026-04-15T22:58:45","slug":"zehirlenen-cocukluk-modern-dunyanin-cocuklar-uzerindeki-zararli-etkileri","status":"publish","type":"product","link":"https:\/\/roveyayinevi.com.tr\/index.php\/urun\/zehirlenen-cocukluk-modern-dunyanin-cocuklar-uzerindeki-zararli-etkileri\/","title":{"rendered":"Zehirlenen \u00c7ocukluk: Modern D\u00fcnyan\u0131n \u00c7ocuklar \u00dczerindeki Zararl\u0131 Etkileri"},"content":{"rendered":"<p>20. y\u00fczy\u0131l\u0131n ikinci yar\u0131s\u0131ndan beri i\u00e7inde ya\u015fad\u0131\u011f\u0131m\u0131z modern d\u00fcnya, bir yandan hayatlar\u0131m\u0131z\u0131 hi\u00e7 olmad\u0131\u011f\u0131 kadar renklendirip kolayla\u015ft\u0131r\u0131rken di\u011fer yandan inan\u0131lmaz derecede h\u0131zlanan temposuyla bizi strese sokuyor. Yeti\u015fkinler olarak ya\u015fad\u0131\u011f\u0131m\u0131z toplumsal de\u011fi\u015fimin fark\u0131nda olsak ve dizginleri tamamen elimizden b\u0131rakmamaya \u00e7al\u0131\u015fsak da, korumay\u0131 unuttu\u011fumuz bir \u015fey var: \u00e7ocuklar. Y\u00fczy\u0131l\u0131n son \u00e7eyre\u011finden beri, ba\u015fta geli\u015fmi\u015f d\u00fcnya \u00fclkeleri olmak \u00fczere d\u00fcnyan\u0131n bir\u00e7ok \u00fclkesinde, davran\u0131\u015f sorunlar\u0131 ve duygusal sorunlarda b\u00fcy\u00fck bir art\u0131\u015f g\u00f6zleniyor. DEHB ve disleksi gibi rahats\u0131zl\u0131klarda adeta patlama ya\u015fan\u0131rken depresyon, d\u00fcrt\u00fcsel davran\u0131\u015f ve \u00f6\u011frenme g\u00fc\u00e7l\u00fckleri giderek h\u0131z kazan\u0131yor. Peki neden? Otuz y\u0131l boyunca \u00f6\u011fretmenlik ve e\u011fitim dan\u0131\u015fmanl\u0131\u011f\u0131 yapm\u0131\u015f olan Sue Palmer bu \u00f6nemli ve \u00e7arp\u0131c\u0131 kitab\u0131nda, modern hayat\u0131n birbirinden ayr\u0131 tutulamayacak unsurlar\u0131n\u0131n bir araya gelip toksik bir kar\u0131\u015f\u0131m olu\u015fturarak \u00e7ocuklar\u0131m\u0131z\u0131 nas\u0131l zehirledi\u011fini ortaya koyuyor. Sa\u011fl\u0131ks\u0131z ve d\u00fczensiz beslenmeden ebeveynlerin tecr\u00fcbesizliklerine, elektronik aletlerden niteliksiz \u00e7ocuk bak\u0131m\u0131na uzanan geni\u015f bir yelpazede modern \u00e7ocuklar\u0131n sorunlar\u0131n\u0131 ele al\u0131yor. Palmer Zehirlenen \u00c7ocukluk\u2019ta, \u00e7e\u015fitli disiplinlere mensup uzmanlardan edindi\u011fi verilerden yararlan\u0131yor ve d\u00fcnyan\u0131n bir\u00e7ok yerinde yap\u0131lan en son ara\u015ft\u0131rmalar\u0131 sunuyor. Her bir sorunu ayr\u0131 ayr\u0131 a\u00e7\u0131klay\u0131p bunlar\u0131n nas\u0131l \u00fcstesinden gelinece\u011fine dair \u00f6neriler getiriyor. Zehirlenen \u00c7ocukluk, anne &#8211; babalar, \u00f6\u011fretmenler ve gelecek neslin modern sorunlar\u0131na \u00e7\u00f6z\u00fcm arayan herkes i\u00e7in de\u011ferli bir kaynak. <\/p>\n","protected":false},"excerpt":{"rendered":"<p>20. y\u00fczy\u0131l\u0131n ikinci yar\u0131s\u0131ndan beri i\u00e7inde ya\u015fad\u0131\u011f\u0131m\u0131z modern d\u00fcnya, bir yandan hayatlar\u0131m\u0131z\u0131 hi\u00e7 olmad\u0131\u011f\u0131 kadar renklendirip kolayla\u015ft\u0131r\u0131rken di\u011fer yandan inan\u0131lmaz derecede h\u0131zlanan temposuyla bizi strese sokuyor.<span class=\"excerpt-hellip\"> [\u2026]<\/span><\/p>\n","protected":false},"featured_media":0,"template":"","meta":{"_monsterinsights_skip_tracking":false,"_monsterinsights_sitenote_active":false,"_monsterinsights_sitenote_note":"","_monsterinsights_sitenote_category":0},"product_brand":[],"product_cat":[12679,12357],"product_tag":[],"class_list":{"0":"post-689155","1":"product","2":"type-product","3":"status-publish","5":"product_cat-cocuk-psikolojisi","6":"product_cat-psikoloji","7":"pa_cilt-ciltsiz","8":"pa_tur-kitap","9":"pa_yayinevi-iletisim-yayinlari","10":"pa_yazar-sue-palmer","12":"first","13":"instock","14":"sale","15":"shipping-taxable","16":"purchasable","17":"product-type-simple"},"_links":{"self":[{"href":"https:\/\/roveyayinevi.com.tr\/index.php\/wp-json\/wp\/v2\/product\/689155","targetHints":{"allow":["GET"]}}],"collection":[{"href":"https:\/\/roveyayinevi.com.tr\/index.php\/wp-json\/wp\/v2\/product"}],"about":[{"href":"https:\/\/roveyayinevi.com.tr\/index.php\/wp-json\/wp\/v2\/types\/product"}],"wp:attachment":[{"href":"https:\/\/roveyayinevi.com.tr\/index.php\/wp-json\/wp\/v2\/media?parent=689155"}],"wp:term":[{"taxonomy":"product_brand","embeddable":true,"href":"https:\/\/roveyayinevi.com.tr\/index.php\/wp-json\/wp\/v2\/product_brand?post=689155"},{"taxonomy":"product_cat","embeddable":true,"href":"https:\/\/roveyayinevi.com.tr\/index.php\/wp-json\/wp\/v2\/product_cat?post=689155"},{"taxonomy":"product_tag","embeddable":true,"href":"https:\/\/roveyayinevi.com.tr\/index.php\/wp-json\/wp\/v2\/product_tag?post=689155"}],"curies":[{"name":"wp","href":"https:\/\/api.w.org\/{rel}","templated":true}]}}