{"id":689153,"date":"2025-08-27T13:09:53","date_gmt":"2025-08-27T10:09:53","guid":{"rendered":"https:\/\/roveyayinevi.com.tr\/index.php\/urun\/vesayetten-siyasete-turkiyede-sendikacilik\/"},"modified":"2026-04-16T01:58:45","modified_gmt":"2026-04-15T22:58:45","slug":"vesayetten-siyasete-turkiyede-sendikacilik","status":"publish","type":"product","link":"https:\/\/roveyayinevi.com.tr\/index.php\/urun\/vesayetten-siyasete-turkiyede-sendikacilik\/","title":{"rendered":"Vesayetten Siyasete T\u00fcrkiye&#8217;de Sendikac\u0131l\u0131k"},"content":{"rendered":"<p>Emek Tarihi yaz\u0131n\u0131, erken cumhuriyet d\u00f6nemine y\u00f6nelik \u00e7al\u0131\u015fmalar istisna tutulursa, genellikle 1960 sonras\u0131ndan ba\u015flat\u0131l\u0131r. 27 May\u0131s \u00f6ncesindeki emek tarihi ekseriyetle birka\u00e7 sat\u0131rla ge\u00e7i\u015ftirilerek \u00f6nemsizle\u015ftirilir. Her \u015fey, 61\u2019 Anayasas\u0131n\u0131n teminat\u0131yla geli\u015fmi\u015f gibi g\u00f6sterilir. B\u00fct\u00fcn\u00fcyle yanl\u0131\u015f bir yorum de\u011fildir ama biliyoruz ki, her d\u00f6nem bir sonraki d\u00f6nemi belirleyen geli\u015fmelere yatakl\u0131k eder. Aziz \u00c7elik, bu \u00f6nemsenmeyen devreyi kapsaml\u0131 bi\u00e7imde anlatarak ba\u015fl\u0131yor kitab\u0131na. D\u0130SK\u2019i temel alarak dikkat \u00e7ekici bir ayr\u0131m da yap\u0131yor. 1960 y\u0131l\u0131na kadar olan d\u00f6nemi  vesayet sendikac\u0131l\u0131\u011f\u0131  olarak adland\u0131r\u0131yor, D\u0130SK\u2019in kuruldu\u011fu 1967\u2019ye kadar ge\u00e7en sonraki y\u0131llar\u0131  vesayetten kopma  olarak nitelendiriyor. G\u00fc\u00e7l\u00fc bir ar\u015fiv taramas\u0131na- kimileri ilk kez yay\u0131nlanan \u00f6zg\u00fcn belgelere- dayanan \u00e7al\u0131\u015fma, siyasi ve iktisadi geli\u015fmeleri, bazen ki\u015fisel rekabet hik\u00e2yelerini ve sendikac\u0131larla yap\u0131lan g\u00f6r\u00fc\u015fmeleri bir arada ele al\u0131yor. Uluslararas\u0131 ba\u011flar\u0131n ve anti kom\u00fcnist faaliyetlerin yerel ve ulusal siyaseti nas\u0131l etkiledi\u011fini irdeliyor. Sendikac\u0131lar\u0131n hangi ko\u015fullarda yeti\u015fip \u00e7al\u0131\u015ft\u0131\u011f\u0131n\u0131 tart\u0131\u015f\u0131yor. Vesayetten Siyasete T\u00fcrkiye\u2019de Sendikac\u0131l\u0131k (1946-1967), emek ve sendikac\u0131l\u0131k tarihi yaz\u0131n\u0131nda benzeri olmayan nitelikte bir d\u00f6k\u00fcm ve ba\u015fvuru kitab\u0131. <\/p>\n","protected":false},"excerpt":{"rendered":"<p>Emek Tarihi yaz\u0131n\u0131, erken cumhuriyet d\u00f6nemine y\u00f6nelik \u00e7al\u0131\u015fmalar istisna tutulursa, genellikle 1960 sonras\u0131ndan ba\u015flat\u0131l\u0131r. 27 May\u0131s \u00f6ncesindeki emek tarihi ekseriyetle birka\u00e7 sat\u0131rla ge\u00e7i\u015ftirilerek \u00f6nemsizle\u015ftirilir. Her \u015fey,<span class=\"excerpt-hellip\"> [\u2026]<\/span><\/p>\n","protected":false},"featured_media":0,"template":"","meta":{"_monsterinsights_skip_tracking":false,"_monsterinsights_sitenote_active":false,"_monsterinsights_sitenote_note":"","_monsterinsights_sitenote_category":0},"product_brand":[],"product_cat":[12304,13493],"product_tag":[],"class_list":{"0":"post-689153","1":"product","2":"type-product","3":"status-publish","5":"product_cat-tarih","6":"product_cat-turkiye-ve-cumhuriyet-tarihi","7":"pa_cilt-ciltsiz","8":"pa_tur-kitap","9":"pa_yayinevi-iletisim-yayinlari","10":"pa_yazar-aziz-celik","12":"first","13":"instock","14":"sale","15":"shipping-taxable","16":"purchasable","17":"product-type-simple"},"_links":{"self":[{"href":"https:\/\/roveyayinevi.com.tr\/index.php\/wp-json\/wp\/v2\/product\/689153","targetHints":{"allow":["GET"]}}],"collection":[{"href":"https:\/\/roveyayinevi.com.tr\/index.php\/wp-json\/wp\/v2\/product"}],"about":[{"href":"https:\/\/roveyayinevi.com.tr\/index.php\/wp-json\/wp\/v2\/types\/product"}],"wp:attachment":[{"href":"https:\/\/roveyayinevi.com.tr\/index.php\/wp-json\/wp\/v2\/media?parent=689153"}],"wp:term":[{"taxonomy":"product_brand","embeddable":true,"href":"https:\/\/roveyayinevi.com.tr\/index.php\/wp-json\/wp\/v2\/product_brand?post=689153"},{"taxonomy":"product_cat","embeddable":true,"href":"https:\/\/roveyayinevi.com.tr\/index.php\/wp-json\/wp\/v2\/product_cat?post=689153"},{"taxonomy":"product_tag","embeddable":true,"href":"https:\/\/roveyayinevi.com.tr\/index.php\/wp-json\/wp\/v2\/product_tag?post=689153"}],"curies":[{"name":"wp","href":"https:\/\/api.w.org\/{rel}","templated":true}]}}