{"id":689151,"date":"2025-08-27T13:09:53","date_gmt":"2025-08-27T10:09:53","guid":{"rendered":"https:\/\/roveyayinevi.com.tr\/index.php\/urun\/uygarlik-sureci-cilt-2\/"},"modified":"2026-02-03T02:00:16","modified_gmt":"2026-02-02T23:00:16","slug":"uygarlik-sureci-cilt-2","status":"publish","type":"product","link":"https:\/\/roveyayinevi.com.tr\/index.php\/urun\/uygarlik-sureci-cilt-2\/","title":{"rendered":"Uygarl\u0131k S\u00fcreci: Cilt 2"},"content":{"rendered":"<p>Norbert Elias\u2019\u0131n, modernle\u015fme s\u00fcrecine ili\u015fkin literat\u00fcr\u00fcn klasiklerinden olan Uygarl\u0131k S\u00fcreci\u2019nin ikinci cildi, konusunun daha genel d\u00fczeyde bir tarihsel yorumuna yo\u011funla\u015fmaktad\u0131r. Elias, ba\u015fyap\u0131t\u0131n\u0131n bu cildinde, uygarl\u0131k s\u00fcrecinin Orta\u00e7a\u011f boyunca sosyo-olu\u015fumunu, yani, uygar davran\u0131\u015f kal\u0131plar\u0131n\u0131n olu\u015fumuna zemin haz\u0131rlayan siyasal, iktisadi ve toplumsal d\u00f6n\u00fc\u015f\u00fcmleri ele al\u0131yor. Bu d\u00f6n\u00fc\u015f\u00fcm\u00fcn ana unsurlar\u0131n\u0131 \u00f6zetlersek: Vergi ve g\u00fc\u00e7 tekelinin olu\u015fmas\u0131.. B\u00f6ylelikle devlet yap\u0131lar\u0131n\u0131n merkezile\u015fmesi.. Sarayl\u0131 toplumu i\u00e7inde geli\u015fen  kibarl\u0131\u011f\u0131n ,  nezih\/iyi toplum un yayg\u0131nla\u015farak  halka inmesi .. \u015eiddeti ve  yo\u011fun duygular\u0131  kontrol alt\u0131na almaya d\u00f6n\u00fck davran\u0131\u015f\u0131n,  kendini tutma  al\u0131\u015fkanl\u0131\u011f\u0131n\u0131n k\u00f6kle\u015fmesi.. Bu arada kad\u0131nlara davran\u0131\u015f\u0131n yava\u015f yava\u015f  barbarl\u0131ktan  uzakla\u015fmas\u0131&#8230; Kitapta s\u00f6zkonusu edilen de\u011fi\u015fimlerin anlat\u0131m\u0131nda  yava\u015fl\u0131k  s\u0131fat\u0131n\u0131n \u00e7ok s\u0131k kullan\u0131ld\u0131\u011f\u0131 dikkat \u00e7ekecektir. Elias, modernle\u015fme s\u00fcrecinin oldu\u011funu \u00f6zellikle vurgular. Ayn\u0131 zamanda, bitimsiz, belki de tamamlanmayacak bir s\u00fcre\u00e7 oldu\u011funu ve bu s\u00fcrecin hen\u00fcz erken bir a\u015famas\u0131nda bulundu\u011fumuzu da&#8230; <\/p>\n","protected":false},"excerpt":{"rendered":"<p>Norbert Elias\u2019\u0131n, modernle\u015fme s\u00fcrecine ili\u015fkin literat\u00fcr\u00fcn klasiklerinden olan Uygarl\u0131k S\u00fcreci\u2019nin ikinci cildi, konusunun daha genel d\u00fczeyde bir tarihsel yorumuna yo\u011funla\u015fmaktad\u0131r. Elias, ba\u015fyap\u0131t\u0131n\u0131n bu cildinde, uygarl\u0131k s\u00fcrecinin<span class=\"excerpt-hellip\"> [\u2026]<\/span><\/p>\n","protected":false},"featured_media":0,"template":"","meta":{"_monsterinsights_skip_tracking":false,"_monsterinsights_sitenote_active":false,"_monsterinsights_sitenote_note":"","_monsterinsights_sitenote_category":0},"product_brand":[],"product_cat":[13633,12324],"product_tag":[],"class_list":{"0":"post-689151","1":"product","2":"type-product","3":"status-publish","5":"product_cat-kultur-ve-bilim","6":"product_cat-sosyoloji","7":"pa_cilt-ciltsiz","8":"pa_tur-kitap","9":"pa_yayinevi-iletisim-yayinlari","10":"pa_yazar-norbert-elias","12":"first","13":"instock","14":"sale","15":"shipping-taxable","16":"purchasable","17":"product-type-simple"},"_links":{"self":[{"href":"https:\/\/roveyayinevi.com.tr\/index.php\/wp-json\/wp\/v2\/product\/689151","targetHints":{"allow":["GET"]}}],"collection":[{"href":"https:\/\/roveyayinevi.com.tr\/index.php\/wp-json\/wp\/v2\/product"}],"about":[{"href":"https:\/\/roveyayinevi.com.tr\/index.php\/wp-json\/wp\/v2\/types\/product"}],"wp:attachment":[{"href":"https:\/\/roveyayinevi.com.tr\/index.php\/wp-json\/wp\/v2\/media?parent=689151"}],"wp:term":[{"taxonomy":"product_brand","embeddable":true,"href":"https:\/\/roveyayinevi.com.tr\/index.php\/wp-json\/wp\/v2\/product_brand?post=689151"},{"taxonomy":"product_cat","embeddable":true,"href":"https:\/\/roveyayinevi.com.tr\/index.php\/wp-json\/wp\/v2\/product_cat?post=689151"},{"taxonomy":"product_tag","embeddable":true,"href":"https:\/\/roveyayinevi.com.tr\/index.php\/wp-json\/wp\/v2\/product_tag?post=689151"}],"curies":[{"name":"wp","href":"https:\/\/api.w.org\/{rel}","templated":true}]}}