{"id":689148,"date":"2025-08-27T13:09:52","date_gmt":"2025-08-27T10:09:52","guid":{"rendered":"https:\/\/roveyayinevi.com.tr\/index.php\/urun\/cocuklar-icin-kopek-bakimi\/"},"modified":"2026-04-16T01:58:45","modified_gmt":"2026-04-15T22:58:45","slug":"cocuklar-icin-kopek-bakimi","status":"publish","type":"product","link":"https:\/\/roveyayinevi.com.tr\/index.php\/urun\/cocuklar-icin-kopek-bakimi\/","title":{"rendered":"\u00c7ocuklar \u0130\u00e7in K\u00f6pek Bak\u0131m\u0131"},"content":{"rendered":"<p>K\u00f6pe\u011finizin sa\u011fl\u0131\u011f\u0131n\u0131 nas\u0131l korursunuz? K\u00f6pe\u011finizin dilinden nas\u0131l anlars\u0131n\u0131z? K\u00f6pe\u011finize oturmay\u0131 nas\u0131l \u00f6\u011fretirsiniz? K\u00f6pekler neden hep bir \u015feyler \u00e7i\u011fner? \u0130ki k\u00f6pek birbirini nas\u0131l selamlar? Bu kitap, bir k\u00f6pe\u011fe nas\u0131l bak\u0131laca\u011f\u0131n\u0131 \u00f6\u011frenmek isteyen k\u00fc\u00e7\u00fck hayvanseverler i\u00e7in bir ba\u015fvuru kayna\u011f\u0131. Kitapta; k\u00f6pek e\u011fitimi, k\u00f6pe\u011fin temizlenmesi ve y\u0131kanmas\u0131 hakk\u0131nda olduk\u00e7a faydal\u0131 bilgiler ve onunla oynayabilece\u011finiz yeni oyunlar da bulacaks\u0131n\u0131z. \u00c7ocuklar \u0130\u00e7in K\u00f6pek Bak\u0131m\u0131 ayn\u0131 zamanda  internet ba\u011flant\u0131l\u0131 kitap  deneyimi de sunuyor. Konu ba\u015fl\u0131klar\u0131yla ilgili daha fazla bilgi edinmek isteyen okurlar, kitab\u0131n i\u00e7indeki internet ba\u011flant\u0131lar\u0131 \u00fczerinden, k\u00f6pek bak\u0131m\u0131yla ilgili \u00e7izgi filmler izleyebilir ve e\u011flenceli oyunlar oynayabilirler. <\/p>\n","protected":false},"excerpt":{"rendered":"<p>K\u00f6pe\u011finizin sa\u011fl\u0131\u011f\u0131n\u0131 nas\u0131l korursunuz? K\u00f6pe\u011finizin dilinden nas\u0131l anlars\u0131n\u0131z? K\u00f6pe\u011finize oturmay\u0131 nas\u0131l \u00f6\u011fretirsiniz? K\u00f6pekler neden hep bir \u015feyler \u00e7i\u011fner? \u0130ki k\u00f6pek birbirini nas\u0131l selamlar? Bu kitap, bir<span class=\"excerpt-hellip\"> [\u2026]<\/span><\/p>\n","protected":false},"featured_media":0,"template":"","meta":{"_monsterinsights_skip_tracking":false,"_monsterinsights_sitenote_active":false,"_monsterinsights_sitenote_note":"","_monsterinsights_sitenote_category":0},"product_brand":[],"product_cat":[12274,12284],"product_tag":[],"class_list":{"0":"post-689148","1":"product","2":"type-product","3":"status-publish","5":"product_cat-cocuk-ve-genclik-kitaplari","6":"product_cat-hikayeler","7":"pa_cilt-ciltsiz","8":"pa_tur-kitap","9":"pa_yayinevi-iletisim-yayinlari","10":"pa_yazar-katherine-starke","12":"first","13":"instock","14":"sale","15":"shipping-taxable","16":"purchasable","17":"product-type-simple"},"_links":{"self":[{"href":"https:\/\/roveyayinevi.com.tr\/index.php\/wp-json\/wp\/v2\/product\/689148","targetHints":{"allow":["GET"]}}],"collection":[{"href":"https:\/\/roveyayinevi.com.tr\/index.php\/wp-json\/wp\/v2\/product"}],"about":[{"href":"https:\/\/roveyayinevi.com.tr\/index.php\/wp-json\/wp\/v2\/types\/product"}],"wp:attachment":[{"href":"https:\/\/roveyayinevi.com.tr\/index.php\/wp-json\/wp\/v2\/media?parent=689148"}],"wp:term":[{"taxonomy":"product_brand","embeddable":true,"href":"https:\/\/roveyayinevi.com.tr\/index.php\/wp-json\/wp\/v2\/product_brand?post=689148"},{"taxonomy":"product_cat","embeddable":true,"href":"https:\/\/roveyayinevi.com.tr\/index.php\/wp-json\/wp\/v2\/product_cat?post=689148"},{"taxonomy":"product_tag","embeddable":true,"href":"https:\/\/roveyayinevi.com.tr\/index.php\/wp-json\/wp\/v2\/product_tag?post=689148"}],"curies":[{"name":"wp","href":"https:\/\/api.w.org\/{rel}","templated":true}]}}