{"id":689145,"date":"2025-08-27T13:09:52","date_gmt":"2025-08-27T10:09:52","guid":{"rendered":"https:\/\/roveyayinevi.com.tr\/index.php\/urun\/kimligimi-kaybettim-hukumsuzdur-ucmakdere-yazilari-2\/"},"modified":"2026-04-16T01:58:45","modified_gmt":"2026-04-15T22:58:45","slug":"kimligimi-kaybettim-hukumsuzdur-ucmakdere-yazilari-2","status":"publish","type":"product","link":"https:\/\/roveyayinevi.com.tr\/index.php\/urun\/kimligimi-kaybettim-hukumsuzdur-ucmakdere-yazilari-2\/","title":{"rendered":"Kimli\u011fimi Kaybettim, H\u00fck\u00fcms\u00fczd\u00fcr!: U\u00e7makdere Yaz\u0131lar\u0131 2"},"content":{"rendered":"<p>S\u0131k\u0131 s\u0131k\u0131 sar\u0131l\u0131r\u0131z kimliklerimize. Kimli\u011fmizdir, bize kan davalar\u0131ndan sava\u015flara kadar davetiye \u00e7\u0131kartan. Kimli\u011fimizdir, bizi \u0131rk\u00e7\u0131lar\u0131n, dalkavuklar\u0131n, oport\u00fcnistlerin hedefi yapan. Kimli\u011fimizdir,  Sen benim kim oldu\u011fumu biliyor musun?  dedirten. Kimli\u011fimizi bulmak yerine ondan kurtulmal\u0131 m\u0131? Giderek totaliterle\u015fen devletlere, hakk\u0131m\u0131zda depolad\u0131klar\u0131 bigilerle hayat\u0131m\u0131z\u0131n her girdi \u00e7\u0131kt\u0131s\u0131ndan bize bir \u015feyler satmaya \u00e7al\u0131\u015fan \u015firketlere kar\u015f\u0131, kimli\u011fimizi m\u00fcmk\u00fcn oldu\u011fu kadar de\u011fi\u015ftirerek, gizleyerek, yalan s\u00f6yleyerek korumam\u0131z \u015fart. \u00d6zg\u00fcrl\u00fck, aitliklerimizden s\u0131yr\u0131lmam\u0131zda. Doldurdu\u011fumuz formlardan, a\u015fklar\u0131m\u0131zdan, yolculukta kar\u015f\u0131la\u015ft\u0131\u011f\u0131m\u0131z yabanc\u0131lara kadar kim oldu\u011fumuzu if\u015fa etmekle me\u015fgul\u00fcz. Oysa ili\u015fkilerimiz, yapt\u0131\u011f\u0131m\u0131z i\u015fler, kim oldu\u011fumuzdan \u00f6nemli olmal\u0131&#8230; ili\u015fkilerimizde  Kimsin? ,  Kimlerdensin?  diye ne kadar az sorarsak, toplumca o denli kurtuluruz d\u00fczenin kal\u0131plar\u0131ndan&#8230; Ulusal, din\u00ee, cinsel kimliklerimizin bizi esir almas\u0131na izin mi verece\u011fiz, yoksa t\u00fcm bunlardan s\u0131yr\u0131l\u0131p  d\u00fcnya vatanda\u015f\u0131  olman\u0131n kap\u0131lar\u0131n\u0131 aralayabilecek miyiz? G\u00fcnd\u00fcz Vassaf\u2019tan, insan\u0131 kendisi ve ya\u015fad\u0131\u011f\u0131 d\u00fcnya \u00fczerine d\u00fc\u015f\u00fcnmeye sevk eden, \u00e7arp\u0131c\u0131 sorularla dolu, zihin a\u00e7\u0131c\u0131 bir kitap&#8230; <\/p>\n","protected":false},"excerpt":{"rendered":"<p>S\u0131k\u0131 s\u0131k\u0131 sar\u0131l\u0131r\u0131z kimliklerimize. Kimli\u011fmizdir, bize kan davalar\u0131ndan sava\u015flara kadar davetiye \u00e7\u0131kartan. Kimli\u011fimizdir, bizi \u0131rk\u00e7\u0131lar\u0131n, dalkavuklar\u0131n, oport\u00fcnistlerin hedefi yapan. Kimli\u011fimizdir, Sen benim kim oldu\u011fumu biliyor musun?<span class=\"excerpt-hellip\"> [\u2026]<\/span><\/p>\n","protected":false},"featured_media":0,"template":"","meta":{"_monsterinsights_skip_tracking":false,"_monsterinsights_sitenote_active":false,"_monsterinsights_sitenote_note":"","_monsterinsights_sitenote_category":0},"product_brand":[],"product_cat":[12291,12711],"product_tag":[],"class_list":{"0":"post-689145","1":"product","2":"type-product","3":"status-publish","5":"product_cat-edebiyat","6":"product_cat-roman-oyku","7":"pa_cilt-ciltsiz","8":"pa_tur-kitap","9":"pa_yayinevi-iletisim-yayinlari","10":"pa_yazar-gunduz-vassaf","12":"first","13":"instock","14":"sale","15":"shipping-taxable","16":"purchasable","17":"product-type-simple"},"_links":{"self":[{"href":"https:\/\/roveyayinevi.com.tr\/index.php\/wp-json\/wp\/v2\/product\/689145","targetHints":{"allow":["GET"]}}],"collection":[{"href":"https:\/\/roveyayinevi.com.tr\/index.php\/wp-json\/wp\/v2\/product"}],"about":[{"href":"https:\/\/roveyayinevi.com.tr\/index.php\/wp-json\/wp\/v2\/types\/product"}],"wp:attachment":[{"href":"https:\/\/roveyayinevi.com.tr\/index.php\/wp-json\/wp\/v2\/media?parent=689145"}],"wp:term":[{"taxonomy":"product_brand","embeddable":true,"href":"https:\/\/roveyayinevi.com.tr\/index.php\/wp-json\/wp\/v2\/product_brand?post=689145"},{"taxonomy":"product_cat","embeddable":true,"href":"https:\/\/roveyayinevi.com.tr\/index.php\/wp-json\/wp\/v2\/product_cat?post=689145"},{"taxonomy":"product_tag","embeddable":true,"href":"https:\/\/roveyayinevi.com.tr\/index.php\/wp-json\/wp\/v2\/product_tag?post=689145"}],"curies":[{"name":"wp","href":"https:\/\/api.w.org\/{rel}","templated":true}]}}