{"id":689143,"date":"2025-08-27T13:09:52","date_gmt":"2025-08-27T10:09:52","guid":{"rendered":"https:\/\/roveyayinevi.com.tr\/index.php\/urun\/kultur-endustrisi\/"},"modified":"2026-04-16T01:58:45","modified_gmt":"2026-04-15T22:58:45","slug":"kultur-endustrisi","status":"publish","type":"product","link":"https:\/\/roveyayinevi.com.tr\/index.php\/urun\/kultur-endustrisi\/","title":{"rendered":"K\u00fclt\u00fcr End\u00fcstrisi"},"content":{"rendered":"<p>Adorno \u201cK\u00fclt\u00fcr End\u00fcstrisi\u201d kavram\u0131n\u0131 Nazizm sona ererken ortaya atar (1944). Y\u0131llar sonra bu kavrama geri d\u00f6nerek \u201cK\u00fclt\u00fcr End\u00fcstrisine Genel Bir Bak\u0131\u015f\u201d makalesini yazar (1963). Bu arada \u201cK\u00fclt\u00fcr ve Y\u00f6netim\u201d \u00fczerine d\u00fc\u015f\u00fcncelerini de yay\u0131nlam\u0131\u015ft\u0131r (1960). Bu kitapta derlenen yukar\u0131daki \u00fc\u00e7 yaz\u0131, gerek k\u00fclt\u00fcr kuram\u0131, gerekse k\u00fclt\u00fcrel hayat\u0131n d\u00f6n\u00fc\u015f\u00fcm\u00fc konusundaki ele\u015ftirel \u00e7al\u0131\u015fmalar\u0131n vazge\u00e7ilmez kaynaklar\u0131n\u0131 olu\u015fturur. 19. y\u00fczy\u0131lda, End\u00fcstri Devrimi\u2019nin ak\u0131lc\u0131l\u0131\u011f\u0131na kar\u015f\u0131t bir anlamda tan\u0131mlanan sanat\u0131n nas\u0131l giderek maddi \u00fcretim s\u00fcre\u00e7lerine ve onlar\u0131 y\u00f6neten akla yenik d\u00fc\u015ft\u00fc\u011f\u00fcn\u00fc anlat\u0131rlar. End\u00fcstriyel mant\u0131\u011f\u0131n ve b\u00fcrokratik i\u015fletme disiplinlerinin denetimine giren modern sanat\u0131n \u00f6zerkli\u011fini ve ele\u015ftirelli\u011fini yitirmesini incelerler. Adorno\u2019nun d\u00fc\u015f\u00fcncelerinin ufkunda, k\u00fclt\u00fcr ve sanat y\u00f6netiminin zaman\u0131m\u0131zdaki ba\u015f d\u00f6nd\u00fcr\u00fcc\u00fc y\u00fckseli\u015fini izleriz. Adorno k\u00fclt\u00fcr end\u00fcstrisinin gidi\u015fat\u0131n\u0131 da, yol a\u00e7t\u0131\u011f\u0131 tehdidi de a\u00e7\u0131k\u00e7a g\u00f6rm\u00fc\u015ft\u00fcr. En k\u00f6t\u00fcmser tahminlerinin zamanla ger\u00e7ekle\u015fmesi, k\u00fclt\u00fcr end\u00fcstrisi \u00fczerine yazd\u0131klar\u0131n\u0131n, rahats\u0131z edici de olsa, ne kadar \u00e7a\u011fda\u015f oldu\u011funu g\u00f6sterir. <\/p>\n","protected":false},"excerpt":{"rendered":"<p>Adorno \u201cK\u00fclt\u00fcr End\u00fcstrisi\u201d kavram\u0131n\u0131 Nazizm sona ererken ortaya atar (1944). Y\u0131llar sonra bu kavrama geri d\u00f6nerek \u201cK\u00fclt\u00fcr End\u00fcstrisine Genel Bir Bak\u0131\u015f\u201d makalesini yazar (1963). Bu arada<span class=\"excerpt-hellip\"> [\u2026]<\/span><\/p>\n","protected":false},"featured_media":0,"template":"","meta":{"_monsterinsights_skip_tracking":false,"_monsterinsights_sitenote_active":false,"_monsterinsights_sitenote_note":"","_monsterinsights_sitenote_category":0},"product_brand":[],"product_cat":[12408],"product_tag":[],"class_list":{"0":"post-689143","1":"product","2":"type-product","3":"status-publish","5":"product_cat-sanat","6":"pa_cilt-ciltsiz","7":"pa_tur-kitap","8":"pa_yayinevi-iletisim-yayinlari","9":"pa_yazar-theodor-w-adorno","11":"first","12":"instock","13":"sale","14":"shipping-taxable","15":"purchasable","16":"product-type-simple"},"_links":{"self":[{"href":"https:\/\/roveyayinevi.com.tr\/index.php\/wp-json\/wp\/v2\/product\/689143","targetHints":{"allow":["GET"]}}],"collection":[{"href":"https:\/\/roveyayinevi.com.tr\/index.php\/wp-json\/wp\/v2\/product"}],"about":[{"href":"https:\/\/roveyayinevi.com.tr\/index.php\/wp-json\/wp\/v2\/types\/product"}],"wp:attachment":[{"href":"https:\/\/roveyayinevi.com.tr\/index.php\/wp-json\/wp\/v2\/media?parent=689143"}],"wp:term":[{"taxonomy":"product_brand","embeddable":true,"href":"https:\/\/roveyayinevi.com.tr\/index.php\/wp-json\/wp\/v2\/product_brand?post=689143"},{"taxonomy":"product_cat","embeddable":true,"href":"https:\/\/roveyayinevi.com.tr\/index.php\/wp-json\/wp\/v2\/product_cat?post=689143"},{"taxonomy":"product_tag","embeddable":true,"href":"https:\/\/roveyayinevi.com.tr\/index.php\/wp-json\/wp\/v2\/product_tag?post=689143"}],"curies":[{"name":"wp","href":"https:\/\/api.w.org\/{rel}","templated":true}]}}