{"id":689138,"date":"2025-08-27T13:09:51","date_gmt":"2025-08-27T10:09:51","guid":{"rendered":"https:\/\/roveyayinevi.com.tr\/index.php\/urun\/grip-domuz-gribi\/"},"modified":"2026-04-16T01:58:45","modified_gmt":"2026-04-15T22:58:45","slug":"grip-domuz-gribi","status":"publish","type":"product","link":"https:\/\/roveyayinevi.com.tr\/index.php\/urun\/grip-domuz-gribi\/","title":{"rendered":"Grip \/ Domuz Gribi"},"content":{"rendered":"<p>Prof. Dr. Ahmet Rasim K\u00fc\u00e7\u00fckusta\u2019dan domuz gribiyle ilgili t\u00fcm soru i\u015faretlerini ortadan kald\u0131racak harika bir rehber. \u0130\u015fte hocam\u0131z\u0131n yan\u0131t verdi\u011fi onlarca hayati sorudan baz\u0131lar\u0131: Domuz gribi nedir, nas\u0131l anla\u015f\u0131l\u0131r? Domuz gribi neden tehlikelidir? H1N1 vir\u00fcs\u00fcn\u00fcn mutasyona u\u011framas\u0131 m\u00fcmk\u00fcn m\u00fcd\u00fcr? Hasta olan ne yapmal\u0131, ne zaman doktora ba\u015fvurmal\u0131d\u0131r? Domuz gribi kimlerde daha \u00f6ld\u00fcr\u00fcc\u00fcd\u00fcr? Gripten korunmak i\u00e7in neler yap\u0131lmal\u0131d\u0131r? Grip vir\u00fcsleri nas\u0131l yok edilebilir? Ba\u011f\u0131\u015f\u0131kl\u0131k g\u00fc\u00e7lendirmek i\u00e7in neler yap\u0131lmal\u0131d\u0131r? Diyette nelere dikkat edilmelidir? Grip vir\u00fcslerinde etkili ila\u00e7lar hangileridir? Kimler domuz gribi a\u015f\u0131s\u0131 olmal\u0131? A\u015f\u0131n\u0131n yan etkileri nelerdir? H1N1 a\u015f\u0131s\u0131 kimler i\u00e7in kesinlikle sak\u0131ncal\u0131d\u0131r? A\u015f\u0131 i\u00e7indeki katk\u0131 maddelerine ba\u011fl\u0131 riskler nelerdir? H1N1 a\u015f\u0131s\u0131 olal\u0131m m\u0131? Zat\u00fcrree a\u015f\u0131s\u0131 (pn\u00f6mokok a\u015f\u0131s\u0131) bir alternatif olabilir mi? <\/p>\n","protected":false},"excerpt":{"rendered":"<p>Prof. Dr. Ahmet Rasim K\u00fc\u00e7\u00fckusta\u2019dan domuz gribiyle ilgili t\u00fcm soru i\u015faretlerini ortadan kald\u0131racak harika bir rehber. \u0130\u015fte hocam\u0131z\u0131n yan\u0131t verdi\u011fi onlarca hayati sorudan baz\u0131lar\u0131: Domuz gribi<span class=\"excerpt-hellip\"> [\u2026]<\/span><\/p>\n","protected":false},"featured_media":0,"template":"","meta":{"_monsterinsights_skip_tracking":false,"_monsterinsights_sitenote_active":false,"_monsterinsights_sitenote_note":"","_monsterinsights_sitenote_category":0},"product_brand":[],"product_cat":[13366,13365],"product_tag":[],"class_list":{"0":"post-689138","1":"product","2":"type-product","3":"status-publish","5":"product_cat-diger-saglik","6":"product_cat-saglik","7":"pa_cilt-ciltsiz","8":"pa_tur-kitap","9":"pa_yayinevi-hayykitap","10":"pa_yazar-ahmet-rasim-kucukusta","12":"first","13":"instock","14":"sale","15":"shipping-taxable","16":"purchasable","17":"product-type-simple"},"_links":{"self":[{"href":"https:\/\/roveyayinevi.com.tr\/index.php\/wp-json\/wp\/v2\/product\/689138","targetHints":{"allow":["GET"]}}],"collection":[{"href":"https:\/\/roveyayinevi.com.tr\/index.php\/wp-json\/wp\/v2\/product"}],"about":[{"href":"https:\/\/roveyayinevi.com.tr\/index.php\/wp-json\/wp\/v2\/types\/product"}],"wp:attachment":[{"href":"https:\/\/roveyayinevi.com.tr\/index.php\/wp-json\/wp\/v2\/media?parent=689138"}],"wp:term":[{"taxonomy":"product_brand","embeddable":true,"href":"https:\/\/roveyayinevi.com.tr\/index.php\/wp-json\/wp\/v2\/product_brand?post=689138"},{"taxonomy":"product_cat","embeddable":true,"href":"https:\/\/roveyayinevi.com.tr\/index.php\/wp-json\/wp\/v2\/product_cat?post=689138"},{"taxonomy":"product_tag","embeddable":true,"href":"https:\/\/roveyayinevi.com.tr\/index.php\/wp-json\/wp\/v2\/product_tag?post=689138"}],"curies":[{"name":"wp","href":"https:\/\/api.w.org\/{rel}","templated":true}]}}