{"id":689135,"date":"2025-08-27T13:09:50","date_gmt":"2025-08-27T10:09:50","guid":{"rendered":"https:\/\/roveyayinevi.com.tr\/index.php\/urun\/kiralik-konak\/"},"modified":"2026-04-16T01:58:45","modified_gmt":"2026-04-15T22:58:45","slug":"kiralik-konak","status":"publish","type":"product","link":"https:\/\/roveyayinevi.com.tr\/index.php\/urun\/kiralik-konak\/","title":{"rendered":"Kiral\u0131k Konak"},"content":{"rendered":"<p>\u0130mparatorlu\u011fun \u00e7\u00f6k\u00fc\u015f \u00e7anlar\u0131n\u0131n sesi i\u015fitilirken ku\u015faklar aras\u0131nda farkl\u0131la\u015fan de\u011fer yarg\u0131lar\u0131n\u0131n, ya\u015fam bi\u00e7imlerinin \u00e7at\u0131\u015fmas\u0131n\u0131 sergileyen bir roman. Seniha-Faik-Hakk\u0131 Celis \u00fc\u00e7geni. Tedirgin, yerle\u015fememi\u015f insanlar toplulu\u011funun ortak ruh halleri, aranan nedenler, bulunan farkl\u0131 gerek\u00e7eler. Yirminci y\u00fczy\u0131l\u0131n ilk yar\u0131s\u0131nda b\u00fcy\u00fck bir \u00fcretkenlikle dergilere yazd\u0131\u011f\u0131 \u015fiir, \u00f6yk\u00fc, makale ve ele\u015ftri t\u00fcr\u00fc yaz\u0131larla T\u00fcrk edebiyat\u0131 sahnesine ad\u0131m\u0131n\u0131 atan Yakup Kadri Karaosmano\u011flu, romanlar\u0131, hikayeleri, denemeleri, oyunlar\u0131 ve an\u0131lar\u0131yla, en \u00f6nemli edebiyat\u00e7\u0131lar\u0131m\u0131z aras\u0131nda yer al\u0131r. \u00dcslup \u00f6zellikleri bak\u0131m\u0131ndan Yakup Kadri\u2019nin 1910\u2019dan 1974\u2019e dek verdi\u011fi eserler T\u00fcrk\u00e7e\u2019nin ge\u00e7irdi\u011fi b\u00fct\u00fcn evreleri yans\u0131t\u0131r. Eserlerinin konu ve fikir zenginli\u011fi de dil \u00f6zelliklerinin \u00e7e\u015fitlili\u011finden a\u015fa\u011f\u0131 kalmaz. Yakup Kadri\u2019nin Frans\u0131z edebiyat\u0131 etkisinde ba\u015flayan yazarl\u0131\u011f\u0131, 1920\u2019lerden sonra \u00f6zg\u00fcn bir sese kavu\u015farak siyasi ve sosyolojik konulara, tarihe, d\u00f6nem \u00e7at\u0131\u015fmalar\u0131na ve birey psikolojisi irdelemelerine y\u00f6nelir. Fecr-i Ati\u2019den yeti\u015fmi\u015f ama bunu izleyen elli y\u0131l boyunca toplumsal ko\u015fullar, tarihi s\u00fcre\u00e7ler ve bireysel portreleri roman\u0131n dokusuna i\u015flemek i\u00e7in roman tekni\u011fiyle de bo\u011fu\u015fmu\u015f bir yazar olan Karaosmano\u011flu\u2019nun eserleri, hala t\u00fcketilmemi\u015f ayr\u0131nt\u0131lar\u0131n\u0131n tart\u0131\u015f\u0131l\u0131p incelenmesi gereken zengin bir \u201cpanoroma\u201dd\u0131r.<\/p>\n","protected":false},"excerpt":{"rendered":"<p>\u0130mparatorlu\u011fun \u00e7\u00f6k\u00fc\u015f \u00e7anlar\u0131n\u0131n sesi i\u015fitilirken ku\u015faklar aras\u0131nda farkl\u0131la\u015fan de\u011fer yarg\u0131lar\u0131n\u0131n, ya\u015fam bi\u00e7imlerinin \u00e7at\u0131\u015fmas\u0131n\u0131 sergileyen bir roman. Seniha-Faik-Hakk\u0131 Celis \u00fc\u00e7geni. Tedirgin, yerle\u015fememi\u015f insanlar toplulu\u011funun ortak ruh halleri,<span class=\"excerpt-hellip\"> [\u2026]<\/span><\/p>\n","protected":false},"featured_media":0,"template":"","meta":{"_monsterinsights_skip_tracking":false,"_monsterinsights_sitenote_active":false,"_monsterinsights_sitenote_note":"","_monsterinsights_sitenote_category":0},"product_brand":[],"product_cat":[13835],"product_tag":[],"class_list":{"0":"post-689135","1":"product","2":"type-product","3":"status-publish","5":"product_cat-cok-satanlar","6":"pa_cilt-ciltsiz","7":"pa_tur-kitap","8":"pa_yayinevi-iletisim-yayinlari","9":"pa_yazar-yakup-kadri-karaosmanoglu","11":"first","12":"instock","13":"sale","14":"shipping-taxable","15":"purchasable","16":"product-type-simple"},"_links":{"self":[{"href":"https:\/\/roveyayinevi.com.tr\/index.php\/wp-json\/wp\/v2\/product\/689135","targetHints":{"allow":["GET"]}}],"collection":[{"href":"https:\/\/roveyayinevi.com.tr\/index.php\/wp-json\/wp\/v2\/product"}],"about":[{"href":"https:\/\/roveyayinevi.com.tr\/index.php\/wp-json\/wp\/v2\/types\/product"}],"wp:attachment":[{"href":"https:\/\/roveyayinevi.com.tr\/index.php\/wp-json\/wp\/v2\/media?parent=689135"}],"wp:term":[{"taxonomy":"product_brand","embeddable":true,"href":"https:\/\/roveyayinevi.com.tr\/index.php\/wp-json\/wp\/v2\/product_brand?post=689135"},{"taxonomy":"product_cat","embeddable":true,"href":"https:\/\/roveyayinevi.com.tr\/index.php\/wp-json\/wp\/v2\/product_cat?post=689135"},{"taxonomy":"product_tag","embeddable":true,"href":"https:\/\/roveyayinevi.com.tr\/index.php\/wp-json\/wp\/v2\/product_tag?post=689135"}],"curies":[{"name":"wp","href":"https:\/\/api.w.org\/{rel}","templated":true}]}}