{"id":689132,"date":"2025-08-27T13:09:50","date_gmt":"2025-08-27T10:09:50","guid":{"rendered":"https:\/\/roveyayinevi.com.tr\/index.php\/urun\/kriz-kimlik-ve-siyaset-kuresellesme-yazilari\/"},"modified":"2026-02-03T02:00:15","modified_gmt":"2026-02-02T23:00:15","slug":"kriz-kimlik-ve-siyaset-kuresellesme-yazilari","status":"publish","type":"product","link":"https:\/\/roveyayinevi.com.tr\/index.php\/urun\/kriz-kimlik-ve-siyaset-kuresellesme-yazilari\/","title":{"rendered":"Kriz, Kimlik ve Siyaset: K\u00fcreselle\u015fme Yaz\u0131lar\u0131"},"content":{"rendered":"<p>Sermayenin k\u00fcreselle\u015fmesi d\u00fcnyan\u0131n gelece\u011fini ne \u00f6l\u00e7\u00fcde de\u011fi\u015ftirecek veya k\u00fcreselle\u015fmenin yeni akt\u00f6rleri kimler olacak? Yeni sermaye merkezlerinin ortaya \u00e7\u0131k\u0131\u015f\u0131, yeni payla\u015f\u0131mlar nas\u0131l ger\u00e7ekle\u015fecek veya k\u00fcresel kapitalizmin alternatifi ne olacak? Arif Dirlik, k\u00fcreselle\u015fme literat\u00fcr\u00fcn\u00fcn uluslararas\u0131 sayg\u0131nl\u0131ktaki yazar ve akademisyenlerinden biri. So\u011fuk Sava\u015f\u0131n bitimiyle ya\u015fanan d\u00f6n\u00fc\u015f\u00fcmleri yorumlad\u0131\u011f\u0131 yaz\u0131lar\u0131nda postkolonyalizm, k\u00fcreselle\u015fme, ulusa\u015f\u0131r\u0131c\u0131l\u0131k, yer(li)ler ve modernitenin yeniden de\u011ferlendirilmesi gibi anahtar kavramlarla ge\u00e7mi\u015fe ve gelece\u011fe bak\u0131yor. Sadece sosyalizmi de\u011fil moderniteyi de k\u00fc\u00e7\u00fcmseyen, g\u00fcndem d\u0131\u015f\u0131na \u00e7\u0131kartan yarg\u0131lara ger\u00e7ekten s\u00fck\u00fbnetle yakla\u015farak \u00f6nerilerde bulunuyor. Tarihe ba\u015fvururken, yeni olarak g\u00f6sterilenin ge\u00e7mi\u015fteki bi\u00e7imini ve ge\u00e7irdi\u011fi evrimi irdeliyor. K\u00fcreselle\u015fme sadece kapitalist modernizasyonun yaratt\u0131\u011f\u0131 sorunlar\u0131n \u00e7\u00f6z\u00fcm\u00fcne neden olmad\u0131, ayn\u0131 zamanda, So\u011fuk Sava\u015f\u2019\u0131n yerini \u00e7ok say\u0131da bitimsiz s\u0131cak sava\u015fa b\u0131rakmas\u0131yla, g\u00f6r\u00fcn\u00fcrde s\u00fcrekli olan bir krize de yol a\u00e7t\u0131. Sosyalizmin ge\u00e7en y\u00fczy\u0131lda ortaya \u00e7\u0131kt\u0131\u011f\u0131 haliyle bir alternatif olarak inand\u0131r\u0131c\u0131l\u0131\u011f\u0131n\u0131 kaybetmesi de radikal bilin\u00e7te bir kriz yaratt\u0131. Buna ra\u011fmen, tan\u0131k oldu\u011fumuz \u015fey, sosyalizmi \u00e7ekici k\u0131lan toplumsal idealler ve pratiklerin \u00f6l\u00fcm\u00fc de\u011fil, yeniden yap\u0131lanmas\u0131d\u0131r. Kriz, Kimlik ve Siyaset, k\u00fcreselle\u015fmenin kirli ge\u00e7mi\u015fini anlatan \u00f6nemli bir d\u00fc\u015f\u00fcn\u00fcrle tan\u0131\u015fmak i\u00e7in g\u00fczel bir f\u0131rsat. <\/p>\n","protected":false},"excerpt":{"rendered":"<p>Sermayenin k\u00fcreselle\u015fmesi d\u00fcnyan\u0131n gelece\u011fini ne \u00f6l\u00e7\u00fcde de\u011fi\u015ftirecek veya k\u00fcreselle\u015fmenin yeni akt\u00f6rleri kimler olacak? Yeni sermaye merkezlerinin ortaya \u00e7\u0131k\u0131\u015f\u0131, yeni payla\u015f\u0131mlar nas\u0131l ger\u00e7ekle\u015fecek veya k\u00fcresel kapitalizmin alternatifi<span class=\"excerpt-hellip\"> [\u2026]<\/span><\/p>\n","protected":false},"featured_media":0,"template":"","meta":{"_monsterinsights_skip_tracking":false,"_monsterinsights_sitenote_active":false,"_monsterinsights_sitenote_note":"","_monsterinsights_sitenote_category":0},"product_brand":[],"product_cat":[13656,12337],"product_tag":[],"class_list":{"0":"post-689132","1":"product","2":"type-product","3":"status-publish","5":"product_cat-azinliklar-etnik-sorunlar","6":"product_cat-politika-siyaset","7":"pa_cilt-ciltsiz","8":"pa_tur-kitap","9":"pa_yayinevi-iletisim-yayinlari","10":"pa_yazar-arif-dirlik","12":"first","13":"instock","14":"sale","15":"shipping-taxable","16":"purchasable","17":"product-type-simple"},"_links":{"self":[{"href":"https:\/\/roveyayinevi.com.tr\/index.php\/wp-json\/wp\/v2\/product\/689132","targetHints":{"allow":["GET"]}}],"collection":[{"href":"https:\/\/roveyayinevi.com.tr\/index.php\/wp-json\/wp\/v2\/product"}],"about":[{"href":"https:\/\/roveyayinevi.com.tr\/index.php\/wp-json\/wp\/v2\/types\/product"}],"wp:attachment":[{"href":"https:\/\/roveyayinevi.com.tr\/index.php\/wp-json\/wp\/v2\/media?parent=689132"}],"wp:term":[{"taxonomy":"product_brand","embeddable":true,"href":"https:\/\/roveyayinevi.com.tr\/index.php\/wp-json\/wp\/v2\/product_brand?post=689132"},{"taxonomy":"product_cat","embeddable":true,"href":"https:\/\/roveyayinevi.com.tr\/index.php\/wp-json\/wp\/v2\/product_cat?post=689132"},{"taxonomy":"product_tag","embeddable":true,"href":"https:\/\/roveyayinevi.com.tr\/index.php\/wp-json\/wp\/v2\/product_tag?post=689132"}],"curies":[{"name":"wp","href":"https:\/\/api.w.org\/{rel}","templated":true}]}}