{"id":689130,"date":"2025-08-27T13:09:50","date_gmt":"2025-08-27T10:09:50","guid":{"rendered":"https:\/\/roveyayinevi.com.tr\/index.php\/urun\/kent-aile-tarih\/"},"modified":"2026-04-16T01:58:45","modified_gmt":"2026-04-15T22:58:45","slug":"kent-aile-tarih","status":"publish","type":"product","link":"https:\/\/roveyayinevi.com.tr\/index.php\/urun\/kent-aile-tarih\/","title":{"rendered":"Kent, Aile, Tarih"},"content":{"rendered":"<p>Elinizdeki kitap, Alan Duben\u2019in son otuz y\u0131lda yazd\u0131\u011f\u0131 makalelerin bir k\u0131sm\u0131n\u0131 biraraya getiriyor. Kitab\u0131n ilk b\u00f6l\u00fcm\u00fcn\u00fc olu\u015fturan makalelerde, yazar\u0131n T\u00fcrkiye\u2019nin \u00e7e\u015fitli kentlerinin (\u0130stanbul ile Adana ve Mersin) gecekondu mahallerinde y\u00fcr\u00fctt\u00fc\u011f\u00fc ara\u015ft\u0131rmalar\u0131n sonu\u00e7lar\u0131, konuyla ilgili teorik meseleler ba\u011flam\u0131na yerle\u015ftirilerek ortaya konuyor: Mahalledeki s\u0131n\u0131fla\u015fma olgusunun farkl\u0131 cemaatlerle (\u00f6zellikle S\u00fcnni ve Alevi cemaatleriyle) ve hem\u015fehrilik ba\u011flar\u0131yla ili\u015fkisi; gecekondu sahibi olma s\u00fcrecinin enformel ekonomideki toplumsal rasyonalitesi; T\u00fcrkiye kentlerinde aile ve akrabal\u0131\u011f\u0131n \u00f6nemi ve kentle\u015fmeyle ba\u011flant\u0131s\u0131&#8230; B\u00fct\u00fcn bu yaz\u0131lar\u0131n belki de en \u00e7arp\u0131c\u0131 y\u00f6n\u00fc, h\u0131zla de\u011fi\u015fti\u011fi s\u00f6ylenen T\u00fcrkiye toplumunda etkisini koruyan s\u00fcreklilikleri de g\u00f6zler \u00f6n\u00fcne sermesi. \u0130kinci b\u00f6l\u00fcmdeki yaz\u0131lar ise, \u00e7ok az nicel ara\u015ft\u0131rma yap\u0131lm\u0131\u015f bir konuyu, tarihsel perspektifle Osmanl\u0131 ve T\u00fcrk hane ve ailelerini ele al\u0131yor. Duben, T\u00fcrkiye\u2019de hanelerin ge\u00e7mi\u015fte ve k\u0131rsal kesimde \u00e7ok kalabal\u0131k oldu\u011fu iddias\u0131n\u0131n mitostan ba\u015fka bir \u015fey olmad\u0131\u011f\u0131n\u0131 g\u00f6sterirken, aile tarihi ara\u015ft\u0131rmalar\u0131nda kar\u015f\u0131la\u015f\u0131lan epistemolojik ve metodolojik g\u00fc\u00e7l\u00fckleri de irdeliyor, bunlara getirilebilecek \u00e7\u00f6z\u00fcm yollar\u0131n\u0131 de\u011ferlendiriyor. Kent, Aile, Tarih, ele ald\u0131\u011f\u0131 \u00e7ok \u00e7e\u015fitli konular\u0131 ayd\u0131nlatmas\u0131n\u0131n yan\u0131 s\u0131ra, kariyerine antropolog olarak ba\u015flayan, ama antropoloji, toplumsal tarih ve demografinin aray\u00fcz\u00fcnde kendini daha rahat hisseden bir sosyal bilimcinin zengin akademik ser\u00fcvenine \u0131\u015f\u0131k tuttu\u011fu i\u00e7in de dikkat \u00e7ekiyor. \ufffcTan\u0131t\u0131m Metni<\/p>\n","protected":false},"excerpt":{"rendered":"<p>Elinizdeki kitap, Alan Duben\u2019in son otuz y\u0131lda yazd\u0131\u011f\u0131 makalelerin bir k\u0131sm\u0131n\u0131 biraraya getiriyor. Kitab\u0131n ilk b\u00f6l\u00fcm\u00fcn\u00fc olu\u015fturan makalelerde, yazar\u0131n T\u00fcrkiye\u2019nin \u00e7e\u015fitli kentlerinin (\u0130stanbul ile Adana ve<span class=\"excerpt-hellip\"> [\u2026]<\/span><\/p>\n","protected":false},"featured_media":0,"template":"","meta":{"_monsterinsights_skip_tracking":false,"_monsterinsights_sitenote_active":false,"_monsterinsights_sitenote_note":"","_monsterinsights_sitenote_category":0},"product_brand":[],"product_cat":[12767,12324],"product_tag":[],"class_list":{"0":"post-689130","1":"product","2":"type-product","3":"status-publish","5":"product_cat-kentlesme-modernlesme","6":"product_cat-sosyoloji","7":"pa_cilt-ciltsiz","8":"pa_tur-kitap","9":"pa_yayinevi-iletisim-yayinlari","10":"pa_yazar-alan-duben","12":"first","13":"instock","14":"sale","15":"shipping-taxable","16":"purchasable","17":"product-type-simple"},"_links":{"self":[{"href":"https:\/\/roveyayinevi.com.tr\/index.php\/wp-json\/wp\/v2\/product\/689130","targetHints":{"allow":["GET"]}}],"collection":[{"href":"https:\/\/roveyayinevi.com.tr\/index.php\/wp-json\/wp\/v2\/product"}],"about":[{"href":"https:\/\/roveyayinevi.com.tr\/index.php\/wp-json\/wp\/v2\/types\/product"}],"wp:attachment":[{"href":"https:\/\/roveyayinevi.com.tr\/index.php\/wp-json\/wp\/v2\/media?parent=689130"}],"wp:term":[{"taxonomy":"product_brand","embeddable":true,"href":"https:\/\/roveyayinevi.com.tr\/index.php\/wp-json\/wp\/v2\/product_brand?post=689130"},{"taxonomy":"product_cat","embeddable":true,"href":"https:\/\/roveyayinevi.com.tr\/index.php\/wp-json\/wp\/v2\/product_cat?post=689130"},{"taxonomy":"product_tag","embeddable":true,"href":"https:\/\/roveyayinevi.com.tr\/index.php\/wp-json\/wp\/v2\/product_tag?post=689130"}],"curies":[{"name":"wp","href":"https:\/\/api.w.org\/{rel}","templated":true}]}}