{"id":689129,"date":"2025-08-27T13:09:49","date_gmt":"2025-08-27T10:09:49","guid":{"rendered":"https:\/\/roveyayinevi.com.tr\/index.php\/urun\/ivan-denisovicin-bir-gunu\/"},"modified":"2025-11-22T02:02:02","modified_gmt":"2025-11-21T23:02:02","slug":"ivan-denisovicin-bir-gunu","status":"publish","type":"product","link":"https:\/\/roveyayinevi.com.tr\/index.php\/urun\/ivan-denisovicin-bir-gunu\/","title":{"rendered":"\u0130van Denisovi\u00e7&#8217;in Bir G\u00fcn\u00fc"},"content":{"rendered":"<p>Soljenitsin, Stalin Rusyas\u0131\u2019nda esaret alt\u0131nda ya\u015fayan milyonlarca Rus\u2019un ortak kaderini hem payla\u015fm\u0131\u015f hem de bu kitap arac\u0131l\u0131\u011f\u0131yla d\u00fcnyaya \ufffcTan\u0131t\u0131m Metni<\/p>\n","protected":false},"excerpt":{"rendered":"<p>Soljenitsin, Stalin Rusyas\u0131\u2019nda esaret alt\u0131nda ya\u015fayan milyonlarca Rus\u2019un ortak kaderini hem payla\u015fm\u0131\u015f hem de bu kitap arac\u0131l\u0131\u011f\u0131yla d\u00fcnyaya \ufffcTan\u0131t\u0131m Metni<\/p>\n","protected":false},"featured_media":0,"template":"","meta":{"_monsterinsights_skip_tracking":false,"_monsterinsights_sitenote_active":false,"_monsterinsights_sitenote_note":"","_monsterinsights_sitenote_category":0},"product_brand":[],"product_cat":[12291,12711],"product_tag":[],"class_list":{"0":"post-689129","1":"product","2":"type-product","3":"status-publish","5":"product_cat-edebiyat","6":"product_cat-roman-oyku","7":"pa_cilt-ciltsiz","8":"pa_tur-kitap","9":"pa_yayinevi-iletisim-yayinlari","10":"pa_yazar-aleksandr-soljenitsin","12":"first","13":"instock","14":"sale","15":"shipping-taxable","16":"purchasable","17":"product-type-simple"},"_links":{"self":[{"href":"https:\/\/roveyayinevi.com.tr\/index.php\/wp-json\/wp\/v2\/product\/689129","targetHints":{"allow":["GET"]}}],"collection":[{"href":"https:\/\/roveyayinevi.com.tr\/index.php\/wp-json\/wp\/v2\/product"}],"about":[{"href":"https:\/\/roveyayinevi.com.tr\/index.php\/wp-json\/wp\/v2\/types\/product"}],"wp:attachment":[{"href":"https:\/\/roveyayinevi.com.tr\/index.php\/wp-json\/wp\/v2\/media?parent=689129"}],"wp:term":[{"taxonomy":"product_brand","embeddable":true,"href":"https:\/\/roveyayinevi.com.tr\/index.php\/wp-json\/wp\/v2\/product_brand?post=689129"},{"taxonomy":"product_cat","embeddable":true,"href":"https:\/\/roveyayinevi.com.tr\/index.php\/wp-json\/wp\/v2\/product_cat?post=689129"},{"taxonomy":"product_tag","embeddable":true,"href":"https:\/\/roveyayinevi.com.tr\/index.php\/wp-json\/wp\/v2\/product_tag?post=689129"}],"curies":[{"name":"wp","href":"https:\/\/api.w.org\/{rel}","templated":true}]}}