{"id":689125,"date":"2025-08-27T13:09:49","date_gmt":"2025-08-27T10:09:49","guid":{"rendered":"https:\/\/roveyayinevi.com.tr\/index.php\/urun\/kadinlarin-sinifi-ucretli-ev-emegi-ve-kadin-oznelliginin-insasi\/"},"modified":"2025-11-22T02:02:00","modified_gmt":"2025-11-21T23:02:00","slug":"kadinlarin-sinifi-ucretli-ev-emegi-ve-kadin-oznelliginin-insasi","status":"publish","type":"product","link":"https:\/\/roveyayinevi.com.tr\/index.php\/urun\/kadinlarin-sinifi-ucretli-ev-emegi-ve-kadin-oznelliginin-insasi\/","title":{"rendered":"Kad\u0131nlar\u0131n S\u0131n\u0131f\u0131 :\u00dccretli Ev Eme\u011fi ve Kad\u0131n \u00d6znelli\u011finin \u0130n\u015fas\u0131"},"content":{"rendered":"<p>Bizim d\u00fckk\u00e2n 24 saat a\u00e7\u0131k! Ev kad\u0131nl\u0131\u011f\u0131, tatili, hastal\u0131k izni, emeklili\u011fi, mesai saati olmayan bir i\u015ftir. Ev d\u0131\u015f\u0131nda \u00e7al\u0131\u015fanlar da dahil olmak \u00fczere b\u00fct\u00fcn kad\u0131nlar evde \u00e7al\u0131\u015f\u0131rlar ve bu \u00e7al\u0131\u015fman\u0131n kar\u015f\u0131l\u0131\u011f\u0131 yoktur. \u00c7\u00fcnk\u00fc ev i\u015fleri, kad\u0131n olman\u0131n do\u011fal bir par\u00e7as\u0131d\u0131r. \u0130\u015fte bu do\u011fall\u0131k, evde harcanan eme\u011fi g\u00f6r\u00fcnmez k\u0131lar. Ev i\u015flerinin yeniden \u00fcretim olarak etiketlenmesi de bu g\u00f6r\u00fcnmezli\u011fi b\u00fcy\u00fct\u00fcr. Camlar\u0131 silmekle yemek yapmak, \u00e7ocuklara bakmakla lavabolar\u0131 ovmak ayn\u0131 t\u00fcrden i\u015fler midir? De\u011filse, aradaki fark\u0131 nas\u0131l kavramsalla\u015ft\u0131rabiliriz? Bu kavramsalla\u015ft\u0131rmay\u0131 kad\u0131nlar aras\u0131ndaki farkl\u0131l\u0131klar\u0131 tahlil ederken kullanabilir miyiz? \ufffcTan\u0131t\u0131m Metni<\/p>\n","protected":false},"excerpt":{"rendered":"<p>Bizim d\u00fckk\u00e2n 24 saat a\u00e7\u0131k! Ev kad\u0131nl\u0131\u011f\u0131, tatili, hastal\u0131k izni, emeklili\u011fi, mesai saati olmayan bir i\u015ftir. Ev d\u0131\u015f\u0131nda \u00e7al\u0131\u015fanlar da dahil olmak \u00fczere b\u00fct\u00fcn kad\u0131nlar evde<span class=\"excerpt-hellip\"> [\u2026]<\/span><\/p>\n","protected":false},"featured_media":0,"template":"","meta":{"_monsterinsights_skip_tracking":false,"_monsterinsights_sitenote_active":false,"_monsterinsights_sitenote_note":"","_monsterinsights_sitenote_category":0},"product_brand":[],"product_cat":[12312,12304],"product_tag":[],"class_list":{"0":"post-689125","1":"product","2":"type-product","3":"status-publish","5":"product_cat-diger","6":"product_cat-tarih","7":"pa_cilt-ciltsiz","8":"pa_tur-kitap","9":"pa_yayinevi-iletisim-yayinlari","10":"pa_yazar-aksu-bora","12":"first","13":"instock","14":"sale","15":"shipping-taxable","16":"purchasable","17":"product-type-simple"},"_links":{"self":[{"href":"https:\/\/roveyayinevi.com.tr\/index.php\/wp-json\/wp\/v2\/product\/689125","targetHints":{"allow":["GET"]}}],"collection":[{"href":"https:\/\/roveyayinevi.com.tr\/index.php\/wp-json\/wp\/v2\/product"}],"about":[{"href":"https:\/\/roveyayinevi.com.tr\/index.php\/wp-json\/wp\/v2\/types\/product"}],"wp:attachment":[{"href":"https:\/\/roveyayinevi.com.tr\/index.php\/wp-json\/wp\/v2\/media?parent=689125"}],"wp:term":[{"taxonomy":"product_brand","embeddable":true,"href":"https:\/\/roveyayinevi.com.tr\/index.php\/wp-json\/wp\/v2\/product_brand?post=689125"},{"taxonomy":"product_cat","embeddable":true,"href":"https:\/\/roveyayinevi.com.tr\/index.php\/wp-json\/wp\/v2\/product_cat?post=689125"},{"taxonomy":"product_tag","embeddable":true,"href":"https:\/\/roveyayinevi.com.tr\/index.php\/wp-json\/wp\/v2\/product_tag?post=689125"}],"curies":[{"name":"wp","href":"https:\/\/api.w.org\/{rel}","templated":true}]}}