{"id":689114,"date":"2025-08-27T13:09:47","date_gmt":"2025-08-27T10:09:47","guid":{"rendered":"https:\/\/roveyayinevi.com.tr\/index.php\/urun\/goz-the-eye\/"},"modified":"2026-02-03T02:00:15","modified_gmt":"2026-02-02T23:00:15","slug":"goz-the-eye","status":"publish","type":"product","link":"https:\/\/roveyayinevi.com.tr\/index.php\/urun\/goz-the-eye\/","title":{"rendered":"G\u00f6z (The Eye)"},"content":{"rendered":"<p>\u201cO kad\u0131nla, o Matilda\u2019yla Berlin\u2019deki \u00e9migr\u00e9 varolu\u015fumun ilk y\u0131llar\u0131nda tan\u0131\u015ft\u0131m, iki zaman diliminin yirmili y\u0131llar\u0131n\u0131n ba\u015flar\u0131nda:  bu y\u00fczy\u0131l\u0131n ve kendi berbat hayat\u0131m\u0131n&#8230;\u201d G\u00f6z, s.11\u201c\u2018G\u00f6z\u2019de, romanc\u0131l\u0131k kariyerinde ilk kez olmak \u00fczere Nabokov birinci tekil \u015fah\u0131sta bir roman yazar. (&#8230;) Nabokov\u2019un \u2018G\u00f6z\u2019de yapt\u0131\u011f\u0131 b\u00fcy\u00fck teknik yenilik, g\u00f6r\u00fc\u015f a\u00e7\u0131s\u0131n\u0131 c\u00fcretk\u00e2rca kullan\u0131\u015f\u0131, daha sonraki sanat\u0131n\u0131n habercisidir; neredeyse delicesine benmerkezci anlat\u0131c\u0131lar\u0131n\u0131n; roman birinci ve \u00fc\u00e7\u00fcnc\u00fc tekil \u015fah\u0131slar aras\u0131nda kayarcas\u0131na yol al\u0131r. (&#8230;) \u2018G\u00f6z\u2019\u00fcn anlat\u0131c\u0131s\u0131 \u2018ger\u00e7ekten\u2019 \u00f6l\u00fcr m\u00fc, yoksa \u00f6ld\u00fc\u011f\u00fcn\u00fc m\u00fc san\u0131r? Anlat\u0131c\u0131 ve Smurov bir ve tek ki\u015fi midirler, \u00f6yle ise, \u2018biri\u2019 \u2018\u00f6b\u00fcr\u00fc\u2019n\u00fcn bilincinde midir?\u201d  Brian Boyd (Nabakov: The Russian Years) <\/p>\n","protected":false},"excerpt":{"rendered":"<p>\u201cO kad\u0131nla, o Matilda\u2019yla Berlin\u2019deki \u00e9migr\u00e9 varolu\u015fumun ilk y\u0131llar\u0131nda tan\u0131\u015ft\u0131m, iki zaman diliminin yirmili y\u0131llar\u0131n\u0131n ba\u015flar\u0131nda: bu y\u00fczy\u0131l\u0131n ve kendi berbat hayat\u0131m\u0131n&#8230;\u201d G\u00f6z, s.11\u201c\u2018G\u00f6z\u2019de, romanc\u0131l\u0131k kariyerinde<span class=\"excerpt-hellip\"> [\u2026]<\/span><\/p>\n","protected":false},"featured_media":0,"template":"","meta":{"_monsterinsights_skip_tracking":false,"_monsterinsights_sitenote_active":false,"_monsterinsights_sitenote_note":"","_monsterinsights_sitenote_category":0},"product_brand":[],"product_cat":[12891,12291],"product_tag":[],"class_list":{"0":"post-689114","1":"product","2":"type-product","3":"status-publish","5":"product_cat-amerikan-edebiyati","6":"product_cat-edebiyat","7":"pa_cilt-ciltsiz","8":"pa_tur-kitap","9":"pa_yayinevi-iletisim-yayinlari","10":"pa_yazar-vladimir-nabokov","12":"first","13":"instock","14":"sale","15":"shipping-taxable","16":"purchasable","17":"product-type-simple"},"_links":{"self":[{"href":"https:\/\/roveyayinevi.com.tr\/index.php\/wp-json\/wp\/v2\/product\/689114","targetHints":{"allow":["GET"]}}],"collection":[{"href":"https:\/\/roveyayinevi.com.tr\/index.php\/wp-json\/wp\/v2\/product"}],"about":[{"href":"https:\/\/roveyayinevi.com.tr\/index.php\/wp-json\/wp\/v2\/types\/product"}],"wp:attachment":[{"href":"https:\/\/roveyayinevi.com.tr\/index.php\/wp-json\/wp\/v2\/media?parent=689114"}],"wp:term":[{"taxonomy":"product_brand","embeddable":true,"href":"https:\/\/roveyayinevi.com.tr\/index.php\/wp-json\/wp\/v2\/product_brand?post=689114"},{"taxonomy":"product_cat","embeddable":true,"href":"https:\/\/roveyayinevi.com.tr\/index.php\/wp-json\/wp\/v2\/product_cat?post=689114"},{"taxonomy":"product_tag","embeddable":true,"href":"https:\/\/roveyayinevi.com.tr\/index.php\/wp-json\/wp\/v2\/product_tag?post=689114"}],"curies":[{"name":"wp","href":"https:\/\/api.w.org\/{rel}","templated":true}]}}