{"id":689112,"date":"2025-08-27T13:09:47","date_gmt":"2025-08-27T10:09:47","guid":{"rendered":"https:\/\/roveyayinevi.com.tr\/index.php\/urun\/hikayem-paramparca\/"},"modified":"2026-04-16T01:58:45","modified_gmt":"2026-04-15T22:58:45","slug":"hikayem-paramparca","status":"publish","type":"product","link":"https:\/\/roveyayinevi.com.tr\/index.php\/urun\/hikayem-paramparca\/","title":{"rendered":"Hikayem Parampar\u00e7a"},"content":{"rendered":"<p>Annemin \u00f6ld\u00fc\u011f\u00fcn\u00fc anlatma, onun etkisi alt\u0131nda oldu\u011fum i\u00e7in kendisini sevdi\u011fimi d\u00fc\u015f\u00fcnmesin. Tamam Galip. Karanl\u0131kta uyuyamad\u0131\u011f\u0131m i\u00e7in gece lambas\u0131n\u0131 a\u00e7\u0131k b\u0131rakt\u0131\u011f\u0131m\u0131 anlatma, beni ondan bundan korkan biri zannetmesin. Tamam Galip. \u0130lk defa \u00e2\u015f\u0131k oldu\u011fumu anlatma, beni bu konularda tecr\u00fcbesiz biri zannetmesin. Tamam Galip. Ge\u00e7en sene el frenini \u00e7ekmeyi unutup Kartal\u2019\u0131 b*klu dereye yuvarlad\u0131\u011f\u0131m\u0131z\u0131 anlatma. Mal\u0131n\u0131n k\u0131ymetini bilmeyen biri oldu\u011fumu d\u00fc\u015f\u00fcnmesin. Tamam Galip. Babam\u0131n or*spu \u00e7ocu\u011fu oldu\u011funu anlatma. Onu bizzat ben anlatmak istiyorum. Tamam Galip. Gecenin ilk m\u00fc\u015fterisi olan, sabah\u00e7\u0131 kahvelerinde, \u00e7orbac\u0131larda ay\u0131lan gen\u00e7 adamlar. Bazen en anlams\u0131z y\u00fcz\u00fc ya\u015faman\u0131n ve bazen yel de\u011firmenini arayan i\u00e7li bir hat\u0131ra. Hen\u00fcz \u00f6lmemi\u015fler ve \u00f6l\u00fcmle tan\u0131\u015fmam\u0131\u015flara yaz\u0131lm\u0131\u015f hik\u00e2yeler&#8230; Namluya s\u00fcr\u00fclm\u00fc\u015f k\u00fcf\u00fcr&#8230; B\u00fcy\u00fcmemi\u015f bir \u00e7ocuk&#8230; Pati yapan arabalar, yutkuna yutkuna dinlenen \u015fark\u0131lar ve hayattan meseleler. Kutlanan yenilgiler, hayat kerpi\u00e7ten bir g\u00f6kdelen sevgili karde\u015fim, yanl\u0131\u015f bir parantezde ya\u015f\u0131yoruz. B\u0131rak konu\u015fal\u0131m, iki \u00e7ift laf edelim, y\u00fcz y\u00fcze bak\u0131yoruz&#8230; Emrah Serbes, hayat\u0131 kendine kat\u0131k eden, sokaktan \u00e7a\u011flayan bir sesle yeralt\u0131n\u0131n duman\u0131n\u0131 anlat\u0131yor bize. Bitmez bir ergen \u00f6fkesiyle kuyuya d\u00fc\u015fm\u00fc\u015f \u00e7ocuklara sesleniyor. Emrah Serbes\u2019ten par\u00e7a par\u00e7a anlar, par\u00e7a par\u00e7a an\u0131lar, parampar\u00e7a hikayeler&#8230; <\/p>\n","protected":false},"excerpt":{"rendered":"<p>Annemin \u00f6ld\u00fc\u011f\u00fcn\u00fc anlatma, onun etkisi alt\u0131nda oldu\u011fum i\u00e7in kendisini sevdi\u011fimi d\u00fc\u015f\u00fcnmesin. Tamam Galip. Karanl\u0131kta uyuyamad\u0131\u011f\u0131m i\u00e7in gece lambas\u0131n\u0131 a\u00e7\u0131k b\u0131rakt\u0131\u011f\u0131m\u0131 anlatma, beni ondan bundan korkan biri<span class=\"excerpt-hellip\"> [\u2026]<\/span><\/p>\n","protected":false},"featured_media":0,"template":"","meta":{"_monsterinsights_skip_tracking":false,"_monsterinsights_sitenote_active":false,"_monsterinsights_sitenote_note":"","_monsterinsights_sitenote_category":0},"product_brand":[],"product_cat":[12291,12711],"product_tag":[],"class_list":{"0":"post-689112","1":"product","2":"type-product","3":"status-publish","5":"product_cat-edebiyat","6":"product_cat-roman-oyku","7":"pa_cilt-ciltsiz","8":"pa_tur-kitap","9":"pa_yayinevi-iletisim-yayinlari","10":"pa_yazar-emrah-serbes","12":"first","13":"instock","14":"sale","15":"shipping-taxable","16":"purchasable","17":"product-type-simple"},"_links":{"self":[{"href":"https:\/\/roveyayinevi.com.tr\/index.php\/wp-json\/wp\/v2\/product\/689112","targetHints":{"allow":["GET"]}}],"collection":[{"href":"https:\/\/roveyayinevi.com.tr\/index.php\/wp-json\/wp\/v2\/product"}],"about":[{"href":"https:\/\/roveyayinevi.com.tr\/index.php\/wp-json\/wp\/v2\/types\/product"}],"wp:attachment":[{"href":"https:\/\/roveyayinevi.com.tr\/index.php\/wp-json\/wp\/v2\/media?parent=689112"}],"wp:term":[{"taxonomy":"product_brand","embeddable":true,"href":"https:\/\/roveyayinevi.com.tr\/index.php\/wp-json\/wp\/v2\/product_brand?post=689112"},{"taxonomy":"product_cat","embeddable":true,"href":"https:\/\/roveyayinevi.com.tr\/index.php\/wp-json\/wp\/v2\/product_cat?post=689112"},{"taxonomy":"product_tag","embeddable":true,"href":"https:\/\/roveyayinevi.com.tr\/index.php\/wp-json\/wp\/v2\/product_tag?post=689112"}],"curies":[{"name":"wp","href":"https:\/\/api.w.org\/{rel}","templated":true}]}}