{"id":689108,"date":"2025-08-27T13:09:46","date_gmt":"2025-08-27T10:09:46","guid":{"rendered":"https:\/\/roveyayinevi.com.tr\/index.php\/urun\/hayvan-haklarina-giris-cocugunuz-mu-kopeginiz-mi\/"},"modified":"2026-04-16T01:58:45","modified_gmt":"2026-04-15T22:58:45","slug":"hayvan-haklarina-giris-cocugunuz-mu-kopeginiz-mi","status":"publish","type":"product","link":"https:\/\/roveyayinevi.com.tr\/index.php\/urun\/hayvan-haklarina-giris-cocugunuz-mu-kopeginiz-mi\/","title":{"rendered":"Hayvan Haklar\u0131na Giri\u015f \u00c7ocu\u011funuz mu K\u00f6pe\u011finiz mi?"},"content":{"rendered":"<p>\u00d6nde gelen hayvan haklar\u0131 kuramc\u0131lar\u0131ndan biri olan Gary L. Francione,  radikal  fikirleri ile di\u011fer kuramc\u0131lardan ayr\u0131l\u0131yor. Bu kitapta, hayvanlar\u0131 koruma kanunlar\u0131nda temel al\u0131nacak kadar yayg\u0131nla\u015fan  insanca muamele  ilkesinin pratikte hi\u00e7bir h\u00fckm\u00fcn\u00fcn olmad\u0131\u011f\u0131n\u0131 savunuyor. Ona g\u00f6re, hayvanlar insanlar\u0131n mal\u0131 oldu\u011fu s\u00fcrece, hayvanlar\u0131n ac\u0131s\u0131n\u0131 azaltmaya y\u00f6nelik hukuksal d\u00fczenlemeler bir anlam ifade etmeyecektir. \u00c7\u00fcnk\u00fc mal sahibinin \u00e7\u0131karlar\u0131, her zaman mal\u0131n\u0131n \u00e7\u0131karlar\u0131ndan \u00f6ncelikli olacak ve bu gibi durumlarda hayvanlar\u0131n pay\u0131na yine zul\u00fcm d\u00fc\u015fecektir. Francione, hayvanlarla ilgili g\u00f6r\u00fclen davalardan \u00f6rnekler vererek, hayvanlara y\u00f6nelik bariz i\u015fkencelerin bile mevcut hukuk sistemlerinde nas\u0131l me\u015frula\u015ft\u0131r\u0131ld\u0131\u011f\u0131n\u0131 g\u00f6steriyor. Ona g\u00f6re, k\u00f6lelik sorunu nas\u0131l ki k\u00f6lelerin durumlar\u0131n\u0131 d\u00fczelterek \u00e7\u00f6z\u00fclemediyse, hayvanlar\u0131n kurtulu\u015fu da ancak hayvanlar\u0131n mal stat\u00fcs\u00fcne son verilmesi ile m\u00fcmk\u00fcnd\u00fcr. Peki, bu konuda umut var m\u0131? Yerle\u015fik kan\u0131lar\u0131m\u0131z\u0131 sarsacak bu kitaba \u00f6ns\u00f6z\u00fcyle katk\u0131da bulunan bir ba\u015fka \u00f6nemli hayvan haklar\u0131 savunucusu Alan Watson \u015f\u00f6yle s\u00f6yl\u00fcyor:  \u0130nsan-hayvan ili\u015fkileri etraf\u0131ndaki tart\u0131\u015fmalar\u0131n uzun bir ge\u00e7mi\u015fi var, ama ufukta herhangi bir \u00e7\u00f6z\u00fcm g\u00f6r\u00fcnm\u00fcyor. Yine de bence bu konudaki bak\u0131\u015f a\u00e7\u0131s\u0131 de\u011fi\u015fmek \u00fczere. Francione\u2019nin bu cesur ve ufuk a\u00e7\u0131c\u0131 kitab\u0131n\u0131n, biz insanlar\u0131n hayvanlara y\u00f6nelik bak\u0131\u015f\u0131m\u0131zda ve bu bak\u0131\u015f\u0131n onlara kar\u015f\u0131 davran\u0131\u015flar\u0131m\u0131za yans\u0131ma bi\u00e7iminde bir d\u00f6n\u00fcm noktas\u0131 yarataca\u011f\u0131na inan\u0131yorum. <\/p>\n","protected":false},"excerpt":{"rendered":"<p>\u00d6nde gelen hayvan haklar\u0131 kuramc\u0131lar\u0131ndan biri olan Gary L. Francione, radikal fikirleri ile di\u011fer kuramc\u0131lardan ayr\u0131l\u0131yor. Bu kitapta, hayvanlar\u0131 koruma kanunlar\u0131nda temel al\u0131nacak kadar yayg\u0131nla\u015fan insanca<span class=\"excerpt-hellip\"> [\u2026]<\/span><\/p>\n","protected":false},"featured_media":0,"template":"","meta":{"_monsterinsights_skip_tracking":false,"_monsterinsights_sitenote_active":false,"_monsterinsights_sitenote_note":"","_monsterinsights_sitenote_category":0},"product_brand":[],"product_cat":[13772,12364],"product_tag":[],"class_list":{"0":"post-689108","1":"product","2":"type-product","3":"status-publish","5":"product_cat-basvuru-kitaplari","6":"product_cat-genel-konular","7":"pa_cilt-ciltsiz","8":"pa_tur-kitap","9":"pa_yayinevi-iletisim-yayinlari","10":"pa_yazar-gary-l-francione","12":"first","13":"instock","14":"sale","15":"shipping-taxable","16":"purchasable","17":"product-type-simple"},"_links":{"self":[{"href":"https:\/\/roveyayinevi.com.tr\/index.php\/wp-json\/wp\/v2\/product\/689108","targetHints":{"allow":["GET"]}}],"collection":[{"href":"https:\/\/roveyayinevi.com.tr\/index.php\/wp-json\/wp\/v2\/product"}],"about":[{"href":"https:\/\/roveyayinevi.com.tr\/index.php\/wp-json\/wp\/v2\/types\/product"}],"wp:attachment":[{"href":"https:\/\/roveyayinevi.com.tr\/index.php\/wp-json\/wp\/v2\/media?parent=689108"}],"wp:term":[{"taxonomy":"product_brand","embeddable":true,"href":"https:\/\/roveyayinevi.com.tr\/index.php\/wp-json\/wp\/v2\/product_brand?post=689108"},{"taxonomy":"product_cat","embeddable":true,"href":"https:\/\/roveyayinevi.com.tr\/index.php\/wp-json\/wp\/v2\/product_cat?post=689108"},{"taxonomy":"product_tag","embeddable":true,"href":"https:\/\/roveyayinevi.com.tr\/index.php\/wp-json\/wp\/v2\/product_tag?post=689108"}],"curies":[{"name":"wp","href":"https:\/\/api.w.org\/{rel}","templated":true}]}}