{"id":689102,"date":"2025-08-27T13:09:45","date_gmt":"2025-08-27T10:09:45","guid":{"rendered":"https:\/\/roveyayinevi.com.tr\/index.php\/urun\/gece-ve-gunduz\/"},"modified":"2026-04-16T01:58:45","modified_gmt":"2026-04-15T22:58:45","slug":"gece-ve-gunduz","status":"publish","type":"product","link":"https:\/\/roveyayinevi.com.tr\/index.php\/urun\/gece-ve-gunduz\/","title":{"rendered":"Gece ve G\u00fcnd\u00fcz"},"content":{"rendered":"<p>Gece ve G\u00fcnd\u00fcz Virginia Woolf\u2019un ikinci roman\u0131d\u0131r. Woolf\u2019un   bilin\u00e7 ak\u0131\u015f\u0131   tekni\u011fini kulland\u0131\u011f\u0131 daha sonraki modern deneysel romanlar\u0131ndan farkl\u0131 olarak klasik ger\u00e7ek\u00e7i \u00fcsl\u00fbpla kaleme ald\u0131\u011f\u0131 bu eser, olay \u00f6rg\u00fcs\u00fc, ger\u00e7ek mek\u00e2n tasvirleri ve titizlikle betimlenmi\u015f karakterleri, d\u00f6nemin atmosferini yans\u0131tan \u00f6zellikleriyle dikkat \u00e7ekiyor. <\/p>\n","protected":false},"excerpt":{"rendered":"<p>Gece ve G\u00fcnd\u00fcz Virginia Woolf\u2019un ikinci roman\u0131d\u0131r. Woolf\u2019un bilin\u00e7 ak\u0131\u015f\u0131 tekni\u011fini kulland\u0131\u011f\u0131 daha sonraki modern deneysel romanlar\u0131ndan farkl\u0131 olarak klasik ger\u00e7ek\u00e7i \u00fcsl\u00fbpla kaleme ald\u0131\u011f\u0131 bu eser,<span class=\"excerpt-hellip\"> [\u2026]<\/span><\/p>\n","protected":false},"featured_media":0,"template":"","meta":{"_monsterinsights_skip_tracking":false,"_monsterinsights_sitenote_active":false,"_monsterinsights_sitenote_note":"","_monsterinsights_sitenote_category":0},"product_brand":[],"product_cat":[12291,12866],"product_tag":[],"class_list":{"0":"post-689102","1":"product","2":"type-product","3":"status-publish","5":"product_cat-edebiyat","6":"product_cat-ingiliz-edebiyati","7":"pa_cilt-ciltsiz","8":"pa_tur-kitap","9":"pa_yayinevi-iletisim-yayinlari","10":"pa_yazar-virginia-woolf","12":"first","13":"instock","14":"sale","15":"shipping-taxable","16":"purchasable","17":"product-type-simple"},"_links":{"self":[{"href":"https:\/\/roveyayinevi.com.tr\/index.php\/wp-json\/wp\/v2\/product\/689102","targetHints":{"allow":["GET"]}}],"collection":[{"href":"https:\/\/roveyayinevi.com.tr\/index.php\/wp-json\/wp\/v2\/product"}],"about":[{"href":"https:\/\/roveyayinevi.com.tr\/index.php\/wp-json\/wp\/v2\/types\/product"}],"wp:attachment":[{"href":"https:\/\/roveyayinevi.com.tr\/index.php\/wp-json\/wp\/v2\/media?parent=689102"}],"wp:term":[{"taxonomy":"product_brand","embeddable":true,"href":"https:\/\/roveyayinevi.com.tr\/index.php\/wp-json\/wp\/v2\/product_brand?post=689102"},{"taxonomy":"product_cat","embeddable":true,"href":"https:\/\/roveyayinevi.com.tr\/index.php\/wp-json\/wp\/v2\/product_cat?post=689102"},{"taxonomy":"product_tag","embeddable":true,"href":"https:\/\/roveyayinevi.com.tr\/index.php\/wp-json\/wp\/v2\/product_tag?post=689102"}],"curies":[{"name":"wp","href":"https:\/\/api.w.org\/{rel}","templated":true}]}}