{"id":689100,"date":"2025-08-27T13:09:45","date_gmt":"2025-08-27T10:09:45","guid":{"rendered":"https:\/\/roveyayinevi.com.tr\/index.php\/urun\/felaket-henry-ve-mumyanin-gazabi\/"},"modified":"2026-04-16T01:58:45","modified_gmt":"2026-04-15T22:58:45","slug":"felaket-henry-ve-mumyanin-gazabi","status":"publish","type":"product","link":"https:\/\/roveyayinevi.com.tr\/index.php\/urun\/felaket-henry-ve-mumyanin-gazabi\/","title":{"rendered":"Felaket Henry ve Mumyan\u0131n Gazab\u0131"},"content":{"rendered":"<p>Felaket Henry bu kitapta birbirinden sevimli d\u00f6rt hikayeyle kar\u015f\u0131n\u0131zda. Karde\u015fi m\u00fckemmel Peter; annesi; babas\u0131; \u00f6\u011fretmenleri Bayan Acuze, S\u0131r\u0131ls\u0131klam Sid; arkada\u015flar\u0131 Huysuz Margaret, Kaba Ralph, Ak\u0131ll\u0131 Clare, \u0130riyar\u0131 Bert Henry\u2019nin maceralar\u0131n\u0131n di\u011fer ilgin\u00e7 kahramanlar\u0131&#8230; Yine yaramaz m\u0131 yaramaz, haylaz m\u0131 haylaz&#8230;\u0130\u015fte felaket Henry! <\/p>\n","protected":false},"excerpt":{"rendered":"<p>Felaket Henry bu kitapta birbirinden sevimli d\u00f6rt hikayeyle kar\u015f\u0131n\u0131zda. Karde\u015fi m\u00fckemmel Peter; annesi; babas\u0131; \u00f6\u011fretmenleri Bayan Acuze, S\u0131r\u0131ls\u0131klam Sid; arkada\u015flar\u0131 Huysuz Margaret, Kaba Ralph, Ak\u0131ll\u0131 Clare,<span class=\"excerpt-hellip\"> [\u2026]<\/span><\/p>\n","protected":false},"featured_media":0,"template":"","meta":{"_monsterinsights_skip_tracking":false,"_monsterinsights_sitenote_active":false,"_monsterinsights_sitenote_note":"","_monsterinsights_sitenote_category":0},"product_brand":[],"product_cat":[12274,12284],"product_tag":[],"class_list":{"0":"post-689100","1":"product","2":"type-product","3":"status-publish","5":"product_cat-cocuk-ve-genclik-kitaplari","6":"product_cat-hikayeler","7":"pa_cilt-ciltsiz","8":"pa_tur-kitap","9":"pa_yayinevi-iletisim-yayinlari","10":"pa_yazar-francesca-simon","12":"first","13":"instock","14":"sale","15":"shipping-taxable","16":"purchasable","17":"product-type-simple"},"_links":{"self":[{"href":"https:\/\/roveyayinevi.com.tr\/index.php\/wp-json\/wp\/v2\/product\/689100","targetHints":{"allow":["GET"]}}],"collection":[{"href":"https:\/\/roveyayinevi.com.tr\/index.php\/wp-json\/wp\/v2\/product"}],"about":[{"href":"https:\/\/roveyayinevi.com.tr\/index.php\/wp-json\/wp\/v2\/types\/product"}],"wp:attachment":[{"href":"https:\/\/roveyayinevi.com.tr\/index.php\/wp-json\/wp\/v2\/media?parent=689100"}],"wp:term":[{"taxonomy":"product_brand","embeddable":true,"href":"https:\/\/roveyayinevi.com.tr\/index.php\/wp-json\/wp\/v2\/product_brand?post=689100"},{"taxonomy":"product_cat","embeddable":true,"href":"https:\/\/roveyayinevi.com.tr\/index.php\/wp-json\/wp\/v2\/product_cat?post=689100"},{"taxonomy":"product_tag","embeddable":true,"href":"https:\/\/roveyayinevi.com.tr\/index.php\/wp-json\/wp\/v2\/product_tag?post=689100"}],"curies":[{"name":"wp","href":"https:\/\/api.w.org\/{rel}","templated":true}]}}