{"id":689099,"date":"2025-08-27T13:09:44","date_gmt":"2025-08-27T10:09:44","guid":{"rendered":"https:\/\/roveyayinevi.com.tr\/index.php\/urun\/jacobun-odasi\/"},"modified":"2025-12-30T09:34:19","modified_gmt":"2025-12-30T06:34:19","slug":"jacobun-odasi","status":"publish","type":"product","link":"https:\/\/roveyayinevi.com.tr\/index.php\/urun\/jacobun-odasi\/","title":{"rendered":"Jacob&#8217;un Odas\u0131"},"content":{"rendered":"<p>Jacob\u2019\u0131n Odas\u0131, Virginia Woolf\u2019un yazarl\u0131k hayat\u0131nda geleneksel anlat\u0131dan modernist deneysel anlat\u0131ya gec\u0327is\u0327i simgeleyen bir kilometre tas\u0327\u0131. Edward C\u0327ag\u0306\u0131 I\u0307ngilteresi\u2019nde bas\u0327layan Jacob\u2019\u0131n Odas\u0131, Jacob Flanders\u2019\u0131n genc\u0327likten yetis\u0327kinlig\u0306e gec\u0327en deneyimlerini c\u0327og\u0306unlukla hayat\u0131na giren kad\u0131nlar\u0131n go\u0308zu\u0308nden ve dolayl\u0131 bir anlat\u0131mla betimler. Jacob\u2019\u0131n Cornwall\u2019dan Londra\u2019ya, I\u0307talya\u2019dan Yunanistan\u2019a dek uzanan seru\u0308veni karakterlerin zihinlerindeki izlenimler, du\u0308s\u0327u\u0308nceler ve tesadu\u0308flerin ak\u0131s\u0327\u0131yla anlat\u0131l\u0131rken geleneksel roman\u0131n c\u0327izgisel ve bu\u0308tu\u0308nsel zaman\u0131ndan farkl\u0131 bir kurmaca zaman ve yeni bir anlat\u0131 teknig\u0306i roman\u0131n merkezine yerles\u0327ir. Virginia Woolf\u2019un kendine o\u0308zgu\u0308 yenilikc\u0327i ve deneysel anlat\u0131m tarz\u0131n\u0131 ilk defa denedig\u0306i Jacob\u2019\u0131n Odas\u0131 yazar\u0131n romanc\u0131l\u0131g\u0306\u0131ndaki kritik do\u0308nu\u0308s\u0327u\u0308mu\u0308n o\u0308zgu\u0308n bir d\u0131s\u0327avurumu. \u201cJames Joyce ve Virginia Woolf, anlat\u0131y\u0131 roman kis\u0327ilerinin du\u0308s\u0327u\u0308ncelerine, alg\u0131lamalar\u0131na, izlenimlerine yayarak c\u0327ok odakl\u0131 anlat\u0131lar u\u0308retti.\u201d JALE PARLA <\/p>\n","protected":false},"excerpt":{"rendered":"<p>Jacob\u2019\u0131n Odas\u0131, Virginia Woolf\u2019un yazarl\u0131k hayat\u0131nda geleneksel anlat\u0131dan modernist deneysel anlat\u0131ya gec\u0327is\u0327i simgeleyen bir kilometre tas\u0327\u0131. Edward C\u0327ag\u0306\u0131 I\u0307ngilteresi\u2019nde bas\u0327layan Jacob\u2019\u0131n Odas\u0131, Jacob Flanders\u2019\u0131n genc\u0327likten yetis\u0327kinlig\u0306e<span class=\"excerpt-hellip\"> [\u2026]<\/span><\/p>\n","protected":false},"featured_media":0,"template":"","meta":{"_monsterinsights_skip_tracking":false,"_monsterinsights_sitenote_active":false,"_monsterinsights_sitenote_note":"","_monsterinsights_sitenote_category":0},"product_brand":[],"product_cat":[12291,12866],"product_tag":[],"class_list":{"0":"post-689099","1":"product","2":"type-product","3":"status-publish","5":"product_cat-edebiyat","6":"product_cat-ingiliz-edebiyati","7":"pa_cilt-ciltsiz","8":"pa_tur-kitap","9":"pa_yayinevi-iletisim-yayinlari","10":"pa_yazar-virginia-woolf","12":"first","13":"instock","14":"sale","15":"shipping-taxable","16":"purchasable","17":"product-type-simple"},"_links":{"self":[{"href":"https:\/\/roveyayinevi.com.tr\/index.php\/wp-json\/wp\/v2\/product\/689099","targetHints":{"allow":["GET"]}}],"collection":[{"href":"https:\/\/roveyayinevi.com.tr\/index.php\/wp-json\/wp\/v2\/product"}],"about":[{"href":"https:\/\/roveyayinevi.com.tr\/index.php\/wp-json\/wp\/v2\/types\/product"}],"wp:attachment":[{"href":"https:\/\/roveyayinevi.com.tr\/index.php\/wp-json\/wp\/v2\/media?parent=689099"}],"wp:term":[{"taxonomy":"product_brand","embeddable":true,"href":"https:\/\/roveyayinevi.com.tr\/index.php\/wp-json\/wp\/v2\/product_brand?post=689099"},{"taxonomy":"product_cat","embeddable":true,"href":"https:\/\/roveyayinevi.com.tr\/index.php\/wp-json\/wp\/v2\/product_cat?post=689099"},{"taxonomy":"product_tag","embeddable":true,"href":"https:\/\/roveyayinevi.com.tr\/index.php\/wp-json\/wp\/v2\/product_tag?post=689099"}],"curies":[{"name":"wp","href":"https:\/\/api.w.org\/{rel}","templated":true}]}}