{"id":689098,"date":"2025-08-27T13:09:44","date_gmt":"2025-08-27T10:09:44","guid":{"rendered":"https:\/\/roveyayinevi.com.tr\/index.php\/urun\/ittihat-ve-terakkinin-muslumanlari-iskan-politikasi-1913-1918\/"},"modified":"2025-11-22T02:01:49","modified_gmt":"2025-11-21T23:01:49","slug":"ittihat-ve-terakkinin-muslumanlari-iskan-politikasi-1913-1918","status":"publish","type":"product","link":"https:\/\/roveyayinevi.com.tr\/index.php\/urun\/ittihat-ve-terakkinin-muslumanlari-iskan-politikasi-1913-1918\/","title":{"rendered":"\u0130ttihat ve Terakki&#8217;nin M\u00fcsl\u00fcmanlar\u0131 \u0130skan Politikas\u0131 (1913-1918)"},"content":{"rendered":"<p>T\u00fcrkiye\u2019nin n\u00fcfus yap\u0131s\u0131, b\u00fcy\u00fck oranda Osmanl\u0131\u2019n\u0131n son d\u00f6neminden mirast\u0131r. G\u00f6\u00e7 ve isk\u00e2n\u0131n Anadolu\u2019nun T\u00fcrkle\u015fmesindeki \u00f6nemini anlamak i\u00e7in kendi aile ge\u00e7mi\u015flerimize bakmam\u0131z yeterli olur. T\u00fcrkiye\u2019nin etnik ve dinsel yap\u0131s\u0131n\u0131n yeniden \u015fekillenmesi, Milli M\u00fccadele\u2019den \u00e7ok \u0130ttihat ve Terakki\u2019nin tam iktidar oldu\u011fu y\u0131llara (1913-1918) denk d\u00fc\u015fer. Fuat D\u00fcndar, \u0130ttihat ve Terakki\u2019nin, Osmanl\u0131c\u0131l\u0131ktan T\u00fcrk\u00e7\u00fcl\u00fc\u011fe ge\u00e7irdi\u011fi ideolojik d\u00f6n\u00fc\u015f\u00fcm do\u011frultusunda bu y\u0131llarda uygulad\u0131\u011f\u0131 g\u00f6\u00e7 ve isk\u00e2n politikilar\u0131n\u0131 inceliyor. Anadolu\u2019nun M\u00fcsl\u00fcmanla\u015ft\u0131r\u0131lmas\u0131 ve T\u00fcrkle\u015ftirilmesi i\u00e7in uygulanan bu politikalar\u0131, \u015fifreli telgraflar gibi birincil kaynaklara ba\u015fvurarak ayd\u0131nlat\u0131yor. N\u00fcfusun \u00fc\u00e7te birinin yerleri de\u011fi\u015ftirilerek birbirine kar\u0131\u015ft\u0131r\u0131ld\u0131\u011f\u0131 bu d\u00f6nemin sosyo-ekonomik yap\u0131s\u0131n\u0131 ve toplumsal ruh halini, an\u0131lar ve belgelerle ortaya koyuyor. M\u00fcsl\u00fcman halklar\u0131n nas\u0131l bir politika do\u011frultusunda isk\u00e2n edildi\u011fi ve \u0130ttihat ve Terakki\u2019nin, kar\u015f\u0131la\u015ft\u0131\u011f\u0131 muhacir ve m\u00fclteci sorunlar\u0131n\u0131 hangi yollarla \u00e7\u00f6zmeye \u00e7al\u0131\u015ft\u0131\u011f\u0131, bu kitab\u0131n iki temel mevzuu. Tarih \u00e7al\u0131\u015fmalar\u0131nda b\u00fcy\u00fck oranda ihmal edilen g\u00f6\u00e7 ve isk\u00e2n politikalar\u0131, hem Cumhuriyet\u2019e devreden T\u00fcrk\u00e7\u00fc devlet zihniyetini hem de bug\u00fcnk\u00fc etnik-dinsel kar\u0131\u015f\u0131m\u0131 kavramak a\u00e7\u0131s\u0131ndan son derece \u00f6nemli. D\u00fcndar bu \u00e7al\u0131\u015fmas\u0131yla,  ulusla\u015fma  s\u00fcrecinin en \u00f6nemli bile\u015fenlerinden birini, yani n\u00fcfusun homojenle\u015ftirili\u015fini t\u00fcm y\u00f6nleriyle ortaya koymu\u015f oluyor. <\/p>\n","protected":false},"excerpt":{"rendered":"<p>T\u00fcrkiye\u2019nin n\u00fcfus yap\u0131s\u0131, b\u00fcy\u00fck oranda Osmanl\u0131\u2019n\u0131n son d\u00f6neminden mirast\u0131r. G\u00f6\u00e7 ve isk\u00e2n\u0131n Anadolu\u2019nun T\u00fcrkle\u015fmesindeki \u00f6nemini anlamak i\u00e7in kendi aile ge\u00e7mi\u015flerimize bakmam\u0131z yeterli olur. T\u00fcrkiye\u2019nin etnik ve<span class=\"excerpt-hellip\"> [\u2026]<\/span><\/p>\n","protected":false},"featured_media":0,"template":"","meta":{"_monsterinsights_skip_tracking":false,"_monsterinsights_sitenote_active":false,"_monsterinsights_sitenote_note":"","_monsterinsights_sitenote_category":0},"product_brand":[],"product_cat":[13517,12304],"product_tag":[],"class_list":{"0":"post-689098","1":"product","2":"type-product","3":"status-publish","5":"product_cat-osmanli-tarihi","6":"product_cat-tarih","7":"pa_cilt-ciltsiz","8":"pa_tur-kitap","9":"pa_yayinevi-iletisim-yayinlari","10":"pa_yazar-fuat-dundar","12":"first","13":"instock","14":"sale","15":"shipping-taxable","16":"purchasable","17":"product-type-simple"},"_links":{"self":[{"href":"https:\/\/roveyayinevi.com.tr\/index.php\/wp-json\/wp\/v2\/product\/689098","targetHints":{"allow":["GET"]}}],"collection":[{"href":"https:\/\/roveyayinevi.com.tr\/index.php\/wp-json\/wp\/v2\/product"}],"about":[{"href":"https:\/\/roveyayinevi.com.tr\/index.php\/wp-json\/wp\/v2\/types\/product"}],"wp:attachment":[{"href":"https:\/\/roveyayinevi.com.tr\/index.php\/wp-json\/wp\/v2\/media?parent=689098"}],"wp:term":[{"taxonomy":"product_brand","embeddable":true,"href":"https:\/\/roveyayinevi.com.tr\/index.php\/wp-json\/wp\/v2\/product_brand?post=689098"},{"taxonomy":"product_cat","embeddable":true,"href":"https:\/\/roveyayinevi.com.tr\/index.php\/wp-json\/wp\/v2\/product_cat?post=689098"},{"taxonomy":"product_tag","embeddable":true,"href":"https:\/\/roveyayinevi.com.tr\/index.php\/wp-json\/wp\/v2\/product_tag?post=689098"}],"curies":[{"name":"wp","href":"https:\/\/api.w.org\/{rel}","templated":true}]}}