{"id":689095,"date":"2025-08-27T13:09:44","date_gmt":"2025-08-27T10:09:44","guid":{"rendered":"https:\/\/roveyayinevi.com.tr\/index.php\/urun\/kadinlar-dile-dusunce-edebiyat-ve-toplumsal-cinsiyet\/"},"modified":"2026-04-16T01:58:44","modified_gmt":"2026-04-15T22:58:44","slug":"kadinlar-dile-dusunce-edebiyat-ve-toplumsal-cinsiyet","status":"publish","type":"product","link":"https:\/\/roveyayinevi.com.tr\/index.php\/urun\/kadinlar-dile-dusunce-edebiyat-ve-toplumsal-cinsiyet\/","title":{"rendered":"Kad\u0131nlar Dile D\u00fc\u015f\u00fcnce &#8211; Edebiyat ve Toplumsal Cinsiyet"},"content":{"rendered":"<p>Herkes dile d\u00fc\u015fer, kad\u0131nlar da erkekler de&#8230; Ama ataerkil ideolojiler taraf\u0131ndan dil \u00f6tesi bir mahremiyet alan\u0131na hapsedilen kad\u0131nlar\u0131n, kamusal alanda g\u00f6r\u00fcn\u00fcr olunca kendilerini rezil ettikleri d\u00fc\u015f\u00fcn\u00fcld\u00fc\u011f\u00fcnden, dile d\u00fc\u015fmek deyimi en \u00e7ok onlara yak\u0131\u015ft\u0131r\u0131l\u0131r. \u00dcstelik, erkekler taraf\u0131ndan yap\u0131lm\u0131\u015f bir dil i\u00e7inde ya\u015famak zorunda olduklar\u0131 ve simgele\u015ftirilip ba\u015fka \u015feyler hakk\u0131nda konu\u015fman\u0131n arac\u0131 yap\u0131ld\u0131klar\u0131 i\u00e7in, hep erkek dili ne d\u00fc\u015fer kad\u0131nlar. Edebiyat, hem bu s\u00fcrecin par\u00e7as\u0131, pem de onu anlay\u0131p de\u011fi\u015ftirmenin en yetkin ara\u00e7lar\u0131ndan biridir. Bu kitap, feminist ele\u015ftirinin kuramsal arka plan\u0131n\u0131 irdelemenin yan\u0131 s\u0131ra, T\u00fcrk ve Bat\u0131 edebiyat\u0131ndan hem erkek hem de kad\u0131n yazarlar\u0131n yap\u0131tlar\u0131n\u0131 derinlemesine inceliyor. Jale Parla, Sibel Irz\u0131k, Deniz Tarba Ceylan, Zeynep Ergun, Rana Tekcan, H\u00fclya Adak, S\u00fcha O\u011fuzertem, \u00d6zden S\u00f6zalan ve Nurdan G\u00fcrbilek\u2019in yaz\u0131lar\u0131, konuyu \u00e7ok \u00e7e\u015fitli boyutlar\u0131yla ele al\u0131yor: Toplumsal cinsiyet kavram\u0131, edebiyat\u0131n \u00f6znesi ve nesnesi olmak, kad\u0131nl\u0131k ve erkeklik kurgular\u0131 a\u00e7\u0131s\u0131ndan edebiyat\u0131n i\u00e7erdi\u011fi tuzak ve imkanlar, dilin ve suskunlu\u011fun cinsiyeti&#8230; Kad\u0131nlar Dile D\u00fc\u015f\u00fcnce, feminizmin dile d\u00fc\u015fk\u00fcn l\u00fc\u011f\u00fc sayesinde m\u00fcmk\u00fcn olan edebiyat okumalar\u0131n\u0131n \u00e7arp\u0131c\u0131 \u00f6rneklerini sunuyor. \ufffcTan\u0131t\u0131m Metni<\/p>\n","protected":false},"excerpt":{"rendered":"<p>Herkes dile d\u00fc\u015fer, kad\u0131nlar da erkekler de&#8230; Ama ataerkil ideolojiler taraf\u0131ndan dil \u00f6tesi bir mahremiyet alan\u0131na hapsedilen kad\u0131nlar\u0131n, kamusal alanda g\u00f6r\u00fcn\u00fcr olunca kendilerini rezil ettikleri d\u00fc\u015f\u00fcn\u00fcld\u00fc\u011f\u00fcnden,<span class=\"excerpt-hellip\"> [\u2026]<\/span><\/p>\n","protected":false},"featured_media":0,"template":"","meta":{"_monsterinsights_skip_tracking":false,"_monsterinsights_sitenote_active":false,"_monsterinsights_sitenote_note":"","_monsterinsights_sitenote_category":0},"product_brand":[],"product_cat":[12835,12324],"product_tag":[],"class_list":{"0":"post-689095","1":"product","2":"type-product","3":"status-publish","5":"product_cat-genel-sosyoloji","6":"product_cat-sosyoloji","7":"pa_cilt-ciltsiz","8":"pa_tur-kitap","9":"pa_yayinevi-iletisim-yayinlari","10":"pa_yazar-jale-parla-der","11":"pa_yazar-sibel-irzik","13":"first","14":"instock","15":"sale","16":"shipping-taxable","17":"purchasable","18":"product-type-simple"},"_links":{"self":[{"href":"https:\/\/roveyayinevi.com.tr\/index.php\/wp-json\/wp\/v2\/product\/689095","targetHints":{"allow":["GET"]}}],"collection":[{"href":"https:\/\/roveyayinevi.com.tr\/index.php\/wp-json\/wp\/v2\/product"}],"about":[{"href":"https:\/\/roveyayinevi.com.tr\/index.php\/wp-json\/wp\/v2\/types\/product"}],"wp:attachment":[{"href":"https:\/\/roveyayinevi.com.tr\/index.php\/wp-json\/wp\/v2\/media?parent=689095"}],"wp:term":[{"taxonomy":"product_brand","embeddable":true,"href":"https:\/\/roveyayinevi.com.tr\/index.php\/wp-json\/wp\/v2\/product_brand?post=689095"},{"taxonomy":"product_cat","embeddable":true,"href":"https:\/\/roveyayinevi.com.tr\/index.php\/wp-json\/wp\/v2\/product_cat?post=689095"},{"taxonomy":"product_tag","embeddable":true,"href":"https:\/\/roveyayinevi.com.tr\/index.php\/wp-json\/wp\/v2\/product_tag?post=689095"}],"curies":[{"name":"wp","href":"https:\/\/api.w.org\/{rel}","templated":true}]}}