{"id":689094,"date":"2025-08-27T13:09:44","date_gmt":"2025-08-27T10:09:44","guid":{"rendered":"https:\/\/roveyayinevi.com.tr\/index.php\/urun\/jurnal-2-cilt\/"},"modified":"2026-04-16T01:58:44","modified_gmt":"2026-04-15T22:58:44","slug":"jurnal-2-cilt","status":"publish","type":"product","link":"https:\/\/roveyayinevi.com.tr\/index.php\/urun\/jurnal-2-cilt\/","title":{"rendered":"Jurnal 2. Cilt"},"content":{"rendered":"<p>D\u00fc\u015f\u00fcn\u00fcr-yazar\u0131n 1960\u2019lardan 1980\u2019lere ruh ve d\u00fc\u015f\u00fcnce d\u00fcnyas\u0131ndaki dalgalanmalar. Meri\u00e7\u2019in kitaplar\u0131na ge\u00e7memi\u015f fikirleri, notlar\u0131. Zaaflar\u0131n\u0131, tutkular\u0131n\u0131 d\u00f6kt\u00fc\u011f\u00fc mektuplar. \u201cTekdim ve b\u00fct\u00fcn\u00fcmle seviyordun, sevme\u011fe mahkumdun\u201d diyecek kadar iddial\u0131 ve \u00f6zg\u00fcvenli, ama bir yandan da anla\u015f\u0131lmam\u0131\u015fl\u0131kla, hayal k\u0131r\u0131kl\u0131klar\u0131yla y\u00fckl\u00fc. Cemil Meri\u00e7\u2019in duygusal izd\u00fc\u015f\u00fcm\u00fc.\ufffc<\/p>\n","protected":false},"excerpt":{"rendered":"<p>D\u00fc\u015f\u00fcn\u00fcr-yazar\u0131n 1960\u2019lardan 1980\u2019lere ruh ve d\u00fc\u015f\u00fcnce d\u00fcnyas\u0131ndaki dalgalanmalar. Meri\u00e7\u2019in kitaplar\u0131na ge\u00e7memi\u015f fikirleri, notlar\u0131. Zaaflar\u0131n\u0131, tutkular\u0131n\u0131 d\u00f6kt\u00fc\u011f\u00fc mektuplar. \u201cTekdim ve b\u00fct\u00fcn\u00fcmle seviyordun, sevme\u011fe mahkumdun\u201d diyecek kadar iddial\u0131<span class=\"excerpt-hellip\"> [\u2026]<\/span><\/p>\n","protected":false},"featured_media":0,"template":"","meta":{"_monsterinsights_skip_tracking":false,"_monsterinsights_sitenote_active":false,"_monsterinsights_sitenote_note":"","_monsterinsights_sitenote_category":0},"product_brand":[],"product_cat":[13633,12324],"product_tag":[],"class_list":{"0":"post-689094","1":"product","2":"type-product","3":"status-publish","5":"product_cat-kultur-ve-bilim","6":"product_cat-sosyoloji","7":"pa_cilt-ciltsiz","8":"pa_tur-kitap","9":"pa_yayinevi-iletisim-yayinlari","10":"pa_yazar-cemil-meric","12":"first","13":"instock","14":"sale","15":"shipping-taxable","16":"purchasable","17":"product-type-simple"},"_links":{"self":[{"href":"https:\/\/roveyayinevi.com.tr\/index.php\/wp-json\/wp\/v2\/product\/689094","targetHints":{"allow":["GET"]}}],"collection":[{"href":"https:\/\/roveyayinevi.com.tr\/index.php\/wp-json\/wp\/v2\/product"}],"about":[{"href":"https:\/\/roveyayinevi.com.tr\/index.php\/wp-json\/wp\/v2\/types\/product"}],"wp:attachment":[{"href":"https:\/\/roveyayinevi.com.tr\/index.php\/wp-json\/wp\/v2\/media?parent=689094"}],"wp:term":[{"taxonomy":"product_brand","embeddable":true,"href":"https:\/\/roveyayinevi.com.tr\/index.php\/wp-json\/wp\/v2\/product_brand?post=689094"},{"taxonomy":"product_cat","embeddable":true,"href":"https:\/\/roveyayinevi.com.tr\/index.php\/wp-json\/wp\/v2\/product_cat?post=689094"},{"taxonomy":"product_tag","embeddable":true,"href":"https:\/\/roveyayinevi.com.tr\/index.php\/wp-json\/wp\/v2\/product_tag?post=689094"}],"curies":[{"name":"wp","href":"https:\/\/api.w.org\/{rel}","templated":true}]}}