{"id":689091,"date":"2025-08-27T13:09:43","date_gmt":"2025-08-27T10:09:43","guid":{"rendered":"https:\/\/roveyayinevi.com.tr\/index.php\/urun\/izmir-1830-1930-unutulmus-bir-kent-mi\/"},"modified":"2026-04-16T01:58:44","modified_gmt":"2026-04-15T22:58:44","slug":"izmir-1830-1930-unutulmus-bir-kent-mi","status":"publish","type":"product","link":"https:\/\/roveyayinevi.com.tr\/index.php\/urun\/izmir-1830-1930-unutulmus-bir-kent-mi\/","title":{"rendered":"\u0130zmir 1830 &#8211; 1930 Unutulmu\u015f Bir Kent mi ?"},"content":{"rendered":"<p>Marie-Carmen Smyrnelis\u2019in derledigi ve Izmir\u2019in kozmopolit zenginligini ortaya \u00e7\u0131karan Izmir 1830-1930: Unutulmus Bir Kent mi?, Izmirlilerin hik\u00e2yesini anlat\u0131yor. M\u00fcsl\u00fcman halk i\u00e7in buras\u0131, n\u00fcfusun b\u00fcy\u00fck bir k\u0131sm\u0131 H\u0131ristiyan ya da Yahudi gayrim\u00fcslimlerden olustugu i\u00e7in \u201cg\u00e2vur Izmir\u201ddir. Avrupal\u0131lar i\u00e7inse, s\u00fcregelen entelekt\u00fcel yasam\u0131n yogunlugu nedeniyle \u201cDogu\u2019nun k\u00fc\u00e7\u00fck Paris\u2019i\u201d \u2026 Bu kozmopolit yap\u0131 i\u00e7inde Ortodoks ve Katolik H\u0131ristiyanlar, Yahudiler ve M\u00fcsl\u00fcmanlar Avrupa\u2019ya dogrudan a\u00e7\u0131lan bu ticaret kentinde hosg\u00f6r\u00fcleri, yenilige a\u00e7\u0131kl\u0131klar\u0131 ve sanat sevgileriyle, hep birlikte yasad\u0131lar. \u201cBu kitap Smyrna tarihinin zenginliginden yaln\u0131zca bir y\u00fczy\u0131l\u0131 incelemektedir: 1830-1930. Bir d\u00f6n\u00fcm noktas\u0131 olan bu y\u00fczy\u0131l boyunca Smyrna, Osmanl\u0131 Imparatorlugu\u2019nun ve ayn\u0131 zamanda da t\u00fcm Bat\u0131 Avrupa\u2019n\u0131n ritmine bagl\u0131 olarak, politik, ekonomik, toplumsal, k\u00fclt\u00fcrel, insani, sehircilik, fiziksel ve maddi d\u00fczlemlerde derinden d\u00f6n\u00fcsm\u00fcst\u00fcr.\u201d MARIE-CARMEN SMYRNELIS<\/p>\n","protected":false},"excerpt":{"rendered":"<p>Marie-Carmen Smyrnelis\u2019in derledigi ve Izmir\u2019in kozmopolit zenginligini ortaya \u00e7\u0131karan Izmir 1830-1930: Unutulmus Bir Kent mi?, Izmirlilerin hik\u00e2yesini anlat\u0131yor. M\u00fcsl\u00fcman halk i\u00e7in buras\u0131, n\u00fcfusun b\u00fcy\u00fck bir k\u0131sm\u0131<span class=\"excerpt-hellip\"> [\u2026]<\/span><\/p>\n","protected":false},"featured_media":0,"template":"","meta":{"_monsterinsights_skip_tracking":false,"_monsterinsights_sitenote_active":false,"_monsterinsights_sitenote_note":"","_monsterinsights_sitenote_category":0},"product_brand":[],"product_cat":[12312,12304],"product_tag":[],"class_list":{"0":"post-689091","1":"product","2":"type-product","3":"status-publish","5":"product_cat-diger","6":"product_cat-tarih","7":"pa_cilt-ciltsiz","8":"pa_tur-kitap","9":"pa_yayinevi-iletisim-yayinlari","10":"pa_yazar-marie-carmen-smyrnelis-der","12":"first","13":"instock","14":"sale","15":"shipping-taxable","16":"purchasable","17":"product-type-simple"},"_links":{"self":[{"href":"https:\/\/roveyayinevi.com.tr\/index.php\/wp-json\/wp\/v2\/product\/689091","targetHints":{"allow":["GET"]}}],"collection":[{"href":"https:\/\/roveyayinevi.com.tr\/index.php\/wp-json\/wp\/v2\/product"}],"about":[{"href":"https:\/\/roveyayinevi.com.tr\/index.php\/wp-json\/wp\/v2\/types\/product"}],"wp:attachment":[{"href":"https:\/\/roveyayinevi.com.tr\/index.php\/wp-json\/wp\/v2\/media?parent=689091"}],"wp:term":[{"taxonomy":"product_brand","embeddable":true,"href":"https:\/\/roveyayinevi.com.tr\/index.php\/wp-json\/wp\/v2\/product_brand?post=689091"},{"taxonomy":"product_cat","embeddable":true,"href":"https:\/\/roveyayinevi.com.tr\/index.php\/wp-json\/wp\/v2\/product_cat?post=689091"},{"taxonomy":"product_tag","embeddable":true,"href":"https:\/\/roveyayinevi.com.tr\/index.php\/wp-json\/wp\/v2\/product_tag?post=689091"}],"curies":[{"name":"wp","href":"https:\/\/api.w.org\/{rel}","templated":true}]}}