{"id":689084,"date":"2025-08-27T13:09:42","date_gmt":"2025-08-27T10:09:42","guid":{"rendered":"https:\/\/roveyayinevi.com.tr\/index.php\/urun\/kirimli-murat-destani\/"},"modified":"2026-04-16T01:58:44","modified_gmt":"2026-04-15T22:58:44","slug":"kirimli-murat-destani","status":"publish","type":"product","link":"https:\/\/roveyayinevi.com.tr\/index.php\/urun\/kirimli-murat-destani\/","title":{"rendered":"K\u0131r\u0131ml\u0131 Murat Destan\u0131"},"content":{"rendered":"<p>K\u0131r\u0131m&#8217;\u0131n kaderi bu: G\u00fcne\u015f her ak\u015fam h\u00fcz\u00fcnle terk eder K\u0131r\u0131m&#8217;\u0131. Her sabah ac\u0131 bir g\u00fcn\u00fcn \u00fcst\u00fcne do\u011far&#8230; K\u0131r\u0131ml\u0131 Murat Destan\u0131, Karasupazar&#8217;\u0131n en heyecanl\u0131 ve en cesur delikanl\u0131s\u0131 Murat&#8217;\u0131n ve K\u0131r\u0131m Halk\u0131n\u0131n ba\u011f\u0131ms\u0131zl\u0131klar\u0131 i\u00e7in verdikleri destans\u0131 m\u00fccadele&#8230;<\/p>\n","protected":false},"excerpt":{"rendered":"<p>K\u0131r\u0131m&#8217;\u0131n kaderi bu: G\u00fcne\u015f her ak\u015fam h\u00fcz\u00fcnle terk eder K\u0131r\u0131m&#8217;\u0131. Her sabah ac\u0131 bir g\u00fcn\u00fcn \u00fcst\u00fcne do\u011far&#8230; K\u0131r\u0131ml\u0131 Murat Destan\u0131, Karasupazar&#8217;\u0131n en heyecanl\u0131 ve en cesur<span class=\"excerpt-hellip\"> [\u2026]<\/span><\/p>\n","protected":false},"featured_media":0,"template":"","meta":{"_monsterinsights_skip_tracking":false,"_monsterinsights_sitenote_active":false,"_monsterinsights_sitenote_note":"","_monsterinsights_sitenote_category":0},"product_brand":[],"product_cat":[12275,12274],"product_tag":[],"class_list":{"0":"post-689084","1":"product","2":"type-product","3":"status-publish","5":"product_cat-6-12-yas-kitaplari","6":"product_cat-cocuk-ve-genclik-kitaplari","7":"pa_cilt-ciltsiz","8":"pa_tur-kitap","9":"pa_yayinevi-genc-timas","10":"pa_yazar-hasan-nail-canat","12":"first","13":"instock","14":"sale","15":"shipping-taxable","16":"purchasable","17":"product-type-simple"},"_links":{"self":[{"href":"https:\/\/roveyayinevi.com.tr\/index.php\/wp-json\/wp\/v2\/product\/689084","targetHints":{"allow":["GET"]}}],"collection":[{"href":"https:\/\/roveyayinevi.com.tr\/index.php\/wp-json\/wp\/v2\/product"}],"about":[{"href":"https:\/\/roveyayinevi.com.tr\/index.php\/wp-json\/wp\/v2\/types\/product"}],"wp:attachment":[{"href":"https:\/\/roveyayinevi.com.tr\/index.php\/wp-json\/wp\/v2\/media?parent=689084"}],"wp:term":[{"taxonomy":"product_brand","embeddable":true,"href":"https:\/\/roveyayinevi.com.tr\/index.php\/wp-json\/wp\/v2\/product_brand?post=689084"},{"taxonomy":"product_cat","embeddable":true,"href":"https:\/\/roveyayinevi.com.tr\/index.php\/wp-json\/wp\/v2\/product_cat?post=689084"},{"taxonomy":"product_tag","embeddable":true,"href":"https:\/\/roveyayinevi.com.tr\/index.php\/wp-json\/wp\/v2\/product_tag?post=689084"}],"curies":[{"name":"wp","href":"https:\/\/api.w.org\/{rel}","templated":true}]}}