{"id":689072,"date":"2025-08-27T13:09:40","date_gmt":"2025-08-27T10:09:40","guid":{"rendered":"https:\/\/roveyayinevi.com.tr\/index.php\/urun\/kimse-size-engel-olamaz\/"},"modified":"2026-04-16T01:58:44","modified_gmt":"2026-04-15T22:58:44","slug":"kimse-size-engel-olamaz","status":"publish","type":"product","link":"https:\/\/roveyayinevi.com.tr\/index.php\/urun\/kimse-size-engel-olamaz\/","title":{"rendered":"Kimse Size Engel Olamaz!"},"content":{"rendered":"<p>\u0130nsan nas\u0131l olur da tekerlekli sandalyede ya\u015far? Zihinsel \u00f6z\u00fcrl\u00fc bir k\u0131z karde\u015f ile ne payla\u015fabilirsin? Fel\u00e7li bir ki\u015fi geli\u015fimini tamamlayabilir mi? S\u0131n\u0131f\u0131nda, g\u00f6zleri g\u00f6rmeyen bir arkada\u015f\u0131n var. Sen bunun bir \u00e7e\u015fit haks\u0131zl\u0131k oldu\u011funu d\u00fc\u015f\u00fcn\u00fcyor ve onunla konu\u015fmaya \u00e7ekiniyorsun. Peki, engelli olmak ne demektir? Birlikte nas\u0131l ya\u015fayabiliriz? <\/p>\n","protected":false},"excerpt":{"rendered":"<p>\u0130nsan nas\u0131l olur da tekerlekli sandalyede ya\u015far? Zihinsel \u00f6z\u00fcrl\u00fc bir k\u0131z karde\u015f ile ne payla\u015fabilirsin? Fel\u00e7li bir ki\u015fi geli\u015fimini tamamlayabilir mi? S\u0131n\u0131f\u0131nda, g\u00f6zleri g\u00f6rmeyen bir arkada\u015f\u0131n<span class=\"excerpt-hellip\"> [\u2026]<\/span><\/p>\n","protected":false},"featured_media":0,"template":"","meta":{"_monsterinsights_skip_tracking":false,"_monsterinsights_sitenote_active":false,"_monsterinsights_sitenote_note":"","_monsterinsights_sitenote_category":0},"product_brand":[],"product_cat":[12291,12711],"product_tag":[],"class_list":{"0":"post-689072","1":"product","2":"type-product","3":"status-publish","5":"product_cat-edebiyat","6":"product_cat-roman-oyku","7":"pa_tur-kitap","8":"pa_yayinevi-genc-timas","9":"pa_yazar-sophie-lebot","11":"first","12":"instock","13":"sale","14":"shipping-taxable","15":"purchasable","16":"product-type-simple"},"_links":{"self":[{"href":"https:\/\/roveyayinevi.com.tr\/index.php\/wp-json\/wp\/v2\/product\/689072","targetHints":{"allow":["GET"]}}],"collection":[{"href":"https:\/\/roveyayinevi.com.tr\/index.php\/wp-json\/wp\/v2\/product"}],"about":[{"href":"https:\/\/roveyayinevi.com.tr\/index.php\/wp-json\/wp\/v2\/types\/product"}],"wp:attachment":[{"href":"https:\/\/roveyayinevi.com.tr\/index.php\/wp-json\/wp\/v2\/media?parent=689072"}],"wp:term":[{"taxonomy":"product_brand","embeddable":true,"href":"https:\/\/roveyayinevi.com.tr\/index.php\/wp-json\/wp\/v2\/product_brand?post=689072"},{"taxonomy":"product_cat","embeddable":true,"href":"https:\/\/roveyayinevi.com.tr\/index.php\/wp-json\/wp\/v2\/product_cat?post=689072"},{"taxonomy":"product_tag","embeddable":true,"href":"https:\/\/roveyayinevi.com.tr\/index.php\/wp-json\/wp\/v2\/product_tag?post=689072"}],"curies":[{"name":"wp","href":"https:\/\/api.w.org\/{rel}","templated":true}]}}