{"id":689068,"date":"2025-08-27T13:09:39","date_gmt":"2025-08-27T10:09:39","guid":{"rendered":"https:\/\/roveyayinevi.com.tr\/index.php\/urun\/islam-uygarliklari-tarihi-cilt-1\/"},"modified":"2026-03-16T20:56:27","modified_gmt":"2026-03-16T17:56:27","slug":"islam-uygarliklari-tarihi-cilt-1","status":"publish","type":"product","link":"https:\/\/roveyayinevi.com.tr\/index.php\/urun\/islam-uygarliklari-tarihi-cilt-1\/","title":{"rendered":"\u0130slam Uygarl\u0131klar\u0131 Tarihi Cilt 1"},"content":{"rendered":"<p>L\u00fcblanl\u0131 Ortodoks bir aileden gelen Corci Zeydan 19. y\u00fczy\u0131l\u0131n en \u00f6nemli \u0130slam tarihi,dil ve k\u00fclt\u00fcr\u00fc ara\u015ft\u0131rmac\u0131lar\u0131ndan biriydi. \u0130ngilizce, Latince, Frans\u0131zca, Almanca, \u0130branice ve S\u00fcryanice dillerini \u00f6\u011frenen Zeydan, tarihin d\u0131\u015f\u0131nda Arap dili ve edebiyat\u0131 konusunda da bir\u00e7ok eser verdi. \u0130slam tarihinin, a\u011f\u0131rl\u0131kl\u0131 olarak da Osmanl\u0131 \u00f6ncesi d\u00f6nemin ele al\u0131nd\u0131\u011f\u0131 bu \u00fcnl\u00fc eserinde Corci Zeydan, islam uygarl\u0131\u011f\u0131 ve Arap halklar\u0131 konusunda hayli zengin bir kaynak sunuyor. G\u00fcn\u00fcm\u00fczde klasik bir \u0130slam uygarl\u0131\u011f\u0131 tarihi olarak kabul edilen bu kitap, Bat\u0131 dilerinin yan\u0131nda, Fars\u00e7a ve Urduca\u2019ya da \u00e7evrildi. Oxford \u00dcniversitesi\u2019nden T\u00fcrkiye\u2019deki ilahiyat fak\u00fcltelerine kadar, bir\u00e7ok \u00fcniversitede bir asra yak\u0131n s\u00fcredir ders kitab\u0131 olarak okutulmaktad\u0131r&#8230; \ufffcTan\u0131t\u0131m Metni<\/p>\n","protected":false},"excerpt":{"rendered":"<p>L\u00fcblanl\u0131 Ortodoks bir aileden gelen Corci Zeydan 19. y\u00fczy\u0131l\u0131n en \u00f6nemli \u0130slam tarihi,dil ve k\u00fclt\u00fcr\u00fc ara\u015ft\u0131rmac\u0131lar\u0131ndan biriydi. \u0130ngilizce, Latince, Frans\u0131zca, Almanca, \u0130branice ve S\u00fcryanice dillerini \u00f6\u011frenen<span class=\"excerpt-hellip\"> [\u2026]<\/span><\/p>\n","protected":false},"featured_media":0,"template":"","meta":{"_monsterinsights_skip_tracking":false,"_monsterinsights_sitenote_active":false,"_monsterinsights_sitenote_note":"","_monsterinsights_sitenote_category":0},"product_brand":[],"product_cat":[13036,12718,12719],"product_tag":[],"class_list":{"0":"post-689068","1":"product","2":"type-product","3":"status-publish","5":"product_cat-arastirma-inceleme-islam","6":"product_cat-din","7":"product_cat-islam","8":"pa_cilt-ciltsiz","9":"pa_tur-kitap","10":"pa_yayinevi-iletisim-yayinlari","11":"pa_yazar-corci-zeydan","13":"first","14":"instock","15":"sale","16":"shipping-taxable","17":"purchasable","18":"product-type-simple"},"_links":{"self":[{"href":"https:\/\/roveyayinevi.com.tr\/index.php\/wp-json\/wp\/v2\/product\/689068","targetHints":{"allow":["GET"]}}],"collection":[{"href":"https:\/\/roveyayinevi.com.tr\/index.php\/wp-json\/wp\/v2\/product"}],"about":[{"href":"https:\/\/roveyayinevi.com.tr\/index.php\/wp-json\/wp\/v2\/types\/product"}],"wp:attachment":[{"href":"https:\/\/roveyayinevi.com.tr\/index.php\/wp-json\/wp\/v2\/media?parent=689068"}],"wp:term":[{"taxonomy":"product_brand","embeddable":true,"href":"https:\/\/roveyayinevi.com.tr\/index.php\/wp-json\/wp\/v2\/product_brand?post=689068"},{"taxonomy":"product_cat","embeddable":true,"href":"https:\/\/roveyayinevi.com.tr\/index.php\/wp-json\/wp\/v2\/product_cat?post=689068"},{"taxonomy":"product_tag","embeddable":true,"href":"https:\/\/roveyayinevi.com.tr\/index.php\/wp-json\/wp\/v2\/product_tag?post=689068"}],"curies":[{"name":"wp","href":"https:\/\/api.w.org\/{rel}","templated":true}]}}