{"id":689062,"date":"2025-08-27T13:09:38","date_gmt":"2025-08-27T10:09:38","guid":{"rendered":"https:\/\/roveyayinevi.com.tr\/index.php\/urun\/gul-yarasi\/"},"modified":"2026-04-16T01:58:44","modified_gmt":"2026-04-15T22:58:44","slug":"gul-yarasi","status":"publish","type":"product","link":"https:\/\/roveyayinevi.com.tr\/index.php\/urun\/gul-yarasi\/","title":{"rendered":"G\u00fcl Yaras\u0131"},"content":{"rendered":"<p>\ufffcGe\u00e7im s\u0131k\u0131nt\u0131s\u0131 i\u00e7indeki bir ailenin biricik k\u0131zlar\u0131 Yasemen, garip bir \u015fekilde ortadan kaybolur. Ailesi peri\u015fan olmu\u015ftur.Uzun y\u0131llar boyunca k\u0131zlar\u0131n\u0131 aramalar\u0131na ra\u011fmen bulamazlar, ta ki kaderin garip bir cilvesi onlara g\u00fclen y\u00fcz\u00fcn\u00fc g\u00f6sterene kadar&#8230;Yasemen, k\u00fc\u00e7\u00fcc\u00fck ya\u015f\u0131na ra\u011fmen yaln\u0131z ba\u015f\u0131na hayatta kalmaya \u00e7al\u0131\u015fan bir \u00e7ocu\u011fun zaman zaman h\u00fcz\u00fcn, zaman zaman ne\u015fe dolu hik\u00e2yesi&#8230;<\/p>\n","protected":false},"excerpt":{"rendered":"<p>\ufffcGe\u00e7im s\u0131k\u0131nt\u0131s\u0131 i\u00e7indeki bir ailenin biricik k\u0131zlar\u0131 Yasemen, garip bir \u015fekilde ortadan kaybolur. Ailesi peri\u015fan olmu\u015ftur.Uzun y\u0131llar boyunca k\u0131zlar\u0131n\u0131 aramalar\u0131na ra\u011fmen bulamazlar, ta ki kaderin garip<span class=\"excerpt-hellip\"> [\u2026]<\/span><\/p>\n","protected":false},"featured_media":0,"template":"","meta":{"_monsterinsights_skip_tracking":false,"_monsterinsights_sitenote_active":false,"_monsterinsights_sitenote_note":"","_monsterinsights_sitenote_category":0},"product_brand":[],"product_cat":[12274,12284],"product_tag":[],"class_list":{"0":"post-689062","1":"product","2":"type-product","3":"status-publish","5":"product_cat-cocuk-ve-genclik-kitaplari","6":"product_cat-hikayeler","7":"pa_cilt-ciltsiz","8":"pa_tur-kitap","9":"pa_yayinevi-genc-timas","10":"pa_yazar-hasan-nail-canat","12":"first","13":"instock","14":"sale","15":"shipping-taxable","16":"purchasable","17":"product-type-simple"},"_links":{"self":[{"href":"https:\/\/roveyayinevi.com.tr\/index.php\/wp-json\/wp\/v2\/product\/689062","targetHints":{"allow":["GET"]}}],"collection":[{"href":"https:\/\/roveyayinevi.com.tr\/index.php\/wp-json\/wp\/v2\/product"}],"about":[{"href":"https:\/\/roveyayinevi.com.tr\/index.php\/wp-json\/wp\/v2\/types\/product"}],"wp:attachment":[{"href":"https:\/\/roveyayinevi.com.tr\/index.php\/wp-json\/wp\/v2\/media?parent=689062"}],"wp:term":[{"taxonomy":"product_brand","embeddable":true,"href":"https:\/\/roveyayinevi.com.tr\/index.php\/wp-json\/wp\/v2\/product_brand?post=689062"},{"taxonomy":"product_cat","embeddable":true,"href":"https:\/\/roveyayinevi.com.tr\/index.php\/wp-json\/wp\/v2\/product_cat?post=689062"},{"taxonomy":"product_tag","embeddable":true,"href":"https:\/\/roveyayinevi.com.tr\/index.php\/wp-json\/wp\/v2\/product_tag?post=689062"}],"curies":[{"name":"wp","href":"https:\/\/api.w.org\/{rel}","templated":true}]}}