{"id":689060,"date":"2025-08-27T13:09:38","date_gmt":"2025-08-27T10:09:38","guid":{"rendered":"https:\/\/roveyayinevi.com.tr\/index.php\/urun\/gurbuz-ve-yavuz-evlatlar-erken-cumhuriyette-beden-terbiyesi-ve-spor\/"},"modified":"2026-02-03T02:00:14","modified_gmt":"2026-02-02T23:00:14","slug":"gurbuz-ve-yavuz-evlatlar-erken-cumhuriyette-beden-terbiyesi-ve-spor","status":"publish","type":"product","link":"https:\/\/roveyayinevi.com.tr\/index.php\/urun\/gurbuz-ve-yavuz-evlatlar-erken-cumhuriyette-beden-terbiyesi-ve-spor\/","title":{"rendered":"G\u00fcrb\u00fcz ve Yavuz Evlatlar : Erken Cumhuriyet&#8217;te Beden Terbiyesi ve Spor"},"content":{"rendered":"<p>G\u00fcn\u00fcm\u00fczde e\u011flence end\u00fcstrisinin dev bir kolu olarak \u00f6ne \u00e7\u0131kan spor, 20. y\u00fczy\u0131l ortalar\u0131na kadar, a\u011f\u0131rl\u0131kl\u0131 olarak ba\u015fka bir i\u015fleve sahipti. Biyo-politika i\u015fleviyle bu; modern devletin n\u00fcfusu ve hayat\u0131 y\u00f6netme projesinin bir boyutuydu. Bu kitap, T\u00fcrkiye\u2019de \u2018Erken Cumhuriyet\u2019 d\u00f6neminde bu politikan\u0131n nas\u0131l i\u015fledi\u011fini inceliyor. Yeni T\u00fcrkiye devletinin beden terbiyesi ve spora y\u00fckledi\u011fi i\u015flevleri ortaya koyuyor: Sosyal devletin geli\u015fmesinin bir boyutu&#8230; N\u00fcfus ve sa\u011fl\u0131k politikalar\u0131n\u0131n bir par\u00e7as\u0131&#8230; \u00d6jenik hedefler (\u0131rk h\u0131fz\u0131ss\u0131hhas\u0131)&#8230; Bir sosyal disiplin y\u00f6ntemi&#8230; Toplumun militaristle\u015ftirilmesinin bir arac\u0131&#8230; B\u00f6ylesi misyonlar\u0131n y\u00fcklemesiyle neredeyse bir vatanda\u015fl\u0131k g\u00f6revi gibi telkin edilen beden terbiyesi ve spor faaliyetlerinin \u00f6rg\u00fctlenmesine, \u2018Erken Cumhuriyet\u2019 d\u00f6neminde ne denli n\u00f6nem verildi\u011fini kitapta g\u00f6r\u00fcyoruz. Kurumla\u015fmada, bir yandan Sovyet, di\u011fer yandan -daha b\u00fcy\u00fck a\u011f\u0131rl\u0131kla- fa\u015fist gen\u00e7lik \u00f6rg\u00fctlenmelerinde al\u0131nan ilhamlara da dikkat \u00e7ekiliyor. D\u00f6nemin spor politikas\u0131n\u0131n \u00f6nemli bir \u00f6zelli\u011fi de, rekabete dayal\u0131 sporlar\u0131n, \u00f6zellikle futbolun horlanmas\u0131! Ne var ki bu fiziki k\u00fclt\u00fcr politikas\u0131n\u0131n ba\u015far\u0131s\u0131zl\u0131klar\u0131ndan, maddi ve \u00f6rg\u00fctsel altyap\u0131n\u0131n yetersizli\u011fi yan\u0131nda, sporun oyun ve rekabet\u00e7i yan\u0131n\u0131 temsil eden unsurlar\u0131n hevessizli\u011finin de pay\u0131 var. Yi\u011fit Ak\u0131n bu m\u00fckemmel incelemesinde, T\u00fcrkiye\u2019deki fiziki k\u00fclt\u00fcr politikalar\u0131nda \u0130ttihat-Terakki d\u00f6nemi ile Cumhuriyet aras\u0131ndaki s\u00fcreklili\u011fin g\u00f6zard\u0131 edilmemesi gere\u011fini hat\u0131rlat\u0131rken, spor tarih\u00e7ili\u011finin yerle\u015fik yakla\u015f\u0131mlar\u0131n\u0131 ve d\u00f6nemleme kal\u0131plar\u0131n\u0131 da sorguluyor. \ufffcTan\u0131t\u0131m Metni<\/p>\n","protected":false},"excerpt":{"rendered":"<p>G\u00fcn\u00fcm\u00fczde e\u011flence end\u00fcstrisinin dev bir kolu olarak \u00f6ne \u00e7\u0131kan spor, 20. y\u00fczy\u0131l ortalar\u0131na kadar, a\u011f\u0131rl\u0131kl\u0131 olarak ba\u015fka bir i\u015fleve sahipti. Biyo-politika i\u015fleviyle bu; modern devletin n\u00fcfusu<span class=\"excerpt-hellip\"> [\u2026]<\/span><\/p>\n","protected":false},"featured_media":0,"template":"","meta":{"_monsterinsights_skip_tracking":false,"_monsterinsights_sitenote_active":false,"_monsterinsights_sitenote_note":"","_monsterinsights_sitenote_category":0},"product_brand":[],"product_cat":[12312,12304],"product_tag":[],"class_list":{"0":"post-689060","1":"product","2":"type-product","3":"status-publish","5":"product_cat-diger","6":"product_cat-tarih","7":"pa_cilt-ciltsiz","8":"pa_tur-kitap","9":"pa_yayinevi-iletisim-yayinlari","10":"pa_yazar-yigit-akin","12":"first","13":"instock","14":"sale","15":"shipping-taxable","16":"purchasable","17":"product-type-simple"},"_links":{"self":[{"href":"https:\/\/roveyayinevi.com.tr\/index.php\/wp-json\/wp\/v2\/product\/689060","targetHints":{"allow":["GET"]}}],"collection":[{"href":"https:\/\/roveyayinevi.com.tr\/index.php\/wp-json\/wp\/v2\/product"}],"about":[{"href":"https:\/\/roveyayinevi.com.tr\/index.php\/wp-json\/wp\/v2\/types\/product"}],"wp:attachment":[{"href":"https:\/\/roveyayinevi.com.tr\/index.php\/wp-json\/wp\/v2\/media?parent=689060"}],"wp:term":[{"taxonomy":"product_brand","embeddable":true,"href":"https:\/\/roveyayinevi.com.tr\/index.php\/wp-json\/wp\/v2\/product_brand?post=689060"},{"taxonomy":"product_cat","embeddable":true,"href":"https:\/\/roveyayinevi.com.tr\/index.php\/wp-json\/wp\/v2\/product_cat?post=689060"},{"taxonomy":"product_tag","embeddable":true,"href":"https:\/\/roveyayinevi.com.tr\/index.php\/wp-json\/wp\/v2\/product_tag?post=689060"}],"curies":[{"name":"wp","href":"https:\/\/api.w.org\/{rel}","templated":true}]}}